{"id":1701,"date":"2025-09-14T17:22:17","date_gmt":"2025-09-14T16:22:17","guid":{"rendered":"https:\/\/hub.solacelung.eu\/kabul-edilebilir-kullanim-politikasi\/"},"modified":"2025-10-14T17:36:48","modified_gmt":"2025-10-14T16:36:48","slug":"kabul-edilebilir-kullanim-politikasi","status":"publish","type":"page","link":"https:\/\/hub.solacelung.eu\/tr\/kabul-edilebilir-kullanim-politikasi\/","title":{"rendered":"Kabul Edilebilir Kullan\u0131m Politikas\u0131"},"content":{"rendered":"<div class=\"site-padding\">\n<p>Bu Kabul Edilebilir Kullan\u0131m Politikas\u0131, Lungs Europe taraf\u0131ndan i\u015fletilen hub.solacelung.eu (&#8220;Bilgi Merkezi&#8221;) sitesinin kullan\u0131m\u0131na ili\u015fkin kurallar\u0131 belirlemektedir. Siteyi kullanarak, H\u00fck\u00fcm ve Ko\u015fullar\u0131m\u0131z\u0131 tamamlayan bu politikay\u0131 kabul etmi\u015f olursunuz. <\/p>\n<\/div><div class=\"site-padding\">\n<p><strong>1. Yasaklanm\u0131\u015f Kullan\u0131mlar<\/strong><\/p>\n<\/div><div class=\"site-padding\">\n<p>Siteyi kullanamazs\u0131n\u0131z:<br\/>&#8211; Y\u00fcr\u00fcrl\u00fckteki yasalar\u0131 veya d\u00fczenlemeleri ihlal eden herhangi bir \u015fekilde<br\/>&#8211; Yasad\u0131\u015f\u0131 veya hileli ama\u00e7lar i\u00e7in<br\/>&#8211; K\u00fc\u00e7\u00fcklere zarar vermek veya onlar\u0131 istismar etmek i\u00e7in<br\/>&#8211; Vir\u00fcs veya di\u011fer zararl\u0131 kodlar\u0131 iletmek veya y\u00fcklemek i\u00e7in<br\/>&#8211; \u0130stenmeyen reklam veya spam g\u00f6ndermek i\u00e7in<br\/>&#8211; Ko\u015fullar\u0131m\u0131z\u0131 ihlal eden herhangi bir i\u00e7eri\u011fi \u00e7o\u011faltmak, \u00e7o\u011faltmak veya kopyalamak i\u00e7in<\/p>\n<\/div><div class=\"site-padding\">\n<p>Sitenin, sunucular\u0131n veya siteye ba\u011fl\u0131 a\u011flar\u0131n \u00e7al\u0131\u015fmas\u0131na m\u00fcdahale edemezsiniz.<\/p>\n<\/div><div class=\"site-padding\">\n<p><strong>2. \u0130nteraktif Hizmetler<\/strong><\/p>\n<\/div><div class=\"site-padding\">\n<p>Etkile\u015fimli ara\u00e7lar veya forumlar sa\u011fland\u0131\u011f\u0131nda, varsa moderasyonun niteli\u011fini a\u00e7\u0131k\u00e7a belirtece\u011fiz. Bu t\u00fcr hizmetlerin re\u015fit olmayanlar taraf\u0131ndan kullan\u0131m\u0131 bir ebeveyn veya vasi taraf\u0131ndan denetlenmelidir. Kullan\u0131c\u0131 taraf\u0131ndan olu\u015fturulan herhangi bir i\u00e7erikten veya sonu\u00e7lar\u0131ndan sorumlu de\u011filiz.  <\/p>\n<\/div><div class=\"site-padding\">\n<p><strong>3. \u0130\u00e7erik Standartlar\u0131<\/strong><\/p>\n<\/div><div class=\"site-padding\">\n<p>Katk\u0131lar:<br\/>&#8211; Do\u011fru olmal\u0131d\u0131r (ger\u00e7eklere dayal\u0131 oldu\u011funda)<br\/>&#8211; Ger\u00e7ekten d\u00fc\u015f\u00fcn\u00fclm\u00fc\u015f olmal\u0131d\u0131r (g\u00f6r\u00fc\u015fe dayal\u0131 oldu\u011funda)<br\/>&#8211; Y\u00fcr\u00fcrl\u00fckteki yasalara uygun olmal\u0131d\u0131r<br\/>Katk\u0131lar:<br\/>&#8211; \u0130ftira niteli\u011finde, m\u00fcstehcen, nefret dolu veya k\u0131\u015fk\u0131rt\u0131c\u0131 olmamal\u0131d\u0131r<br\/>&#8211; \u015eiddeti veya ayr\u0131mc\u0131l\u0131\u011f\u0131 te\u015fvik etmemelidir<br\/>&#8211; Fikri m\u00fclkiyeti ihlal etmemelidir<br\/>&#8211; Ba\u015fkalar\u0131n\u0131 yanl\u0131\u015f y\u00f6nlendirmemeli veya gizlili\u011fi ihlal etmemelidir<br\/>&#8211; Ba\u015fkalar\u0131n\u0131 taciz etmemeli, istismar etmemeli veya korkutmamal\u0131d\u0131r<br\/>&#8211; Herhangi bir ki\u015finin kimli\u011fine b\u00fcr\u00fcnmemeli veya ili\u015fkisini yanl\u0131\u015f beyan etmemelidir<\/p>\n<\/div><div class=\"site-padding\">\n<p><strong>4. Y\u00fcr\u00fcrl\u00fck<\/strong><\/p>\n<\/div><div class=\"site-padding\">\n<p>\u0130hlaller i\u00e7in a\u015fa\u011f\u0131dakiler de dahil olmak \u00fczere uygun g\u00f6rd\u00fc\u011f\u00fcm\u00fcz her t\u00fcrl\u00fc i\u015flemi yapabiliriz:<br\/>&#8211; \u0130\u00e7eri\u011fin kald\u0131r\u0131lmas\u0131<br\/>&#8211; Eri\u015fimin k\u0131s\u0131tlanmas\u0131<br\/>&#8211; Yasal i\u015flem<br\/>&#8211; Yetkililere bildirme<br\/>Politika ihlallerine yan\u0131t olarak al\u0131nan \u00f6nlemler i\u00e7in sorumluluk kabul etmiyoruz.<\/p>\n<\/div><div class=\"site-padding\">\n<p><strong>5. Bu Politikadaki De\u011fi\u015fiklikler<\/strong><\/p>\n<\/div><div class=\"site-padding\">\n<p>Bu politikay\u0131 istedi\u011fimiz zaman g\u00fcncelleyebiliriz. Herhangi bir de\u011fi\u015fiklikten haberdar olmak i\u00e7in l\u00fctfen d\u00fczenli olarak g\u00f6zden ge\u00e7irin. <\/p>\n<\/div><div class=\"site-padding\">\n<p><strong>6. \u0130leti\u015fim<\/strong><\/p>\n<\/div><div class=\"site-padding\">\n<p>Her t\u00fcrl\u00fc soru veya endi\u015feniz i\u00e7in info@europeanlung.org adresiyle ileti\u015fime ge\u00e7in.<\/p>\n<\/div>","protected":false},"excerpt":{"rendered":"<p>Bu Kabul Edilebilir Kullan\u0131m Politikas\u0131, Lungs Europe taraf\u0131ndan i\u015fletilen hub.solacelung.eu (&#8220;Bilgi Merkezi&#8221;) sitesinin kullan\u0131m\u0131na ili\u015fkin kurallar\u0131 belirlemektedir. Siteyi kullanarak, H\u00fck\u00fcm ve Ko\u015fullar\u0131m\u0131z\u0131 tamamlayan bu politikay\u0131 kabul etmi\u015f olursunuz. 1. Yasaklanm\u0131\u015f Kullan\u0131mlar Siteyi kullanamazs\u0131n\u0131z:&#8211; Y\u00fcr\u00fcrl\u00fckteki yasalar\u0131 veya d\u00fczenlemeleri ihlal eden herhangi bir \u015fekilde&#8211; Yasad\u0131\u015f\u0131 veya hileli ama\u00e7lar i\u00e7in&#8211; K\u00fc\u00e7\u00fcklere zarar vermek veya onlar\u0131 istismar etmek i\u00e7in&#8211; [&hellip;]<\/p>\n","protected":false},"author":1,"featured_media":0,"parent":0,"menu_order":0,"comment_status":"closed","ping_status":"closed","template":"","meta":{"_acf_changed":false,"footnotes":""},"class_list":["post-1701","page","type-page","status-publish","hentry"],"acf":[],"yoast_head":"<!-- This site is optimized with the Yoast SEO plugin v25.9 - https:\/\/yoast.com\/wordpress\/plugins\/seo\/ -->\n<title>Kabul Edilebilir Kullan\u0131m Politikas\u0131 - Solace<\/title>\n<meta name=\"description\" content=\"SOLACE Knowledge Hub - The lung cancer screening resource for the public and professionals.\" \/>\n<meta name=\"robots\" content=\"index, follow, max-snippet:-1, max-image-preview:large, max-video-preview:-1\" \/>\n<link rel=\"canonical\" href=\"https:\/\/hub.solacelung.eu\/tr\/kabul-edilebilir-kullanim-politikasi\/\" \/>\n<meta property=\"og:locale\" content=\"tr_TR\" \/>\n<meta property=\"og:type\" content=\"article\" \/>\n<meta property=\"og:title\" content=\"Kabul Edilebilir Kullan\u0131m Politikas\u0131 - Solace\" \/>\n<meta property=\"og:description\" content=\"SOLACE Knowledge Hub - The lung cancer screening resource for the public and professionals.\" \/>\n<meta property=\"og:url\" content=\"https:\/\/hub.solacelung.eu\/tr\/kabul-edilebilir-kullanim-politikasi\/\" \/>\n<meta property=\"og:site_name\" content=\"Solace\" \/>\n<meta property=\"article:modified_time\" content=\"2025-10-14T16:36:48+00:00\" \/>\n<meta property=\"og:image\" content=\"https:\/\/hub.solacelung.eu\/wp-content\/uploads\/2025\/08\/shutterstock_1998552674.jpg\" \/>\n\t<meta property=\"og:image:width\" content=\"1000\" \/>\n\t<meta property=\"og:image:height\" content=\"667\" \/>\n\t<meta property=\"og:image:type\" content=\"image\/jpeg\" \/>\n<meta name=\"twitter:card\" content=\"summary_large_image\" \/>\n<meta name=\"twitter:label1\" content=\"Tahmini okuma s\u00fcresi\" \/>\n\t<meta name=\"twitter:data1\" content=\"2 dakika\" \/>\n<script type=\"application\/ld+json\" class=\"yoast-schema-graph\">{\"@context\":\"https:\/\/schema.org\",\"@graph\":[{\"@type\":\"WebPage\",\"@id\":\"https:\/\/hub.solacelung.eu\/tr\/kabul-edilebilir-kullanim-politikasi\/\",\"url\":\"https:\/\/hub.solacelung.eu\/tr\/kabul-edilebilir-kullanim-politikasi\/\",\"name\":\"Kabul Edilebilir Kullan\u0131m Politikas\u0131 - Solace\",\"isPartOf\":{\"@id\":\"https:\/\/hub.solacelung.eu\/tr\/#website\"},\"datePublished\":\"2025-09-14T16:22:17+00:00\",\"dateModified\":\"2025-10-14T16:36:48+00:00\",\"description\":\"SOLACE Knowledge Hub - The lung cancer screening resource for the public and professionals.\",\"breadcrumb\":{\"@id\":\"https:\/\/hub.solacelung.eu\/tr\/kabul-edilebilir-kullanim-politikasi\/#breadcrumb\"},\"inLanguage\":\"tr\",\"potentialAction\":[{\"@type\":\"ReadAction\",\"target\":[\"https:\/\/hub.solacelung.eu\/tr\/kabul-edilebilir-kullanim-politikasi\/\"]}]},{\"@type\":\"BreadcrumbList\",\"@id\":\"https:\/\/hub.solacelung.eu\/tr\/kabul-edilebilir-kullanim-politikasi\/#breadcrumb\",\"itemListElement\":[{\"@type\":\"ListItem\",\"position\":1,\"name\":\"Home\",\"item\":\"https:\/\/hub.solacelung.eu\/tr\/\"},{\"@type\":\"ListItem\",\"position\":2,\"name\":\"Kabul Edilebilir Kullan\u0131m Politikas\u0131\"}]},{\"@type\":\"WebSite\",\"@id\":\"https:\/\/hub.solacelung.eu\/tr\/#website\",\"url\":\"https:\/\/hub.solacelung.eu\/tr\/\",\"name\":\"Solace\",\"description\":\"Solace\",\"publisher\":{\"@id\":\"https:\/\/hub.solacelung.eu\/tr\/#organization\"},\"potentialAction\":[{\"@type\":\"SearchAction\",\"target\":{\"@type\":\"EntryPoint\",\"urlTemplate\":\"https:\/\/hub.solacelung.eu\/tr\/?s={search_term_string}\"},\"query-input\":{\"@type\":\"PropertyValueSpecification\",\"valueRequired\":true,\"valueName\":\"search_term_string\"}}],\"inLanguage\":\"tr\"},{\"@type\":\"Organization\",\"@id\":\"https:\/\/hub.solacelung.eu\/tr\/#organization\",\"name\":\"Solace\",\"url\":\"https:\/\/hub.solacelung.eu\/tr\/\",\"logo\":{\"@type\":\"ImageObject\",\"inLanguage\":\"tr\",\"@id\":\"https:\/\/hub.solacelung.eu\/tr\/#\/schema\/logo\/image\/\",\"url\":\"\",\"contentUrl\":\"\",\"caption\":\"Solace\"},\"image\":{\"@id\":\"https:\/\/hub.solacelung.eu\/tr\/#\/schema\/logo\/image\/\"},\"sameAs\":[\"https:\/\/www.linkedin.com\/company\/105992869\/admin\/dashboard\/\"]}]}<\/script>\n<!-- \/ Yoast SEO plugin. -->","yoast_head_json":{"title":"Kabul Edilebilir Kullan\u0131m Politikas\u0131 - Solace","description":"SOLACE Knowledge Hub - The lung cancer screening resource for the public and professionals.","robots":{"index":"index","follow":"follow","max-snippet":"max-snippet:-1","max-image-preview":"max-image-preview:large","max-video-preview":"max-video-preview:-1"},"canonical":"https:\/\/hub.solacelung.eu\/tr\/kabul-edilebilir-kullanim-politikasi\/","og_locale":"tr_TR","og_type":"article","og_title":"Kabul Edilebilir Kullan\u0131m Politikas\u0131 - Solace","og_description":"SOLACE Knowledge Hub - The lung cancer screening resource for the public and professionals.","og_url":"https:\/\/hub.solacelung.eu\/tr\/kabul-edilebilir-kullanim-politikasi\/","og_site_name":"Solace","article_modified_time":"2025-10-14T16:36:48+00:00","og_image":[{"width":1000,"height":667,"url":"https:\/\/hub.solacelung.eu\/wp-content\/uploads\/2025\/08\/shutterstock_1998552674.jpg","type":"image\/jpeg"}],"twitter_card":"summary_large_image","twitter_misc":{"Tahmini okuma s\u00fcresi":"2 dakika"},"schema":{"@context":"https:\/\/schema.org","@graph":[{"@type":"WebPage","@id":"https:\/\/hub.solacelung.eu\/tr\/kabul-edilebilir-kullanim-politikasi\/","url":"https:\/\/hub.solacelung.eu\/tr\/kabul-edilebilir-kullanim-politikasi\/","name":"Kabul Edilebilir Kullan\u0131m Politikas\u0131 - Solace","isPartOf":{"@id":"https:\/\/hub.solacelung.eu\/tr\/#website"},"datePublished":"2025-09-14T16:22:17+00:00","dateModified":"2025-10-14T16:36:48+00:00","description":"SOLACE Knowledge Hub - The lung cancer screening resource for the public and professionals.","breadcrumb":{"@id":"https:\/\/hub.solacelung.eu\/tr\/kabul-edilebilir-kullanim-politikasi\/#breadcrumb"},"inLanguage":"tr","potentialAction":[{"@type":"ReadAction","target":["https:\/\/hub.solacelung.eu\/tr\/kabul-edilebilir-kullanim-politikasi\/"]}]},{"@type":"BreadcrumbList","@id":"https:\/\/hub.solacelung.eu\/tr\/kabul-edilebilir-kullanim-politikasi\/#breadcrumb","itemListElement":[{"@type":"ListItem","position":1,"name":"Home","item":"https:\/\/hub.solacelung.eu\/tr\/"},{"@type":"ListItem","position":2,"name":"Kabul Edilebilir Kullan\u0131m Politikas\u0131"}]},{"@type":"WebSite","@id":"https:\/\/hub.solacelung.eu\/tr\/#website","url":"https:\/\/hub.solacelung.eu\/tr\/","name":"Solace","description":"Solace","publisher":{"@id":"https:\/\/hub.solacelung.eu\/tr\/#organization"},"potentialAction":[{"@type":"SearchAction","target":{"@type":"EntryPoint","urlTemplate":"https:\/\/hub.solacelung.eu\/tr\/?s={search_term_string}"},"query-input":{"@type":"PropertyValueSpecification","valueRequired":true,"valueName":"search_term_string"}}],"inLanguage":"tr"},{"@type":"Organization","@id":"https:\/\/hub.solacelung.eu\/tr\/#organization","name":"Solace","url":"https:\/\/hub.solacelung.eu\/tr\/","logo":{"@type":"ImageObject","inLanguage":"tr","@id":"https:\/\/hub.solacelung.eu\/tr\/#\/schema\/logo\/image\/","url":"","contentUrl":"","caption":"Solace"},"image":{"@id":"https:\/\/hub.solacelung.eu\/tr\/#\/schema\/logo\/image\/"},"sameAs":["https:\/\/www.linkedin.com\/company\/105992869\/admin\/dashboard\/"]}]}},"_links":{"self":[{"href":"https:\/\/hub.solacelung.eu\/tr\/wp-json\/wp\/v2\/pages\/1701","targetHints":{"allow":["GET"]}}],"collection":[{"href":"https:\/\/hub.solacelung.eu\/tr\/wp-json\/wp\/v2\/pages"}],"about":[{"href":"https:\/\/hub.solacelung.eu\/tr\/wp-json\/wp\/v2\/types\/page"}],"author":[{"embeddable":true,"href":"https:\/\/hub.solacelung.eu\/tr\/wp-json\/wp\/v2\/users\/1"}],"replies":[{"embeddable":true,"href":"https:\/\/hub.solacelung.eu\/tr\/wp-json\/wp\/v2\/comments?post=1701"}],"version-history":[{"count":1,"href":"https:\/\/hub.solacelung.eu\/tr\/wp-json\/wp\/v2\/pages\/1701\/revisions"}],"predecessor-version":[{"id":1702,"href":"https:\/\/hub.solacelung.eu\/tr\/wp-json\/wp\/v2\/pages\/1701\/revisions\/1702"}],"wp:attachment":[{"href":"https:\/\/hub.solacelung.eu\/tr\/wp-json\/wp\/v2\/media?parent=1701"}],"curies":[{"name":"wp","href":"https:\/\/api.w.org\/{rel}","templated":true}]}}