{"id":3459,"date":"2024-12-10T19:49:36","date_gmt":"2024-12-10T19:49:36","guid":{"rendered":"https:\/\/hub.solacelung.eu\/patienter\/"},"modified":"2025-10-17T19:04:47","modified_gmt":"2025-10-17T18:04:47","slug":"patienter","status":"publish","type":"page","link":"https:\/\/hub.solacelung.eu\/sv\/patienter\/","title":{"rendered":"Patienter"},"content":{"rendered":"    <div class=\"card-listing\">\n        <div class=\"page-width inner\">\n                                <article class=\"card\">\n    <div class=\"image\">\n        <img loading=\"lazy\" decoding=\"async\" width=\"748\" height=\"490\" src=\"https:\/\/hub.solacelung.eu\/wp-content\/uploads\/2025\/08\/shutterstock_2407626385-748x490.jpg\" class=\"attachment-card size-card\" alt=\"F\u00f6rebyggande \u00e5tg\u00e4rder\" srcset=\"https:\/\/hub.solacelung.eu\/wp-content\/uploads\/2025\/08\/shutterstock_2407626385-748x490.jpg 748w, https:\/\/hub.solacelung.eu\/wp-content\/uploads\/2025\/08\/shutterstock_2407626385-1920x1257.jpg 1920w\" sizes=\"auto, (max-width: 748px) 100vw, 748px\" \/>    <\/div>\n    <div class=\"content\">\n        <h2>F\u00f6rebyggande \u00e5tg\u00e4rder<\/h2>\n    <\/div>\n    <a href=\"https:\/\/hub.solacelung.eu\/sv\/patients\/lungcancer\/forebyggande-atgarder\/\">\n        <span class=\"vh\">View this post<\/span>\n    <\/a>\n<\/article>                                                <article class=\"card\">\n    <div class=\"image\">\n        <img loading=\"lazy\" decoding=\"async\" width=\"880\" height=\"464\" src=\"https:\/\/hub.solacelung.eu\/wp-content\/uploads\/2025\/08\/shutterstock_2463696293-880x464.jpg\" class=\"attachment-card size-card\" alt=\"Symptom\" srcset=\"https:\/\/hub.solacelung.eu\/wp-content\/uploads\/2025\/08\/shutterstock_2463696293-880x464.jpg 880w, https:\/\/hub.solacelung.eu\/wp-content\/uploads\/2025\/08\/shutterstock_2463696293.jpg 1000w\" sizes=\"auto, (max-width: 880px) 100vw, 880px\" \/>    <\/div>\n    <div class=\"content\">\n        <h2>Symptom<\/h2>\n    <\/div>\n    <a href=\"https:\/\/hub.solacelung.eu\/sv\/patients\/lungcancer\/symptom\/\">\n        <span class=\"vh\">View this post<\/span>\n    <\/a>\n<\/article>                                                <article class=\"card\">\n    <div class=\"image\">\n        <img loading=\"lazy\" decoding=\"async\" width=\"736\" height=\"490\" src=\"https:\/\/hub.solacelung.eu\/wp-content\/uploads\/2025\/08\/shutterstock_2469958347-736x490.jpg\" class=\"attachment-card size-card\" alt=\"Risker\" srcset=\"https:\/\/hub.solacelung.eu\/wp-content\/uploads\/2025\/08\/shutterstock_2469958347-736x490.jpg 736w, https:\/\/hub.solacelung.eu\/wp-content\/uploads\/2025\/08\/shutterstock_2469958347.jpg 1000w\" sizes=\"auto, (max-width: 736px) 100vw, 736px\" \/>    <\/div>\n    <div class=\"content\">\n        <h2>Risker<\/h2>\n    <\/div>\n    <a href=\"https:\/\/hub.solacelung.eu\/sv\/patients\/lungcancer\/risker\/\">\n        <span class=\"vh\">View this post<\/span>\n    <\/a>\n<\/article>                            <\/div>\n    <\/div>\n\n<div class=\"spacer background-vit Medium\"><\/div><div class=\"featured-card featured-card--image-left\">\n    <div class=\"inner page-width\">\n        <div class=\"featured-card__left\"\">\n                            <img decoding=\"async\" src=\" https:\/\/hub.solacelung.eu\/wp-content\/uploads\/2025\/07\/Untitled-design-9-e1682436451464-880x449.webp\" alt=\"An older male receiving a lung cancer screening scan.\" class=\"featured-card__image\" loading=\"lazy\" \/>\n        <\/div>\n    <div class=\"featured-card__right\"\">\n                            <h2 class=\" featured-card__title\">F\u00f6rdelar med screening f\u00f6r lungcancer  <\/h2>\n                <div class=\"featured-card__description\"><p class=\"p1\">Lungcancerscreening \u00e4r snabb, sm\u00e4rtfri och utformad f\u00f6r att ge dig sinnesfrid &#8211; eller f\u00e5nga upp problem tidigt n\u00e4r de \u00e4r l\u00e4ttare att behandla.<\/p>\n<\/div>\n                <a href=\"https:\/\/hub.solacelung.eu\/patients\/what-is-screening\/\" class=\"featured-card__link button primary\" target=\"\">Vad \u00e4r screening?<\/a>\n        <\/div>\n<\/div>\n<\/div>\n<div class=\"spacer background-vit Medium\"><\/div><div class=\"quiz-launcher \">\n    <div class=\"inner page-width\">\n        <div class=\"quiz-launcher__left\">\n            <div class=\"quiz-launcher__content\">\n                                    <h2 class=\"quiz-launcher__title\">\u00c4r jag ber\u00e4ttigad?<\/h2>\n                                                    <div class=\"quiz-launcher__description\"><p class=\"p1\">Svara p\u00e5 n\u00e5gra snabba fr\u00e5gor i v\u00e5rt test f\u00f6r att se om du \u00e4r ber\u00e4ttigad till screening f\u00f6r lungcancer.<\/p>\n<\/div>\n                            <\/div>\n            <button type=\"button\" class=\"quiz-launcher__button button primary\">Take the Test Now<\/button>\n                            <div class=\"quiz-launcher__quiz\" style=\"display:none;\">\n                    \t\t \t\t<script type=\"text\/javascript\" >\n\t\t\t  \tvar d = new Date();\n\t\t\t\td.setTime(d.getTime() + (24*3600*1000));\n\t\t\t\tvar expires = \"expires=\"+ d.toUTCString();     \t\t\t\t\n\t\t\t  \tdocument.cookie = \"chained_completion_id3=4030;\" + expires + \";path=\/\";\n\t\t\t  \t<\/script>\n\t\t\t\n\n<div class=\"chained-quiz\" id=\"chained-quiz-div-3\">\t<h2 class=\"questionTitle\">How old are you?<\/h2>\n\t<form method=\"post\" id=\"chained-quiz-form-3\">\n\t\t<div class=\"chained-quiz-area\" id=\"chained-quiz-wrap-3\">\n\t\t\t\t\t\t\t\t\t\n\t\t\t<div class=\"select-options\">\n\t\t\t\t<p>Select options<\/p>\n\t\t\t<\/div>\n\n\t\t\t<div class=\"chained-quiz-choices\" id=\"chained-quiz-choices-7\">\n\t\t\t\t<div class='chained-quiz-choice'><label class='chained-quiz-label'><input class='chained-quiz-frontend chained-quiz-radio' type='radio' name='answer' value='14' >  Under 55 years<\/label><\/div><div class='chained-quiz-choice'><label class='chained-quiz-label'><input class='chained-quiz-frontend chained-quiz-radio' type='radio' name='answer' value='15' >  55-74 years<\/label><\/div><div class='chained-quiz-choice'><label class='chained-quiz-label'><input class='chained-quiz-frontend chained-quiz-radio' type='radio' name='answer' value='16' > 75 years and over<\/label><\/div>\t\t\t<\/div>\n\n\t\t\t\n\t\t\t\n\t\t\t<div class=\"chained-quiz-action\" style='display:block'>\n\t\t\t\t<input type=\"button\" id=\"chained-quiz-action-3\" value=\"Next Question\" onclick=\"chainedQuiz.goon(3, 'https:\/\/hub.solacelung.eu\/wp-admin\/admin-ajax.php');\" disabled=\"true\">\n\t\t\t\t<img loading=\"lazy\" decoding=\"async\" src=\"https:\/\/hub.solacelung.eu\/wp-content\/plugins\/chained-quiz\/img\/loading.gif\" width=\"32\" height=\"32\" alt=\"Loading...\" style=\"display: none;\" id=\"chainedLoading\">\n\t\t\t<\/div>\n\t\t<\/div>\n\t\t<input type=\"hidden\" name=\"question_id\" value=\"7\">\n\t\t<input type=\"hidden\" name=\"quiz_id\" value=\"3\">\n\t\t<input type=\"hidden\" name=\"post_id\" value=\"3459\">\n\t\t<input type=\"hidden\" name=\"question_type\" value=\"radio\">\n\t\t<input type=\"hidden\" name=\"points\" value=\"0\">\n\t<\/form>\n\t\t<\/div>\n\t<script type=\"text\/javascript\">\n\t\tjQuery(function() {\n\t\t\tchainedQuiz.initializeQuestion(3);\n\t\t});\n\n\t\t\/\/ prevent enter key from reloading the form\n\t\tjQuery(document).ready(function() {\n\t\t\tjQuery(window).keydown(function(event) {\n\t\t\t\tif (event.keyCode == 13) {\n\t\t\t\t\tevent.preventDefault();\n\t\t\t\t\treturn false;\n\t\t\t\t}\n\t\t\t});\n\t\t});\n\t<\/script>                <\/div>\n                    <\/div>\n        <div class=\"quiz-launcher__right\">\n                            <img decoding=\"async\" src=\"https:\/\/hub.solacelung.eu\/wp-content\/uploads\/2025\/08\/Slide-1-cover-1-e1756578526366.png\" alt=\"A graphic showing a clipboard with ticks\" class=\"quiz-launcher__image\" \/>\n                    <\/div>\n    <\/div>\n<\/div>","protected":false},"excerpt":{"rendered":"","protected":false},"author":1,"featured_media":0,"parent":0,"menu_order":0,"comment_status":"closed","ping_status":"closed","template":"","meta":{"_acf_changed":false,"footnotes":""},"class_list":["post-3459","page","type-page","status-publish","hentry"],"acf":[],"yoast_head":"<!-- This site is optimized with the Yoast SEO plugin v25.9 - https:\/\/yoast.com\/wordpress\/plugins\/seo\/ -->\n<title>Tr\u00f6st<\/title>\n<meta name=\"description\" content=\"SOLACE Knowledge Hub - The lung cancer screening resource for the public and professionals.\" \/>\n<meta name=\"robots\" content=\"index, follow, max-snippet:-1, max-image-preview:large, max-video-preview:-1\" \/>\n<link rel=\"canonical\" href=\"https:\/\/hub.solacelung.eu\/sv\/patienter\/\" \/>\n<meta property=\"og:locale\" content=\"sv_SE\" \/>\n<meta property=\"og:type\" content=\"article\" \/>\n<meta property=\"og:title\" content=\"Tr\u00f6st\" \/>\n<meta property=\"og:description\" content=\"SOLACE Knowledge Hub - The lung cancer screening resource for the public and professionals.\" \/>\n<meta property=\"og:url\" content=\"https:\/\/hub.solacelung.eu\/sv\/patienter\/\" \/>\n<meta property=\"og:site_name\" content=\"Solace\" \/>\n<meta property=\"article:modified_time\" content=\"2025-10-17T18:04:47+00:00\" \/>\n<meta property=\"og:image\" content=\"https:\/\/hub.solacelung.eu\/wp-content\/uploads\/2025\/08\/shutterstock_1998552674.jpg\" \/>\n\t<meta property=\"og:image:width\" content=\"1000\" \/>\n\t<meta property=\"og:image:height\" content=\"667\" \/>\n\t<meta property=\"og:image:type\" content=\"image\/jpeg\" \/>\n<meta name=\"twitter:card\" content=\"summary_large_image\" \/>\n<script type=\"application\/ld+json\" class=\"yoast-schema-graph\">{\"@context\":\"https:\/\/schema.org\",\"@graph\":[{\"@type\":\"WebPage\",\"@id\":\"https:\/\/hub.solacelung.eu\/sv\/patienter\/\",\"url\":\"https:\/\/hub.solacelung.eu\/sv\/patienter\/\",\"name\":\"Tr\u00f6st\",\"isPartOf\":{\"@id\":\"https:\/\/hub.solacelung.eu\/sv\/#website\"},\"datePublished\":\"2024-12-10T19:49:36+00:00\",\"dateModified\":\"2025-10-17T18:04:47+00:00\",\"description\":\"SOLACE Knowledge Hub - The lung cancer screening resource for the public and professionals.\",\"breadcrumb\":{\"@id\":\"https:\/\/hub.solacelung.eu\/sv\/patienter\/#breadcrumb\"},\"inLanguage\":\"sv-SE\",\"potentialAction\":[{\"@type\":\"ReadAction\",\"target\":[\"https:\/\/hub.solacelung.eu\/sv\/patienter\/\"]}]},{\"@type\":\"BreadcrumbList\",\"@id\":\"https:\/\/hub.solacelung.eu\/sv\/patienter\/#breadcrumb\",\"itemListElement\":[{\"@type\":\"ListItem\",\"position\":1,\"name\":\"Home\",\"item\":\"https:\/\/hub.solacelung.eu\/sv\/\"},{\"@type\":\"ListItem\",\"position\":2,\"name\":\"Patienter\"}]},{\"@type\":\"WebSite\",\"@id\":\"https:\/\/hub.solacelung.eu\/sv\/#website\",\"url\":\"https:\/\/hub.solacelung.eu\/sv\/\",\"name\":\"Solace\",\"description\":\"Solace\",\"publisher\":{\"@id\":\"https:\/\/hub.solacelung.eu\/sv\/#organization\"},\"potentialAction\":[{\"@type\":\"SearchAction\",\"target\":{\"@type\":\"EntryPoint\",\"urlTemplate\":\"https:\/\/hub.solacelung.eu\/sv\/?s={search_term_string}\"},\"query-input\":{\"@type\":\"PropertyValueSpecification\",\"valueRequired\":true,\"valueName\":\"search_term_string\"}}],\"inLanguage\":\"sv-SE\"},{\"@type\":\"Organization\",\"@id\":\"https:\/\/hub.solacelung.eu\/sv\/#organization\",\"name\":\"Solace\",\"url\":\"https:\/\/hub.solacelung.eu\/sv\/\",\"logo\":{\"@type\":\"ImageObject\",\"inLanguage\":\"sv-SE\",\"@id\":\"https:\/\/hub.solacelung.eu\/sv\/#\/schema\/logo\/image\/\",\"url\":\"\",\"contentUrl\":\"\",\"caption\":\"Solace\"},\"image\":{\"@id\":\"https:\/\/hub.solacelung.eu\/sv\/#\/schema\/logo\/image\/\"},\"sameAs\":[\"https:\/\/www.linkedin.com\/company\/105992869\/admin\/dashboard\/\"]}]}<\/script>\n<!-- \/ Yoast SEO plugin. -->","yoast_head_json":{"title":"Tr\u00f6st","description":"SOLACE Knowledge Hub - The lung cancer screening resource for the public and professionals.","robots":{"index":"index","follow":"follow","max-snippet":"max-snippet:-1","max-image-preview":"max-image-preview:large","max-video-preview":"max-video-preview:-1"},"canonical":"https:\/\/hub.solacelung.eu\/sv\/patienter\/","og_locale":"sv_SE","og_type":"article","og_title":"Tr\u00f6st","og_description":"SOLACE Knowledge Hub - The lung cancer screening resource for the public and professionals.","og_url":"https:\/\/hub.solacelung.eu\/sv\/patienter\/","og_site_name":"Solace","article_modified_time":"2025-10-17T18:04:47+00:00","og_image":[{"width":1000,"height":667,"url":"https:\/\/hub.solacelung.eu\/wp-content\/uploads\/2025\/08\/shutterstock_1998552674.jpg","type":"image\/jpeg"}],"twitter_card":"summary_large_image","schema":{"@context":"https:\/\/schema.org","@graph":[{"@type":"WebPage","@id":"https:\/\/hub.solacelung.eu\/sv\/patienter\/","url":"https:\/\/hub.solacelung.eu\/sv\/patienter\/","name":"Tr\u00f6st","isPartOf":{"@id":"https:\/\/hub.solacelung.eu\/sv\/#website"},"datePublished":"2024-12-10T19:49:36+00:00","dateModified":"2025-10-17T18:04:47+00:00","description":"SOLACE Knowledge Hub - The lung cancer screening resource for the public and professionals.","breadcrumb":{"@id":"https:\/\/hub.solacelung.eu\/sv\/patienter\/#breadcrumb"},"inLanguage":"sv-SE","potentialAction":[{"@type":"ReadAction","target":["https:\/\/hub.solacelung.eu\/sv\/patienter\/"]}]},{"@type":"BreadcrumbList","@id":"https:\/\/hub.solacelung.eu\/sv\/patienter\/#breadcrumb","itemListElement":[{"@type":"ListItem","position":1,"name":"Home","item":"https:\/\/hub.solacelung.eu\/sv\/"},{"@type":"ListItem","position":2,"name":"Patienter"}]},{"@type":"WebSite","@id":"https:\/\/hub.solacelung.eu\/sv\/#website","url":"https:\/\/hub.solacelung.eu\/sv\/","name":"Solace","description":"Solace","publisher":{"@id":"https:\/\/hub.solacelung.eu\/sv\/#organization"},"potentialAction":[{"@type":"SearchAction","target":{"@type":"EntryPoint","urlTemplate":"https:\/\/hub.solacelung.eu\/sv\/?s={search_term_string}"},"query-input":{"@type":"PropertyValueSpecification","valueRequired":true,"valueName":"search_term_string"}}],"inLanguage":"sv-SE"},{"@type":"Organization","@id":"https:\/\/hub.solacelung.eu\/sv\/#organization","name":"Solace","url":"https:\/\/hub.solacelung.eu\/sv\/","logo":{"@type":"ImageObject","inLanguage":"sv-SE","@id":"https:\/\/hub.solacelung.eu\/sv\/#\/schema\/logo\/image\/","url":"","contentUrl":"","caption":"Solace"},"image":{"@id":"https:\/\/hub.solacelung.eu\/sv\/#\/schema\/logo\/image\/"},"sameAs":["https:\/\/www.linkedin.com\/company\/105992869\/admin\/dashboard\/"]}]}},"_links":{"self":[{"href":"https:\/\/hub.solacelung.eu\/sv\/wp-json\/wp\/v2\/pages\/3459","targetHints":{"allow":["GET"]}}],"collection":[{"href":"https:\/\/hub.solacelung.eu\/sv\/wp-json\/wp\/v2\/pages"}],"about":[{"href":"https:\/\/hub.solacelung.eu\/sv\/wp-json\/wp\/v2\/types\/page"}],"author":[{"embeddable":true,"href":"https:\/\/hub.solacelung.eu\/sv\/wp-json\/wp\/v2\/users\/1"}],"replies":[{"embeddable":true,"href":"https:\/\/hub.solacelung.eu\/sv\/wp-json\/wp\/v2\/comments?post=3459"}],"version-history":[{"count":1,"href":"https:\/\/hub.solacelung.eu\/sv\/wp-json\/wp\/v2\/pages\/3459\/revisions"}],"predecessor-version":[{"id":3461,"href":"https:\/\/hub.solacelung.eu\/sv\/wp-json\/wp\/v2\/pages\/3459\/revisions\/3461"}],"wp:attachment":[{"href":"https:\/\/hub.solacelung.eu\/sv\/wp-json\/wp\/v2\/media?parent=3459"}],"curies":[{"name":"wp","href":"https:\/\/api.w.org\/{rel}","templated":true}]}}