{"id":1703,"date":"2025-09-14T17:22:17","date_gmt":"2025-09-14T16:22:17","guid":{"rendered":"https:\/\/hub.solacelung.eu\/policy-for-godtagbar-anvandning\/"},"modified":"2025-10-14T17:37:12","modified_gmt":"2025-10-14T16:37:12","slug":"policy-for-godtagbar-anvandning","status":"publish","type":"page","link":"https:\/\/hub.solacelung.eu\/sv\/policy-for-godtagbar-anvandning\/","title":{"rendered":"Policy f\u00f6r godtagbar anv\u00e4ndning"},"content":{"rendered":"<div class=\"site-padding\">\n<p>I denna policy f\u00f6r godtagbar anv\u00e4ndning anges reglerna f\u00f6r anv\u00e4ndning av hub.solacelung.eu (&#8221;Knowledge Hub&#8221;), som drivs av Lungs Europe. Genom att anv\u00e4nda webbplatsen samtycker du till denna policy, som kompletterar v\u00e5ra villkor och best\u00e4mmelser. <\/p>\n<\/div><div class=\"site-padding\">\n<p><strong>1. F\u00f6rbjudna anv\u00e4ndningsomr\u00e5den<\/strong><\/p>\n<\/div><div class=\"site-padding\">\n<p>Du f\u00e5r inte anv\u00e4nda webbplatsen:<br\/>&#8211; P\u00e5 n\u00e5got s\u00e4tt som bryter mot till\u00e4mpliga lagar eller f\u00f6rordningar<br\/>&#8211; F\u00f6r olagliga eller bedr\u00e4gliga \u00e4ndam\u00e5l<br\/>&#8211; F\u00f6r att skada eller utnyttja minder\u00e5riga<br\/>&#8211; F\u00f6r att \u00f6verf\u00f6ra eller ladda upp virus eller annan skadlig kod<br\/>&#8211; F\u00f6r att skicka o\u00f6nskad reklam eller skr\u00e4ppost<br\/>&#8211; F\u00f6r att reproducera, duplicera eller kopiera n\u00e5got inneh\u00e5ll i strid med v\u00e5ra villkor<\/p>\n<\/div><div class=\"site-padding\">\n<p>Du f\u00e5r inte st\u00f6ra driften av webbplatsen, servrar eller n\u00e4tverk som \u00e4r anslutna till webbplatsen.<\/p>\n<\/div><div class=\"site-padding\">\n<p><strong>2. Interaktiva tj\u00e4nster<\/strong><\/p>\n<\/div><div class=\"site-padding\">\n<p>Om interaktiva verktyg eller forum tillhandah\u00e5lls kommer vi att tydligt ange vilken typ av moderering som eventuellt f\u00f6rekommer. Minder\u00e5rigas anv\u00e4ndning av s\u00e5dana tj\u00e4nster m\u00e5ste \u00f6vervakas av en f\u00f6r\u00e4lder eller v\u00e5rdnadshavare. Vi ansvarar inte f\u00f6r anv\u00e4ndargenererat inneh\u00e5ll eller dess konsekvenser.  <\/p>\n<\/div><div class=\"site-padding\">\n<p><strong>3. Standarder f\u00f6r inneh\u00e5ll<\/strong><\/p>\n<\/div><div class=\"site-padding\">\n<p>Bidragen m\u00e5ste:<br\/>&#8211; vara korrekta (om de \u00e4r faktabaserade)<br\/>&#8211; vara genuina (om de \u00e4r \u00e5siktsbaserade)<br\/>&#8211; f\u00f6lja g\u00e4llande lagar<br\/>Bidragen f\u00e5r inte:<br\/>&#8211; vara \u00e4rekr\u00e4nkande, obscena, hatiska eller provocerande<br\/>&#8211; fr\u00e4mja v\u00e5ld eller diskriminering<br\/>&#8211; g\u00f6ra intr\u00e5ng i immateriella r\u00e4ttigheter<br\/>&#8211; vilseleda andra eller bryta mot sekretess<br\/>&#8211; trakassera, misshandla eller skr\u00e4mma andra<br\/>&#8211; utge sig f\u00f6r att vara n\u00e5gon annan eller f\u00f6rvr\u00e4nga sin tillh\u00f6righet<\/p>\n<\/div><div class=\"site-padding\">\n<p><strong>4. Verkst\u00e4llighet<\/strong><\/p>\n<\/div><div class=\"site-padding\">\n<p>Vi kan vidta alla \u00e5tg\u00e4rder som vi anser l\u00e4mpliga f\u00f6r \u00f6vertr\u00e4delser, inklusive:<br\/>&#8211; Ta bort inneh\u00e5ll<br\/>&#8211; Begr\u00e4nsa \u00e5tkomst<br\/>&#8211; R\u00e4ttsliga \u00e5tg\u00e4rder<br\/>&#8211; Rapportera till myndigheter<br\/>Vi utesluter ansvar f\u00f6r \u00e5tg\u00e4rder som vidtas som svar p\u00e5 policy\u00f6vertr\u00e4delser.<\/p>\n<\/div><div class=\"site-padding\">\n<p><strong>5. \u00c4ndringar av denna policy<\/strong><\/p>\n<\/div><div class=\"site-padding\">\n<p>Vi kan n\u00e4r som helst komma att uppdatera denna policy. L\u00e4s igenom den regelbundet f\u00f6r att h\u00e5lla dig informerad om eventuella \u00e4ndringar. <\/p>\n<\/div><div class=\"site-padding\">\n<p><strong>6. Kontakt<\/strong><\/p>\n<\/div><div class=\"site-padding\">\n<p>F\u00f6r fr\u00e5gor eller funderingar, kontakta info@europeanlung.org.<\/p>\n<\/div>","protected":false},"excerpt":{"rendered":"<p>I denna policy f\u00f6r godtagbar anv\u00e4ndning anges reglerna f\u00f6r anv\u00e4ndning av hub.solacelung.eu (&#8221;Knowledge Hub&#8221;), som drivs av Lungs Europe. Genom att anv\u00e4nda webbplatsen samtycker du till denna policy, som kompletterar v\u00e5ra villkor och best\u00e4mmelser. 1. F\u00f6rbjudna anv\u00e4ndningsomr\u00e5den Du f\u00e5r inte anv\u00e4nda webbplatsen:&#8211; P\u00e5 n\u00e5got s\u00e4tt som bryter mot till\u00e4mpliga lagar eller f\u00f6rordningar&#8211; F\u00f6r olagliga eller [&hellip;]<\/p>\n","protected":false},"author":1,"featured_media":0,"parent":0,"menu_order":0,"comment_status":"closed","ping_status":"closed","template":"","meta":{"_acf_changed":false,"footnotes":""},"class_list":["post-1703","page","type-page","status-publish","hentry"],"acf":[],"yoast_head":"<!-- This site is optimized with the Yoast SEO plugin v25.9 - https:\/\/yoast.com\/wordpress\/plugins\/seo\/ -->\n<title>Policy f\u00f6r godtagbar anv\u00e4ndning - Solace<\/title>\n<meta name=\"description\" content=\"SOLACE Knowledge Hub - The lung cancer screening resource for the public and professionals.\" \/>\n<meta name=\"robots\" content=\"index, follow, max-snippet:-1, max-image-preview:large, max-video-preview:-1\" \/>\n<link rel=\"canonical\" href=\"https:\/\/hub.solacelung.eu\/sv\/policy-for-godtagbar-anvandning\/\" \/>\n<meta property=\"og:locale\" content=\"sv_SE\" \/>\n<meta property=\"og:type\" content=\"article\" \/>\n<meta property=\"og:title\" content=\"Policy f\u00f6r godtagbar anv\u00e4ndning - Solace\" \/>\n<meta property=\"og:description\" content=\"SOLACE Knowledge Hub - The lung cancer screening resource for the public and professionals.\" \/>\n<meta property=\"og:url\" content=\"https:\/\/hub.solacelung.eu\/sv\/policy-for-godtagbar-anvandning\/\" \/>\n<meta property=\"og:site_name\" content=\"Solace\" \/>\n<meta property=\"article:modified_time\" content=\"2025-10-14T16:37:12+00:00\" \/>\n<meta property=\"og:image\" content=\"https:\/\/hub.solacelung.eu\/wp-content\/uploads\/2025\/08\/shutterstock_1998552674.jpg\" \/>\n\t<meta property=\"og:image:width\" content=\"1000\" \/>\n\t<meta property=\"og:image:height\" content=\"667\" \/>\n\t<meta property=\"og:image:type\" content=\"image\/jpeg\" \/>\n<meta name=\"twitter:card\" content=\"summary_large_image\" \/>\n<meta name=\"twitter:label1\" content=\"Ber\u00e4knad l\u00e4stid\" \/>\n\t<meta name=\"twitter:data1\" content=\"2 minut\" \/>\n<script type=\"application\/ld+json\" class=\"yoast-schema-graph\">{\"@context\":\"https:\/\/schema.org\",\"@graph\":[{\"@type\":\"WebPage\",\"@id\":\"https:\/\/hub.solacelung.eu\/sv\/policy-for-godtagbar-anvandning\/\",\"url\":\"https:\/\/hub.solacelung.eu\/sv\/policy-for-godtagbar-anvandning\/\",\"name\":\"Policy f\u00f6r godtagbar anv\u00e4ndning - Solace\",\"isPartOf\":{\"@id\":\"https:\/\/hub.solacelung.eu\/sv\/#website\"},\"datePublished\":\"2025-09-14T16:22:17+00:00\",\"dateModified\":\"2025-10-14T16:37:12+00:00\",\"description\":\"SOLACE Knowledge Hub - The lung cancer screening resource for the public and professionals.\",\"breadcrumb\":{\"@id\":\"https:\/\/hub.solacelung.eu\/sv\/policy-for-godtagbar-anvandning\/#breadcrumb\"},\"inLanguage\":\"sv-SE\",\"potentialAction\":[{\"@type\":\"ReadAction\",\"target\":[\"https:\/\/hub.solacelung.eu\/sv\/policy-for-godtagbar-anvandning\/\"]}]},{\"@type\":\"BreadcrumbList\",\"@id\":\"https:\/\/hub.solacelung.eu\/sv\/policy-for-godtagbar-anvandning\/#breadcrumb\",\"itemListElement\":[{\"@type\":\"ListItem\",\"position\":1,\"name\":\"Home\",\"item\":\"https:\/\/hub.solacelung.eu\/sv\/\"},{\"@type\":\"ListItem\",\"position\":2,\"name\":\"Policy f\u00f6r godtagbar anv\u00e4ndning\"}]},{\"@type\":\"WebSite\",\"@id\":\"https:\/\/hub.solacelung.eu\/sv\/#website\",\"url\":\"https:\/\/hub.solacelung.eu\/sv\/\",\"name\":\"Solace\",\"description\":\"Solace\",\"publisher\":{\"@id\":\"https:\/\/hub.solacelung.eu\/sv\/#organization\"},\"potentialAction\":[{\"@type\":\"SearchAction\",\"target\":{\"@type\":\"EntryPoint\",\"urlTemplate\":\"https:\/\/hub.solacelung.eu\/sv\/?s={search_term_string}\"},\"query-input\":{\"@type\":\"PropertyValueSpecification\",\"valueRequired\":true,\"valueName\":\"search_term_string\"}}],\"inLanguage\":\"sv-SE\"},{\"@type\":\"Organization\",\"@id\":\"https:\/\/hub.solacelung.eu\/sv\/#organization\",\"name\":\"Solace\",\"url\":\"https:\/\/hub.solacelung.eu\/sv\/\",\"logo\":{\"@type\":\"ImageObject\",\"inLanguage\":\"sv-SE\",\"@id\":\"https:\/\/hub.solacelung.eu\/sv\/#\/schema\/logo\/image\/\",\"url\":\"\",\"contentUrl\":\"\",\"caption\":\"Solace\"},\"image\":{\"@id\":\"https:\/\/hub.solacelung.eu\/sv\/#\/schema\/logo\/image\/\"},\"sameAs\":[\"https:\/\/www.linkedin.com\/company\/105992869\/admin\/dashboard\/\"]}]}<\/script>\n<!-- \/ Yoast SEO plugin. -->","yoast_head_json":{"title":"Policy f\u00f6r godtagbar anv\u00e4ndning - Solace","description":"SOLACE Knowledge Hub - The lung cancer screening resource for the public and professionals.","robots":{"index":"index","follow":"follow","max-snippet":"max-snippet:-1","max-image-preview":"max-image-preview:large","max-video-preview":"max-video-preview:-1"},"canonical":"https:\/\/hub.solacelung.eu\/sv\/policy-for-godtagbar-anvandning\/","og_locale":"sv_SE","og_type":"article","og_title":"Policy f\u00f6r godtagbar anv\u00e4ndning - Solace","og_description":"SOLACE Knowledge Hub - The lung cancer screening resource for the public and professionals.","og_url":"https:\/\/hub.solacelung.eu\/sv\/policy-for-godtagbar-anvandning\/","og_site_name":"Solace","article_modified_time":"2025-10-14T16:37:12+00:00","og_image":[{"width":1000,"height":667,"url":"https:\/\/hub.solacelung.eu\/wp-content\/uploads\/2025\/08\/shutterstock_1998552674.jpg","type":"image\/jpeg"}],"twitter_card":"summary_large_image","twitter_misc":{"Ber\u00e4knad l\u00e4stid":"2 minut"},"schema":{"@context":"https:\/\/schema.org","@graph":[{"@type":"WebPage","@id":"https:\/\/hub.solacelung.eu\/sv\/policy-for-godtagbar-anvandning\/","url":"https:\/\/hub.solacelung.eu\/sv\/policy-for-godtagbar-anvandning\/","name":"Policy f\u00f6r godtagbar anv\u00e4ndning - Solace","isPartOf":{"@id":"https:\/\/hub.solacelung.eu\/sv\/#website"},"datePublished":"2025-09-14T16:22:17+00:00","dateModified":"2025-10-14T16:37:12+00:00","description":"SOLACE Knowledge Hub - The lung cancer screening resource for the public and professionals.","breadcrumb":{"@id":"https:\/\/hub.solacelung.eu\/sv\/policy-for-godtagbar-anvandning\/#breadcrumb"},"inLanguage":"sv-SE","potentialAction":[{"@type":"ReadAction","target":["https:\/\/hub.solacelung.eu\/sv\/policy-for-godtagbar-anvandning\/"]}]},{"@type":"BreadcrumbList","@id":"https:\/\/hub.solacelung.eu\/sv\/policy-for-godtagbar-anvandning\/#breadcrumb","itemListElement":[{"@type":"ListItem","position":1,"name":"Home","item":"https:\/\/hub.solacelung.eu\/sv\/"},{"@type":"ListItem","position":2,"name":"Policy f\u00f6r godtagbar anv\u00e4ndning"}]},{"@type":"WebSite","@id":"https:\/\/hub.solacelung.eu\/sv\/#website","url":"https:\/\/hub.solacelung.eu\/sv\/","name":"Solace","description":"Solace","publisher":{"@id":"https:\/\/hub.solacelung.eu\/sv\/#organization"},"potentialAction":[{"@type":"SearchAction","target":{"@type":"EntryPoint","urlTemplate":"https:\/\/hub.solacelung.eu\/sv\/?s={search_term_string}"},"query-input":{"@type":"PropertyValueSpecification","valueRequired":true,"valueName":"search_term_string"}}],"inLanguage":"sv-SE"},{"@type":"Organization","@id":"https:\/\/hub.solacelung.eu\/sv\/#organization","name":"Solace","url":"https:\/\/hub.solacelung.eu\/sv\/","logo":{"@type":"ImageObject","inLanguage":"sv-SE","@id":"https:\/\/hub.solacelung.eu\/sv\/#\/schema\/logo\/image\/","url":"","contentUrl":"","caption":"Solace"},"image":{"@id":"https:\/\/hub.solacelung.eu\/sv\/#\/schema\/logo\/image\/"},"sameAs":["https:\/\/www.linkedin.com\/company\/105992869\/admin\/dashboard\/"]}]}},"_links":{"self":[{"href":"https:\/\/hub.solacelung.eu\/sv\/wp-json\/wp\/v2\/pages\/1703","targetHints":{"allow":["GET"]}}],"collection":[{"href":"https:\/\/hub.solacelung.eu\/sv\/wp-json\/wp\/v2\/pages"}],"about":[{"href":"https:\/\/hub.solacelung.eu\/sv\/wp-json\/wp\/v2\/types\/page"}],"author":[{"embeddable":true,"href":"https:\/\/hub.solacelung.eu\/sv\/wp-json\/wp\/v2\/users\/1"}],"replies":[{"embeddable":true,"href":"https:\/\/hub.solacelung.eu\/sv\/wp-json\/wp\/v2\/comments?post=1703"}],"version-history":[{"count":3,"href":"https:\/\/hub.solacelung.eu\/sv\/wp-json\/wp\/v2\/pages\/1703\/revisions"}],"predecessor-version":[{"id":1722,"href":"https:\/\/hub.solacelung.eu\/sv\/wp-json\/wp\/v2\/pages\/1703\/revisions\/1722"}],"wp:attachment":[{"href":"https:\/\/hub.solacelung.eu\/sv\/wp-json\/wp\/v2\/media?parent=1703"}],"curies":[{"name":"wp","href":"https:\/\/api.w.org\/{rel}","templated":true}]}}