{"id":1677,"date":"2025-09-14T17:21:02","date_gmt":"2025-09-14T16:21:02","guid":{"rendered":"https:\/\/hub.solacelung.eu\/integritetspolicy\/"},"modified":"2025-10-14T17:36:19","modified_gmt":"2025-10-14T16:36:19","slug":"integritetspolicy","status":"publish","type":"page","link":"https:\/\/hub.solacelung.eu\/sv\/integritetspolicy\/","title":{"rendered":"Integritetspolicy"},"content":{"rendered":"<div class=\"site-padding\">\n<p>Lungs Europe har \u00e5tagit sig att skydda din integritet. Denna sekretesspolicy f\u00f6rklarar hur vi samlar in, anv\u00e4nder och skyddar dina personuppgifter n\u00e4r du bes\u00f6ker hub.solacelung.eu (&#8221;Knowledge Hub&#8221;). <\/p>\n<\/div><div class=\"site-padding\">\n<p>Lungs Europe agerar som ensam personuppgiftsansvarig f\u00f6r Knowledge Hub.<\/p>\n<\/div><div class=\"site-padding\">\n<p>Kontakt:<br\/>Lungs Europe<br\/>Tel: +32 2 238 53 60<br\/>Email: info@europeanlung.org<br\/>Registrerad adress Rue du Congr\u00e8s 35, 1000 Bryssel, Belgien<\/p>\n<\/div><div class=\"site-padding\">\n<p><strong>1. Vilka uppgifter vi samlar in och varf\u00f6r<\/strong><\/p>\n<\/div><div class=\"site-padding\">\n<p>a. Webbplatsanalys: Vi samlar in tekniska data (IP, webbl\u00e4sare etc.) f\u00f6r att f\u00f6rb\u00e4ttra webbplatsen. R\u00e4ttslig grund: Ber\u00e4ttigat intresse.  <\/p>\n<\/div><div class=\"site-padding\">\n<p>b. Kontaktformul\u00e4r eller e-post: Vi behandlar ditt namn, din e-postadress och ditt meddelande f\u00f6r att svara p\u00e5 dina fr\u00e5gor. R\u00e4ttslig grund: Ber\u00e4ttigat intresse.  <\/p>\n<\/div><div class=\"site-padding\">\n<p>Obs: Genom att kontakta EIBIR blir de personuppgiftsansvariga f\u00f6r dina uppgifter.<\/p>\n<\/div><div class=\"site-padding\">\n<p>c. Prenumeration p\u00e5 nyhetsbrev: Vi samlar in namn, e-post, datum\/tid f\u00f6r prenumerationen. R\u00e4ttslig grund: Samtycke. Hanteras via Mailchimp (EU-US Data Privacy Framework).   <\/p>\n<\/div><div class=\"site-padding\">\n<p>d. Interaktiva verktyg (ber\u00e4ttigande och s\u00f6kv\u00e4g): Dessa verktyg ger endast allm\u00e4n information och lagrar inte personuppgifter som standard. <\/p>\n<\/div><div class=\"site-padding\">\n<p><strong>2. Cookies och sp\u00e5rning<\/strong><\/p>\n<\/div><div class=\"site-padding\">\n<p>Viktiga cookies kr\u00e4vs. Analyscookies (GA4) kr\u00e4ver samtycke. Hantera via cookiebanner eller webbl\u00e4sartill\u00e4gg.  <\/p>\n<\/div><div class=\"site-padding\">\n<p><strong>3. Hur l\u00e4nge vi beh\u00e5ller dina uppgifter<\/strong><\/p>\n<\/div><div class=\"site-padding\">\n<p>&#8211; Analys: 5 \u00e5r<br\/>&#8211; E-postkontakt: 5 \u00e5r<br\/>&#8211; Nyhetsbrev: Tills du avregistrerar dig eller 18 m\u00e5naders inaktivitet<br\/>&#8211; Interaktiva verktyg: Bevaras inte om de inte skickas in<\/p>\n<\/div><div class=\"site-padding\">\n<p><strong>4. Dina r\u00e4ttigheter<\/strong><\/p>\n<\/div><div class=\"site-padding\">\n<p>Du kan f\u00e5 tillg\u00e5ng till, korrigera, radera eller begr\u00e4nsa dina uppgifter. Kontakta info@europeanlung.org f\u00f6r att ut\u00f6va dina r\u00e4ttigheter. <\/p>\n<\/div><div class=\"site-padding\">\n<p><strong>5. Delning av data<\/strong><\/p>\n<\/div><div class=\"site-padding\">\n<p>Delas endast med Mailchimp och Google Analytics. Ingen f\u00f6rs\u00e4ljning till tredje part. <\/p>\n<\/div><div class=\"site-padding\">\n<p><strong>6. Externa l\u00e4nkar<\/strong><\/p>\n<\/div><div class=\"site-padding\">\n<p>Vi ansvarar inte f\u00f6r sekretesspraxis eller inneh\u00e5ll p\u00e5 externa webbplatser.<\/p>\n<\/div>","protected":false},"excerpt":{"rendered":"<p>Lungs Europe har \u00e5tagit sig att skydda din integritet. Denna sekretesspolicy f\u00f6rklarar hur vi samlar in, anv\u00e4nder och skyddar dina personuppgifter n\u00e4r du bes\u00f6ker hub.solacelung.eu (&#8221;Knowledge Hub&#8221;). Lungs Europe agerar som ensam personuppgiftsansvarig f\u00f6r Knowledge Hub. Kontakt:Lungs EuropeTel: +32 2 238 53 60Email: info@europeanlung.orgRegistrerad adress Rue du Congr\u00e8s 35, 1000 Bryssel, Belgien 1. Vilka uppgifter [&hellip;]<\/p>\n","protected":false},"author":1,"featured_media":0,"parent":0,"menu_order":0,"comment_status":"closed","ping_status":"closed","template":"","meta":{"_acf_changed":false,"footnotes":""},"class_list":["post-1677","page","type-page","status-publish","hentry"],"acf":[],"yoast_head":"<!-- This site is optimized with the Yoast SEO plugin v25.9 - https:\/\/yoast.com\/wordpress\/plugins\/seo\/ -->\n<title>Integritetspolicy - Solace<\/title>\n<meta name=\"description\" content=\"SOLACE Knowledge Hub - The lung cancer screening resource for the public and professionals.\" \/>\n<meta name=\"robots\" content=\"index, follow, max-snippet:-1, max-image-preview:large, max-video-preview:-1\" \/>\n<link rel=\"canonical\" href=\"https:\/\/hub.solacelung.eu\/sv\/integritetspolicy\/\" \/>\n<meta property=\"og:locale\" content=\"sv_SE\" \/>\n<meta property=\"og:type\" content=\"article\" \/>\n<meta property=\"og:title\" content=\"Integritetspolicy - Solace\" \/>\n<meta property=\"og:description\" content=\"SOLACE Knowledge Hub - The lung cancer screening resource for the public and professionals.\" \/>\n<meta property=\"og:url\" content=\"https:\/\/hub.solacelung.eu\/sv\/integritetspolicy\/\" \/>\n<meta property=\"og:site_name\" content=\"Solace\" \/>\n<meta property=\"article:modified_time\" content=\"2025-10-14T16:36:19+00:00\" \/>\n<meta property=\"og:image\" content=\"https:\/\/hub.solacelung.eu\/wp-content\/uploads\/2025\/08\/shutterstock_1998552674.jpg\" \/>\n\t<meta property=\"og:image:width\" content=\"1000\" \/>\n\t<meta property=\"og:image:height\" content=\"667\" \/>\n\t<meta property=\"og:image:type\" content=\"image\/jpeg\" \/>\n<meta name=\"twitter:card\" content=\"summary_large_image\" \/>\n<meta name=\"twitter:label1\" content=\"Ber\u00e4knad l\u00e4stid\" \/>\n\t<meta name=\"twitter:data1\" content=\"1 minut\" \/>\n<script type=\"application\/ld+json\" class=\"yoast-schema-graph\">{\"@context\":\"https:\/\/schema.org\",\"@graph\":[{\"@type\":\"WebPage\",\"@id\":\"https:\/\/hub.solacelung.eu\/sv\/integritetspolicy\/\",\"url\":\"https:\/\/hub.solacelung.eu\/sv\/integritetspolicy\/\",\"name\":\"Integritetspolicy - Solace\",\"isPartOf\":{\"@id\":\"https:\/\/hub.solacelung.eu\/sv\/#website\"},\"datePublished\":\"2025-09-14T16:21:02+00:00\",\"dateModified\":\"2025-10-14T16:36:19+00:00\",\"description\":\"SOLACE Knowledge Hub - The lung cancer screening resource for the public and professionals.\",\"breadcrumb\":{\"@id\":\"https:\/\/hub.solacelung.eu\/sv\/integritetspolicy\/#breadcrumb\"},\"inLanguage\":\"sv-SE\",\"potentialAction\":[{\"@type\":\"ReadAction\",\"target\":[\"https:\/\/hub.solacelung.eu\/sv\/integritetspolicy\/\"]}]},{\"@type\":\"BreadcrumbList\",\"@id\":\"https:\/\/hub.solacelung.eu\/sv\/integritetspolicy\/#breadcrumb\",\"itemListElement\":[{\"@type\":\"ListItem\",\"position\":1,\"name\":\"Home\",\"item\":\"https:\/\/hub.solacelung.eu\/sv\/\"},{\"@type\":\"ListItem\",\"position\":2,\"name\":\"Integritetspolicy\"}]},{\"@type\":\"WebSite\",\"@id\":\"https:\/\/hub.solacelung.eu\/sv\/#website\",\"url\":\"https:\/\/hub.solacelung.eu\/sv\/\",\"name\":\"Solace\",\"description\":\"Solace\",\"publisher\":{\"@id\":\"https:\/\/hub.solacelung.eu\/sv\/#organization\"},\"potentialAction\":[{\"@type\":\"SearchAction\",\"target\":{\"@type\":\"EntryPoint\",\"urlTemplate\":\"https:\/\/hub.solacelung.eu\/sv\/?s={search_term_string}\"},\"query-input\":{\"@type\":\"PropertyValueSpecification\",\"valueRequired\":true,\"valueName\":\"search_term_string\"}}],\"inLanguage\":\"sv-SE\"},{\"@type\":\"Organization\",\"@id\":\"https:\/\/hub.solacelung.eu\/sv\/#organization\",\"name\":\"Solace\",\"url\":\"https:\/\/hub.solacelung.eu\/sv\/\",\"logo\":{\"@type\":\"ImageObject\",\"inLanguage\":\"sv-SE\",\"@id\":\"https:\/\/hub.solacelung.eu\/sv\/#\/schema\/logo\/image\/\",\"url\":\"\",\"contentUrl\":\"\",\"caption\":\"Solace\"},\"image\":{\"@id\":\"https:\/\/hub.solacelung.eu\/sv\/#\/schema\/logo\/image\/\"},\"sameAs\":[\"https:\/\/www.linkedin.com\/company\/105992869\/admin\/dashboard\/\"]}]}<\/script>\n<!-- \/ Yoast SEO plugin. -->","yoast_head_json":{"title":"Integritetspolicy - Solace","description":"SOLACE Knowledge Hub - The lung cancer screening resource for the public and professionals.","robots":{"index":"index","follow":"follow","max-snippet":"max-snippet:-1","max-image-preview":"max-image-preview:large","max-video-preview":"max-video-preview:-1"},"canonical":"https:\/\/hub.solacelung.eu\/sv\/integritetspolicy\/","og_locale":"sv_SE","og_type":"article","og_title":"Integritetspolicy - Solace","og_description":"SOLACE Knowledge Hub - The lung cancer screening resource for the public and professionals.","og_url":"https:\/\/hub.solacelung.eu\/sv\/integritetspolicy\/","og_site_name":"Solace","article_modified_time":"2025-10-14T16:36:19+00:00","og_image":[{"width":1000,"height":667,"url":"https:\/\/hub.solacelung.eu\/wp-content\/uploads\/2025\/08\/shutterstock_1998552674.jpg","type":"image\/jpeg"}],"twitter_card":"summary_large_image","twitter_misc":{"Ber\u00e4knad l\u00e4stid":"1 minut"},"schema":{"@context":"https:\/\/schema.org","@graph":[{"@type":"WebPage","@id":"https:\/\/hub.solacelung.eu\/sv\/integritetspolicy\/","url":"https:\/\/hub.solacelung.eu\/sv\/integritetspolicy\/","name":"Integritetspolicy - Solace","isPartOf":{"@id":"https:\/\/hub.solacelung.eu\/sv\/#website"},"datePublished":"2025-09-14T16:21:02+00:00","dateModified":"2025-10-14T16:36:19+00:00","description":"SOLACE Knowledge Hub - The lung cancer screening resource for the public and professionals.","breadcrumb":{"@id":"https:\/\/hub.solacelung.eu\/sv\/integritetspolicy\/#breadcrumb"},"inLanguage":"sv-SE","potentialAction":[{"@type":"ReadAction","target":["https:\/\/hub.solacelung.eu\/sv\/integritetspolicy\/"]}]},{"@type":"BreadcrumbList","@id":"https:\/\/hub.solacelung.eu\/sv\/integritetspolicy\/#breadcrumb","itemListElement":[{"@type":"ListItem","position":1,"name":"Home","item":"https:\/\/hub.solacelung.eu\/sv\/"},{"@type":"ListItem","position":2,"name":"Integritetspolicy"}]},{"@type":"WebSite","@id":"https:\/\/hub.solacelung.eu\/sv\/#website","url":"https:\/\/hub.solacelung.eu\/sv\/","name":"Solace","description":"Solace","publisher":{"@id":"https:\/\/hub.solacelung.eu\/sv\/#organization"},"potentialAction":[{"@type":"SearchAction","target":{"@type":"EntryPoint","urlTemplate":"https:\/\/hub.solacelung.eu\/sv\/?s={search_term_string}"},"query-input":{"@type":"PropertyValueSpecification","valueRequired":true,"valueName":"search_term_string"}}],"inLanguage":"sv-SE"},{"@type":"Organization","@id":"https:\/\/hub.solacelung.eu\/sv\/#organization","name":"Solace","url":"https:\/\/hub.solacelung.eu\/sv\/","logo":{"@type":"ImageObject","inLanguage":"sv-SE","@id":"https:\/\/hub.solacelung.eu\/sv\/#\/schema\/logo\/image\/","url":"","contentUrl":"","caption":"Solace"},"image":{"@id":"https:\/\/hub.solacelung.eu\/sv\/#\/schema\/logo\/image\/"},"sameAs":["https:\/\/www.linkedin.com\/company\/105992869\/admin\/dashboard\/"]}]}},"_links":{"self":[{"href":"https:\/\/hub.solacelung.eu\/sv\/wp-json\/wp\/v2\/pages\/1677","targetHints":{"allow":["GET"]}}],"collection":[{"href":"https:\/\/hub.solacelung.eu\/sv\/wp-json\/wp\/v2\/pages"}],"about":[{"href":"https:\/\/hub.solacelung.eu\/sv\/wp-json\/wp\/v2\/types\/page"}],"author":[{"embeddable":true,"href":"https:\/\/hub.solacelung.eu\/sv\/wp-json\/wp\/v2\/users\/1"}],"replies":[{"embeddable":true,"href":"https:\/\/hub.solacelung.eu\/sv\/wp-json\/wp\/v2\/comments?post=1677"}],"version-history":[{"count":1,"href":"https:\/\/hub.solacelung.eu\/sv\/wp-json\/wp\/v2\/pages\/1677\/revisions"}],"predecessor-version":[{"id":1678,"href":"https:\/\/hub.solacelung.eu\/sv\/wp-json\/wp\/v2\/pages\/1677\/revisions\/1678"}],"wp:attachment":[{"href":"https:\/\/hub.solacelung.eu\/sv\/wp-json\/wp\/v2\/media?parent=1677"}],"curies":[{"name":"wp","href":"https:\/\/api.w.org\/{rel}","templated":true}]}}