{"id":1608,"date":"2024-12-10T16:58:59","date_gmt":"2024-12-10T16:58:59","guid":{"rendered":"https:\/\/hub.solacelung.eu\/tillganglighet\/"},"modified":"2025-10-14T17:34:48","modified_gmt":"2025-10-14T16:34:48","slug":"tillganglighet","status":"publish","type":"page","link":"https:\/\/hub.solacelung.eu\/sv\/tillganglighet\/","title":{"rendered":"Tillg\u00e4nglighet"},"content":{"rendered":"<div class=\"site-padding\">\n<p>SOLACE Knowledge Hub (hub.solacelung.eu), som drivs av Lungs Europe, har \u00e5tagit sig att s\u00e4kerst\u00e4lla digital tillg\u00e4nglighet f\u00f6r alla anv\u00e4ndare, oavsett f\u00f6rm\u00e5ga eller teknik.<\/p>\n<\/div><div class=\"site-padding\">\n<p><strong>1. Tillg\u00e4nglighetsstandarder<\/strong><\/p>\n<\/div><div class=\"site-padding\">\n<p>Denna webbplats \u00e4r utformad f\u00f6r att uppfylla WCAG (Web Content Accessibility Guidelines) 2.1 niv\u00e5 AA och granskas regelbundet f\u00f6r att uppr\u00e4tth\u00e5lla efterlevnaden.<\/p>\n<\/div><div class=\"site-padding\">\n<p><strong>2. Funktioner som st\u00f6ds<\/strong><\/p>\n<\/div><div class=\"site-padding\">\n<p>Vi har implementerat f\u00f6ljande funktioner f\u00f6r att st\u00f6dja tillg\u00e4ngligheten:<br\/>&#8211; Tydlig och konsekvent webbplatsstruktur och navigering<br\/>&#8211; Textalternativ f\u00f6r allt inneh\u00e5ll som inte \u00e4r text (t.ex. bilder)<br\/>&#8211; Navigering med tangentbord och logisk flikordning<br\/>&#8211; St\u00f6d f\u00f6r sk\u00e4rml\u00e4sare<br\/>&#8211; Responsiv design f\u00f6r mobiler<br\/>&#8211; H\u00f6g kontrast och l\u00e4sbar teckensnittsstorlek<br\/>&#8211; Flerspr\u00e5kigt st\u00f6d med hj\u00e4lp av tillg\u00e4ngliga spr\u00e5kreglage<\/p>\n<\/div><div class=\"site-padding\">\n<p><strong>3. Nedladdningsbara dokument<\/strong><\/p>\n<\/div><div class=\"site-padding\">\n<p>De flesta nedladdningsbara dokument tillhandah\u00e5lls i tillg\u00e4ngliga format (t.ex. HTML eller TXT). Om ett dokument inte \u00e4r tillg\u00e4ngligt kommer vi att tillhandah\u00e5lla ett alternativ p\u00e5 beg\u00e4ran. <\/p>\n<\/div><div class=\"site-padding\">\n<p><strong>4. Begr\u00e4nsningar och k\u00e4nda problem<\/strong><\/p>\n<\/div><div class=\"site-padding\">\n<p>Vi str\u00e4var efter full tillg\u00e4nglighet, men det kan h\u00e4nda att \u00e4ldre inneh\u00e5ll eller verktyg fr\u00e5n tredje part \u00e4nnu inte \u00e4r helt kompatibla. Vi arbetar aktivt f\u00f6r att \u00e5tg\u00e4rda dessa problem. <\/p>\n<\/div><div class=\"site-padding\">\n<p><strong>5. Beg\u00e4ran om tillg\u00e4ngliga format<\/strong><\/p>\n<\/div><div class=\"site-padding\">\n<p>Om du beh\u00f6ver information p\u00e5 denna webbplats i ett alternativt format, t.ex. storstil, l\u00e4ttl\u00e4st, ljudinspelning eller punktskrift, v\u00e4nligen kontakta oss p\u00e5:<br\/>E-post: info@europeanlung.org<br\/>Tel: +32 2 238 53 60<\/p>\n<\/div><div class=\"site-padding\">\n<p><strong>6. \u00c5terkoppling och kontakt<\/strong><\/p>\n<\/div><div class=\"site-padding\">\n<p>Vi v\u00e4lkomnar din feedback om tillg\u00e4ngligheten till Knowledge Hub. Kontakta oss om du st\u00f6ter p\u00e5 n\u00e5gra problem eller har f\u00f6rslag p\u00e5 f\u00f6rb\u00e4ttringar. <\/p>\n<\/div><div class=\"site-padding\">\n<p><strong>7. F\u00f6rs\u00e4kran om efterlevnad<\/strong><\/p>\n<\/div><div class=\"site-padding\">\n<p>Denna webbplats \u00e4r delvis f\u00f6renlig med WCAG 2.1 AA p\u00e5 grund av de avvikelser och undantag som anges ovan. Vi str\u00e4var efter st\u00e4ndiga f\u00f6rb\u00e4ttringar. <\/p>\n<\/div><div class=\"site-padding\">\n<p><br\/><\/p>\n<\/div>","protected":false},"excerpt":{"rendered":"<p>SOLACE Knowledge Hub (hub.solacelung.eu), som drivs av Lungs Europe, har \u00e5tagit sig att s\u00e4kerst\u00e4lla digital tillg\u00e4nglighet f\u00f6r alla anv\u00e4ndare, oavsett f\u00f6rm\u00e5ga eller teknik. 1. Tillg\u00e4nglighetsstandarder Denna webbplats \u00e4r utformad f\u00f6r att uppfylla WCAG (Web Content Accessibility Guidelines) 2.1 niv\u00e5 AA och granskas regelbundet f\u00f6r att uppr\u00e4tth\u00e5lla efterlevnaden. 2. Funktioner som st\u00f6ds Vi har implementerat f\u00f6ljande [&hellip;]<\/p>\n","protected":false},"author":1,"featured_media":0,"parent":0,"menu_order":0,"comment_status":"closed","ping_status":"closed","template":"","meta":{"_acf_changed":false,"footnotes":""},"class_list":["post-1608","page","type-page","status-publish","hentry"],"acf":[],"yoast_head":"<!-- This site is optimized with the Yoast SEO plugin v25.9 - https:\/\/yoast.com\/wordpress\/plugins\/seo\/ -->\n<title>Tillg\u00e4nglighet - Solace<\/title>\n<meta name=\"description\" content=\"Uppt\u00e4ck hur Kolab blandar kreativitet och teknik f\u00f6r att designa och utveckla meningsfulla digitala l\u00f6sningar. Baserat i Sheffield, med globala leveranser.\" \/>\n<meta name=\"robots\" content=\"index, follow, max-snippet:-1, max-image-preview:large, max-video-preview:-1\" \/>\n<link rel=\"canonical\" href=\"https:\/\/hub.solacelung.eu\/sv\/tillganglighet\/\" \/>\n<meta property=\"og:locale\" content=\"sv_SE\" \/>\n<meta property=\"og:type\" content=\"article\" \/>\n<meta property=\"og:title\" content=\"Tillg\u00e4nglighet - Solace\" \/>\n<meta property=\"og:description\" content=\"Uppt\u00e4ck hur Kolab blandar kreativitet och teknik f\u00f6r att designa och utveckla meningsfulla digitala l\u00f6sningar. Baserat i Sheffield, med globala leveranser.\" \/>\n<meta property=\"og:url\" content=\"https:\/\/hub.solacelung.eu\/sv\/tillganglighet\/\" \/>\n<meta property=\"og:site_name\" content=\"Solace\" \/>\n<meta property=\"article:modified_time\" content=\"2025-10-14T16:34:48+00:00\" \/>\n<meta property=\"og:image\" content=\"https:\/\/hub.solacelung.eu\/wp-content\/uploads\/2025\/08\/shutterstock_1998552674.jpg\" \/>\n\t<meta property=\"og:image:width\" content=\"1000\" \/>\n\t<meta property=\"og:image:height\" content=\"667\" \/>\n\t<meta property=\"og:image:type\" content=\"image\/jpeg\" \/>\n<meta name=\"twitter:card\" content=\"summary_large_image\" \/>\n<meta name=\"twitter:label1\" content=\"Ber\u00e4knad l\u00e4stid\" \/>\n\t<meta name=\"twitter:data1\" content=\"2 minut\" \/>\n<script type=\"application\/ld+json\" class=\"yoast-schema-graph\">{\"@context\":\"https:\/\/schema.org\",\"@graph\":[{\"@type\":\"WebPage\",\"@id\":\"https:\/\/hub.solacelung.eu\/sv\/tillganglighet\/\",\"url\":\"https:\/\/hub.solacelung.eu\/sv\/tillganglighet\/\",\"name\":\"Tillg\u00e4nglighet - Solace\",\"isPartOf\":{\"@id\":\"https:\/\/hub.solacelung.eu\/sv\/#website\"},\"datePublished\":\"2024-12-10T16:58:59+00:00\",\"dateModified\":\"2025-10-14T16:34:48+00:00\",\"description\":\"Uppt\u00e4ck hur Kolab blandar kreativitet och teknik f\u00f6r att designa och utveckla meningsfulla digitala l\u00f6sningar. Baserat i Sheffield, med globala leveranser.\",\"breadcrumb\":{\"@id\":\"https:\/\/hub.solacelung.eu\/sv\/tillganglighet\/#breadcrumb\"},\"inLanguage\":\"sv-SE\",\"potentialAction\":[{\"@type\":\"ReadAction\",\"target\":[\"https:\/\/hub.solacelung.eu\/sv\/tillganglighet\/\"]}]},{\"@type\":\"BreadcrumbList\",\"@id\":\"https:\/\/hub.solacelung.eu\/sv\/tillganglighet\/#breadcrumb\",\"itemListElement\":[{\"@type\":\"ListItem\",\"position\":1,\"name\":\"Home\",\"item\":\"https:\/\/hub.solacelung.eu\/sv\/\"},{\"@type\":\"ListItem\",\"position\":2,\"name\":\"Tillg\u00e4nglighet\"}]},{\"@type\":\"WebSite\",\"@id\":\"https:\/\/hub.solacelung.eu\/sv\/#website\",\"url\":\"https:\/\/hub.solacelung.eu\/sv\/\",\"name\":\"Solace\",\"description\":\"Solace\",\"publisher\":{\"@id\":\"https:\/\/hub.solacelung.eu\/sv\/#organization\"},\"potentialAction\":[{\"@type\":\"SearchAction\",\"target\":{\"@type\":\"EntryPoint\",\"urlTemplate\":\"https:\/\/hub.solacelung.eu\/sv\/?s={search_term_string}\"},\"query-input\":{\"@type\":\"PropertyValueSpecification\",\"valueRequired\":true,\"valueName\":\"search_term_string\"}}],\"inLanguage\":\"sv-SE\"},{\"@type\":\"Organization\",\"@id\":\"https:\/\/hub.solacelung.eu\/sv\/#organization\",\"name\":\"Solace\",\"url\":\"https:\/\/hub.solacelung.eu\/sv\/\",\"logo\":{\"@type\":\"ImageObject\",\"inLanguage\":\"sv-SE\",\"@id\":\"https:\/\/hub.solacelung.eu\/sv\/#\/schema\/logo\/image\/\",\"url\":\"\",\"contentUrl\":\"\",\"caption\":\"Solace\"},\"image\":{\"@id\":\"https:\/\/hub.solacelung.eu\/sv\/#\/schema\/logo\/image\/\"},\"sameAs\":[\"https:\/\/www.linkedin.com\/company\/105992869\/admin\/dashboard\/\"]}]}<\/script>\n<!-- \/ Yoast SEO plugin. -->","yoast_head_json":{"title":"Tillg\u00e4nglighet - Solace","description":"Uppt\u00e4ck hur Kolab blandar kreativitet och teknik f\u00f6r att designa och utveckla meningsfulla digitala l\u00f6sningar. Baserat i Sheffield, med globala leveranser.","robots":{"index":"index","follow":"follow","max-snippet":"max-snippet:-1","max-image-preview":"max-image-preview:large","max-video-preview":"max-video-preview:-1"},"canonical":"https:\/\/hub.solacelung.eu\/sv\/tillganglighet\/","og_locale":"sv_SE","og_type":"article","og_title":"Tillg\u00e4nglighet - Solace","og_description":"Uppt\u00e4ck hur Kolab blandar kreativitet och teknik f\u00f6r att designa och utveckla meningsfulla digitala l\u00f6sningar. Baserat i Sheffield, med globala leveranser.","og_url":"https:\/\/hub.solacelung.eu\/sv\/tillganglighet\/","og_site_name":"Solace","article_modified_time":"2025-10-14T16:34:48+00:00","og_image":[{"width":1000,"height":667,"url":"https:\/\/hub.solacelung.eu\/wp-content\/uploads\/2025\/08\/shutterstock_1998552674.jpg","type":"image\/jpeg"}],"twitter_card":"summary_large_image","twitter_misc":{"Ber\u00e4knad l\u00e4stid":"2 minut"},"schema":{"@context":"https:\/\/schema.org","@graph":[{"@type":"WebPage","@id":"https:\/\/hub.solacelung.eu\/sv\/tillganglighet\/","url":"https:\/\/hub.solacelung.eu\/sv\/tillganglighet\/","name":"Tillg\u00e4nglighet - Solace","isPartOf":{"@id":"https:\/\/hub.solacelung.eu\/sv\/#website"},"datePublished":"2024-12-10T16:58:59+00:00","dateModified":"2025-10-14T16:34:48+00:00","description":"Uppt\u00e4ck hur Kolab blandar kreativitet och teknik f\u00f6r att designa och utveckla meningsfulla digitala l\u00f6sningar. Baserat i Sheffield, med globala leveranser.","breadcrumb":{"@id":"https:\/\/hub.solacelung.eu\/sv\/tillganglighet\/#breadcrumb"},"inLanguage":"sv-SE","potentialAction":[{"@type":"ReadAction","target":["https:\/\/hub.solacelung.eu\/sv\/tillganglighet\/"]}]},{"@type":"BreadcrumbList","@id":"https:\/\/hub.solacelung.eu\/sv\/tillganglighet\/#breadcrumb","itemListElement":[{"@type":"ListItem","position":1,"name":"Home","item":"https:\/\/hub.solacelung.eu\/sv\/"},{"@type":"ListItem","position":2,"name":"Tillg\u00e4nglighet"}]},{"@type":"WebSite","@id":"https:\/\/hub.solacelung.eu\/sv\/#website","url":"https:\/\/hub.solacelung.eu\/sv\/","name":"Solace","description":"Solace","publisher":{"@id":"https:\/\/hub.solacelung.eu\/sv\/#organization"},"potentialAction":[{"@type":"SearchAction","target":{"@type":"EntryPoint","urlTemplate":"https:\/\/hub.solacelung.eu\/sv\/?s={search_term_string}"},"query-input":{"@type":"PropertyValueSpecification","valueRequired":true,"valueName":"search_term_string"}}],"inLanguage":"sv-SE"},{"@type":"Organization","@id":"https:\/\/hub.solacelung.eu\/sv\/#organization","name":"Solace","url":"https:\/\/hub.solacelung.eu\/sv\/","logo":{"@type":"ImageObject","inLanguage":"sv-SE","@id":"https:\/\/hub.solacelung.eu\/sv\/#\/schema\/logo\/image\/","url":"","contentUrl":"","caption":"Solace"},"image":{"@id":"https:\/\/hub.solacelung.eu\/sv\/#\/schema\/logo\/image\/"},"sameAs":["https:\/\/www.linkedin.com\/company\/105992869\/admin\/dashboard\/"]}]}},"_links":{"self":[{"href":"https:\/\/hub.solacelung.eu\/sv\/wp-json\/wp\/v2\/pages\/1608","targetHints":{"allow":["GET"]}}],"collection":[{"href":"https:\/\/hub.solacelung.eu\/sv\/wp-json\/wp\/v2\/pages"}],"about":[{"href":"https:\/\/hub.solacelung.eu\/sv\/wp-json\/wp\/v2\/types\/page"}],"author":[{"embeddable":true,"href":"https:\/\/hub.solacelung.eu\/sv\/wp-json\/wp\/v2\/users\/1"}],"replies":[{"embeddable":true,"href":"https:\/\/hub.solacelung.eu\/sv\/wp-json\/wp\/v2\/comments?post=1608"}],"version-history":[{"count":1,"href":"https:\/\/hub.solacelung.eu\/sv\/wp-json\/wp\/v2\/pages\/1608\/revisions"}],"predecessor-version":[{"id":1609,"href":"https:\/\/hub.solacelung.eu\/sv\/wp-json\/wp\/v2\/pages\/1608\/revisions\/1609"}],"wp:attachment":[{"href":"https:\/\/hub.solacelung.eu\/sv\/wp-json\/wp\/v2\/media?parent=1608"}],"curies":[{"name":"wp","href":"https:\/\/api.w.org\/{rel}","templated":true}]}}