{"id":1715,"date":"2025-09-14T17:22:17","date_gmt":"2025-09-14T16:22:17","guid":{"rendered":"https:\/\/hub.solacelung.eu\/politica-de-utilizare-acceptabila\/"},"modified":"2025-10-14T17:37:04","modified_gmt":"2025-10-14T16:37:04","slug":"politica-de-utilizare-acceptabila","status":"publish","type":"page","link":"https:\/\/hub.solacelung.eu\/ro\/politica-de-utilizare-acceptabila\/","title":{"rendered":"Politica de utilizare acceptabil\u0103"},"content":{"rendered":"<div class=\"site-padding\">\n<p>Aceast\u0103 politic\u0103 de utilizare acceptabil\u0103 stabile\u0219te regulile de utilizare a hub.solacelung.eu (denumit \u00een continuare &#8222;Knowledge Hub&#8221;), operat de Lungs Europe. Prin utilizarea site-ului, sunte\u021bi de acord cu aceast\u0103 politic\u0103, care completeaz\u0103 Termenii \u0219i condi\u021biile noastre. <\/p>\n<\/div><div class=\"site-padding\">\n<p><strong>1. Utiliz\u0103ri interzise<\/strong><\/p>\n<\/div><div class=\"site-padding\">\n<p>Nu ave\u021bi dreptul s\u0103 utiliza\u021bi site-ul:<br\/>&#8211; \u00cen orice mod care \u00eencalc\u0103 legile sau reglement\u0103rile aplicabile<br\/>&#8211; \u00cen scopuri ilegale sau frauduloase<br\/>&#8211; Pentru a afecta sau exploata minorii<br\/>&#8211; Pentru a transmite sau \u00eenc\u0103rca viru\u0219i sau alte coduri d\u0103un\u0103toare<br\/>&#8211; Pentru a trimite publicitate nesolicitat\u0103 sau spam<br\/>&#8211; Pentru a reproduce, duplica sau copia orice con\u021binut care \u00eencalc\u0103 termenii no\u0219tri<\/p>\n<\/div><div class=\"site-padding\">\n<p>Nu pute\u021bi interfera cu func\u021bionarea site-ului, a serverelor sau a re\u021belelor conectate la site.<\/p>\n<\/div><div class=\"site-padding\">\n<p><strong>2. Servicii interactive<\/strong><\/p>\n<\/div><div class=\"site-padding\">\n<p>\u00cen cazul \u00een care sunt furnizate instrumente interactive sau forumuri, vom indica \u00een mod clar natura moder\u0103rii, dac\u0103 este cazul. Utilizarea acestor servicii de c\u0103tre minori trebuie supravegheat\u0103 de un p\u0103rinte sau tutore. Nu suntem responsabili pentru niciun con\u021binut generat de utilizatori sau pentru consecin\u021bele acestuia.  <\/p>\n<\/div><div class=\"site-padding\">\n<p><strong>3. Standarde de con\u021binut<\/strong><\/p>\n<\/div><div class=\"site-padding\">\n<p>Contribu\u021biile trebuie:<br\/>&#8211; s\u0103 fie exacte (atunci c\u00e2nd se bazeaz\u0103 pe fapte)<br\/>&#8211; s\u0103 fie reale (atunci c\u00e2nd se bazeaz\u0103 pe opinii)<br\/>&#8211; s\u0103 respecte legile aplicabile<br\/>Contribu\u021biile nu trebuie:<br\/>&#8211; s\u0103 fie def\u0103im\u0103toare, obscene, instigatoare la ur\u0103 sau incendiare<br\/>&#8211; s\u0103 promoveze violen\u021ba sau discriminarea<br\/>&#8211; s\u0103 \u00eencalce proprietatea intelectual\u0103<br\/>&#8211; s\u0103 induc\u0103 \u00een eroare alte persoane sau s\u0103 \u00eencalce confiden\u021bialitatea<br\/>&#8211; s\u0103 h\u0103r\u021buiasc\u0103, s\u0103 abuzeze sau s\u0103 intimideze alte persoane<br\/>&#8211; s\u0103 se dea drept orice persoan\u0103 sau s\u0103 prezinte \u00een mod fals afilierea<\/p>\n<\/div><div class=\"site-padding\">\n<p><strong>4. Punerea \u00een aplicare<\/strong><\/p>\n<\/div><div class=\"site-padding\">\n<p>Putem lua orice m\u0103sur\u0103 pe care o consider\u0103m adecvat\u0103 pentru \u00eenc\u0103lc\u0103ri, inclusiv:<br\/>&#8211; Eliminarea con\u021binutului<br\/>&#8211; Restric\u021bionarea accesului<br\/>&#8211; Ac\u021biuni \u00een justi\u021bie<br\/>&#8211; Raportarea c\u0103tre autorit\u0103\u021bi<br\/>Excludem r\u0103spunderea pentru m\u0103surile luate ca r\u0103spuns la \u00eenc\u0103lc\u0103rile politicii.<\/p>\n<\/div><div class=\"site-padding\">\n<p><strong>5. Modific\u0103ri ale prezentei politici<\/strong><\/p>\n<\/div><div class=\"site-padding\">\n<p>Putem actualiza aceast\u0103 politic\u0103 \u00een orice moment. V\u0103 rug\u0103m s\u0103 o revizui\u021bi \u00een mod regulat pentru a r\u0103m\u00e2ne la curent cu orice modific\u0103ri. <\/p>\n<\/div><div class=\"site-padding\">\n<p><strong>6. Contact<\/strong><\/p>\n<\/div><div class=\"site-padding\">\n<p>Pentru orice \u00eentreb\u0103ri sau nel\u0103muriri, contacta\u021bi info@europeanlung.org.<\/p>\n<\/div>","protected":false},"excerpt":{"rendered":"<p>Aceast\u0103 politic\u0103 de utilizare acceptabil\u0103 stabile\u0219te regulile de utilizare a hub.solacelung.eu (denumit \u00een continuare &#8222;Knowledge Hub&#8221;), operat de Lungs Europe. Prin utilizarea site-ului, sunte\u021bi de acord cu aceast\u0103 politic\u0103, care completeaz\u0103 Termenii \u0219i condi\u021biile noastre. 1. Utiliz\u0103ri interzise Nu ave\u021bi dreptul s\u0103 utiliza\u021bi site-ul:&#8211; \u00cen orice mod care \u00eencalc\u0103 legile sau reglement\u0103rile aplicabile&#8211; \u00cen scopuri [&hellip;]<\/p>\n","protected":false},"author":1,"featured_media":0,"parent":0,"menu_order":0,"comment_status":"closed","ping_status":"closed","template":"","meta":{"_acf_changed":false,"footnotes":""},"class_list":["post-1715","page","type-page","status-publish","hentry"],"acf":[],"yoast_head":"<!-- This site is optimized with the Yoast SEO plugin v25.9 - https:\/\/yoast.com\/wordpress\/plugins\/seo\/ -->\n<title>Politica de utilizare acceptabil\u0103 - Solace<\/title>\n<meta name=\"description\" content=\"SOLACE Knowledge Hub - The lung cancer screening resource for the public and professionals.\" \/>\n<meta name=\"robots\" content=\"index, follow, max-snippet:-1, max-image-preview:large, max-video-preview:-1\" \/>\n<link rel=\"canonical\" href=\"https:\/\/hub.solacelung.eu\/ro\/politica-de-utilizare-acceptabila\/\" \/>\n<meta property=\"og:locale\" content=\"ro_RO\" \/>\n<meta property=\"og:type\" content=\"article\" \/>\n<meta property=\"og:title\" content=\"Politica de utilizare acceptabil\u0103 - Solace\" \/>\n<meta property=\"og:description\" content=\"SOLACE Knowledge Hub - The lung cancer screening resource for the public and professionals.\" \/>\n<meta property=\"og:url\" content=\"https:\/\/hub.solacelung.eu\/ro\/politica-de-utilizare-acceptabila\/\" \/>\n<meta property=\"og:site_name\" content=\"Solace\" \/>\n<meta property=\"article:modified_time\" content=\"2025-10-14T16:37:04+00:00\" \/>\n<meta property=\"og:image\" content=\"https:\/\/hub.solacelung.eu\/wp-content\/uploads\/2025\/08\/shutterstock_1998552674.jpg\" \/>\n\t<meta property=\"og:image:width\" content=\"1000\" \/>\n\t<meta property=\"og:image:height\" content=\"667\" \/>\n\t<meta property=\"og:image:type\" content=\"image\/jpeg\" \/>\n<meta name=\"twitter:card\" content=\"summary_large_image\" \/>\n<meta name=\"twitter:label1\" content=\"Timp estimat pentru citire\" \/>\n\t<meta name=\"twitter:data1\" content=\"2 minut\" \/>\n<script type=\"application\/ld+json\" class=\"yoast-schema-graph\">{\"@context\":\"https:\/\/schema.org\",\"@graph\":[{\"@type\":\"WebPage\",\"@id\":\"https:\/\/hub.solacelung.eu\/ro\/politica-de-utilizare-acceptabila\/\",\"url\":\"https:\/\/hub.solacelung.eu\/ro\/politica-de-utilizare-acceptabila\/\",\"name\":\"Politica de utilizare acceptabil\u0103 - Solace\",\"isPartOf\":{\"@id\":\"https:\/\/hub.solacelung.eu\/ro\/#website\"},\"datePublished\":\"2025-09-14T16:22:17+00:00\",\"dateModified\":\"2025-10-14T16:37:04+00:00\",\"description\":\"SOLACE Knowledge Hub - The lung cancer screening resource for the public and professionals.\",\"breadcrumb\":{\"@id\":\"https:\/\/hub.solacelung.eu\/ro\/politica-de-utilizare-acceptabila\/#breadcrumb\"},\"inLanguage\":\"ro-RO\",\"potentialAction\":[{\"@type\":\"ReadAction\",\"target\":[\"https:\/\/hub.solacelung.eu\/ro\/politica-de-utilizare-acceptabila\/\"]}]},{\"@type\":\"BreadcrumbList\",\"@id\":\"https:\/\/hub.solacelung.eu\/ro\/politica-de-utilizare-acceptabila\/#breadcrumb\",\"itemListElement\":[{\"@type\":\"ListItem\",\"position\":1,\"name\":\"Home\",\"item\":\"https:\/\/hub.solacelung.eu\/ro\/\"},{\"@type\":\"ListItem\",\"position\":2,\"name\":\"Politica de utilizare acceptabil\u0103\"}]},{\"@type\":\"WebSite\",\"@id\":\"https:\/\/hub.solacelung.eu\/ro\/#website\",\"url\":\"https:\/\/hub.solacelung.eu\/ro\/\",\"name\":\"Solace\",\"description\":\"Solace\",\"publisher\":{\"@id\":\"https:\/\/hub.solacelung.eu\/ro\/#organization\"},\"potentialAction\":[{\"@type\":\"SearchAction\",\"target\":{\"@type\":\"EntryPoint\",\"urlTemplate\":\"https:\/\/hub.solacelung.eu\/ro\/?s={search_term_string}\"},\"query-input\":{\"@type\":\"PropertyValueSpecification\",\"valueRequired\":true,\"valueName\":\"search_term_string\"}}],\"inLanguage\":\"ro-RO\"},{\"@type\":\"Organization\",\"@id\":\"https:\/\/hub.solacelung.eu\/ro\/#organization\",\"name\":\"Solace\",\"url\":\"https:\/\/hub.solacelung.eu\/ro\/\",\"logo\":{\"@type\":\"ImageObject\",\"inLanguage\":\"ro-RO\",\"@id\":\"https:\/\/hub.solacelung.eu\/ro\/#\/schema\/logo\/image\/\",\"url\":\"\",\"contentUrl\":\"\",\"caption\":\"Solace\"},\"image\":{\"@id\":\"https:\/\/hub.solacelung.eu\/ro\/#\/schema\/logo\/image\/\"},\"sameAs\":[\"https:\/\/www.linkedin.com\/company\/105992869\/admin\/dashboard\/\"]}]}<\/script>\n<!-- \/ Yoast SEO plugin. -->","yoast_head_json":{"title":"Politica de utilizare acceptabil\u0103 - Solace","description":"SOLACE Knowledge Hub - The lung cancer screening resource for the public and professionals.","robots":{"index":"index","follow":"follow","max-snippet":"max-snippet:-1","max-image-preview":"max-image-preview:large","max-video-preview":"max-video-preview:-1"},"canonical":"https:\/\/hub.solacelung.eu\/ro\/politica-de-utilizare-acceptabila\/","og_locale":"ro_RO","og_type":"article","og_title":"Politica de utilizare acceptabil\u0103 - Solace","og_description":"SOLACE Knowledge Hub - The lung cancer screening resource for the public and professionals.","og_url":"https:\/\/hub.solacelung.eu\/ro\/politica-de-utilizare-acceptabila\/","og_site_name":"Solace","article_modified_time":"2025-10-14T16:37:04+00:00","og_image":[{"width":1000,"height":667,"url":"https:\/\/hub.solacelung.eu\/wp-content\/uploads\/2025\/08\/shutterstock_1998552674.jpg","type":"image\/jpeg"}],"twitter_card":"summary_large_image","twitter_misc":{"Timp estimat pentru citire":"2 minut"},"schema":{"@context":"https:\/\/schema.org","@graph":[{"@type":"WebPage","@id":"https:\/\/hub.solacelung.eu\/ro\/politica-de-utilizare-acceptabila\/","url":"https:\/\/hub.solacelung.eu\/ro\/politica-de-utilizare-acceptabila\/","name":"Politica de utilizare acceptabil\u0103 - Solace","isPartOf":{"@id":"https:\/\/hub.solacelung.eu\/ro\/#website"},"datePublished":"2025-09-14T16:22:17+00:00","dateModified":"2025-10-14T16:37:04+00:00","description":"SOLACE Knowledge Hub - The lung cancer screening resource for the public and professionals.","breadcrumb":{"@id":"https:\/\/hub.solacelung.eu\/ro\/politica-de-utilizare-acceptabila\/#breadcrumb"},"inLanguage":"ro-RO","potentialAction":[{"@type":"ReadAction","target":["https:\/\/hub.solacelung.eu\/ro\/politica-de-utilizare-acceptabila\/"]}]},{"@type":"BreadcrumbList","@id":"https:\/\/hub.solacelung.eu\/ro\/politica-de-utilizare-acceptabila\/#breadcrumb","itemListElement":[{"@type":"ListItem","position":1,"name":"Home","item":"https:\/\/hub.solacelung.eu\/ro\/"},{"@type":"ListItem","position":2,"name":"Politica de utilizare acceptabil\u0103"}]},{"@type":"WebSite","@id":"https:\/\/hub.solacelung.eu\/ro\/#website","url":"https:\/\/hub.solacelung.eu\/ro\/","name":"Solace","description":"Solace","publisher":{"@id":"https:\/\/hub.solacelung.eu\/ro\/#organization"},"potentialAction":[{"@type":"SearchAction","target":{"@type":"EntryPoint","urlTemplate":"https:\/\/hub.solacelung.eu\/ro\/?s={search_term_string}"},"query-input":{"@type":"PropertyValueSpecification","valueRequired":true,"valueName":"search_term_string"}}],"inLanguage":"ro-RO"},{"@type":"Organization","@id":"https:\/\/hub.solacelung.eu\/ro\/#organization","name":"Solace","url":"https:\/\/hub.solacelung.eu\/ro\/","logo":{"@type":"ImageObject","inLanguage":"ro-RO","@id":"https:\/\/hub.solacelung.eu\/ro\/#\/schema\/logo\/image\/","url":"","contentUrl":"","caption":"Solace"},"image":{"@id":"https:\/\/hub.solacelung.eu\/ro\/#\/schema\/logo\/image\/"},"sameAs":["https:\/\/www.linkedin.com\/company\/105992869\/admin\/dashboard\/"]}]}},"_links":{"self":[{"href":"https:\/\/hub.solacelung.eu\/ro\/wp-json\/wp\/v2\/pages\/1715","targetHints":{"allow":["GET"]}}],"collection":[{"href":"https:\/\/hub.solacelung.eu\/ro\/wp-json\/wp\/v2\/pages"}],"about":[{"href":"https:\/\/hub.solacelung.eu\/ro\/wp-json\/wp\/v2\/types\/page"}],"author":[{"embeddable":true,"href":"https:\/\/hub.solacelung.eu\/ro\/wp-json\/wp\/v2\/users\/1"}],"replies":[{"embeddable":true,"href":"https:\/\/hub.solacelung.eu\/ro\/wp-json\/wp\/v2\/comments?post=1715"}],"version-history":[{"count":1,"href":"https:\/\/hub.solacelung.eu\/ro\/wp-json\/wp\/v2\/pages\/1715\/revisions"}],"predecessor-version":[{"id":1716,"href":"https:\/\/hub.solacelung.eu\/ro\/wp-json\/wp\/v2\/pages\/1715\/revisions\/1716"}],"wp:attachment":[{"href":"https:\/\/hub.solacelung.eu\/ro\/wp-json\/wp\/v2\/media?parent=1715"}],"curies":[{"name":"wp","href":"https:\/\/api.w.org\/{rel}","templated":true}]}}