{"id":1681,"date":"2025-09-14T17:21:02","date_gmt":"2025-09-14T16:21:02","guid":{"rendered":"https:\/\/hub.solacelung.eu\/politica-de-confidentialitate\/"},"modified":"2025-10-14T17:36:25","modified_gmt":"2025-10-14T16:36:25","slug":"politica-de-confidentialitate","status":"publish","type":"page","link":"https:\/\/hub.solacelung.eu\/ro\/politica-de-confidentialitate\/","title":{"rendered":"Politica de confiden\u021bialitate"},"content":{"rendered":"<div class=\"site-padding\">\n<p>Lungs Europe se angajeaz\u0103 s\u0103 v\u0103 protejeze confiden\u021bialitatea. Aceast\u0103 politic\u0103 de confiden\u021bialitate explic\u0103 modul \u00een care colect\u0103m, utiliz\u0103m \u0219i protej\u0103m datele dvs. personale atunci c\u00e2nd vizita\u021bi hub.solacelung.eu (&#8222;Knowledge Hub&#8221;). <\/p>\n<\/div><div class=\"site-padding\">\n<p>Lungs Europe ac\u021bioneaz\u0103 ca unic operator de date pentru Knowledge Hub.<\/p>\n<\/div><div class=\"site-padding\">\n<p>Contact:<br\/>Lungs Europe<br\/>Tel: +32 2 238 53 60<br\/>Email: info@europeanlung.org<br\/>Adresa \u00eenregistrat\u0103: Rue du Congr\u00e8s 35, 1000 Bruxelles, Belgia<\/p>\n<\/div><div class=\"site-padding\">\n<p><strong>1. Ce date colect\u0103m \u0219i de ce<\/strong><\/p>\n<\/div><div class=\"site-padding\">\n<p>a. Analiza site-ului: Colect\u0103m date tehnice (IP, browser etc.) pentru a \u00eembun\u0103t\u0103\u021bi site-ul. Temei juridic: Interes legitim.  <\/p>\n<\/div><div class=\"site-padding\">\n<p>b. Formular de contact sau e-mail: Prelucr\u0103m numele, adresa de e-mail \u0219i mesajul dumneavoastr\u0103 pentru a r\u0103spunde solicit\u0103rilor dumneavoastr\u0103. Temei juridic: Interes legitim.  <\/p>\n<\/div><div class=\"site-padding\">\n<p>Not\u0103: Contact\u00e2nd EIBIR, aceasta devine operator al datelor dumneavoastr\u0103.<\/p>\n<\/div><div class=\"site-padding\">\n<p>c. Abonarea la newsletter: Colect\u0103m numele, adresa de e-mail, data\/ora abon\u0103rii. Temei juridic: Consim\u021b\u0103m\u00e2nt. Gestionat prin intermediul Mailchimp (Cadrul UE-SUA privind confiden\u021bialitatea datelor).   <\/p>\n<\/div><div class=\"site-padding\">\n<p>d. Instrumente interactive (eligibilitate \u0219i traseu): Aceste instrumente furnizeaz\u0103 doar informa\u021bii generale \u0219i nu stocheaz\u0103 implicit date cu caracter personal. <\/p>\n<\/div><div class=\"site-padding\">\n<p><strong>2. Cookie-uri \u0219i urm\u0103rire<\/strong><\/p>\n<\/div><div class=\"site-padding\">\n<p>Cookie-uri esen\u021biale necesare. Cookie-urile analitice (GA4) necesit\u0103 consim\u021b\u0103m\u00e2nt. Gestiona\u021bi prin intermediul bannerului cookie sau al add-onului de browser.  <\/p>\n<\/div><div class=\"site-padding\">\n<p><strong>3. C\u00e2t timp p\u0103str\u0103m datele dumneavoastr\u0103<\/strong><\/p>\n<\/div><div class=\"site-padding\">\n<p>&#8211; Analiz\u0103: 5 ani<br\/>&#8211; Email-uri de contact: 5 ani<br\/>&#8211; Newsletter: P\u00e2n\u0103 la dezabonare sau 18 luni de inactivitate<br\/>&#8211; Instrumente interactive: Nu sunt p\u0103strate dec\u00e2t dac\u0103 sunt trimise<\/p>\n<\/div><div class=\"site-padding\">\n<p><strong>4. Drepturile dumneavoastr\u0103<\/strong><\/p>\n<\/div><div class=\"site-padding\">\n<p>Pute\u021bi accesa, corecta, \u0219terge sau restric\u021biona datele dumneavoastr\u0103. Contacta\u021bi info@europeanlung.org pentru a v\u0103 exercita drepturile. <\/p>\n<\/div><div class=\"site-padding\">\n<p><strong>5. Partajarea datelor<\/strong><\/p>\n<\/div><div class=\"site-padding\">\n<p>Partajate numai cu Mailchimp \u0219i Google Analytics. F\u0103r\u0103 v\u00e2nz\u0103ri de la ter\u021bi. <\/p>\n<\/div><div class=\"site-padding\">\n<p><strong>6. Leg\u0103turi externe<\/strong><\/p>\n<\/div><div class=\"site-padding\">\n<p>Nu suntem responsabili pentru practicile de confiden\u021bialitate sau con\u021binutul site-urilor externe.<\/p>\n<\/div>","protected":false},"excerpt":{"rendered":"<p>Lungs Europe se angajeaz\u0103 s\u0103 v\u0103 protejeze confiden\u021bialitatea. Aceast\u0103 politic\u0103 de confiden\u021bialitate explic\u0103 modul \u00een care colect\u0103m, utiliz\u0103m \u0219i protej\u0103m datele dvs. personale atunci c\u00e2nd vizita\u021bi hub.solacelung.eu (&#8222;Knowledge Hub&#8221;). Lungs Europe ac\u021bioneaz\u0103 ca unic operator de date pentru Knowledge Hub. Contact:Lungs EuropeTel: +32 2 238 53 60Email: info@europeanlung.orgAdresa \u00eenregistrat\u0103: Rue du Congr\u00e8s 35, 1000 Bruxelles, [&hellip;]<\/p>\n","protected":false},"author":1,"featured_media":0,"parent":0,"menu_order":0,"comment_status":"closed","ping_status":"closed","template":"","meta":{"_acf_changed":false,"footnotes":""},"class_list":["post-1681","page","type-page","status-publish","hentry"],"acf":[],"yoast_head":"<!-- This site is optimized with the Yoast SEO plugin v25.9 - https:\/\/yoast.com\/wordpress\/plugins\/seo\/ -->\n<title>Politica de confiden\u021bialitate - Solace<\/title>\n<meta name=\"description\" content=\"SOLACE Knowledge Hub - The lung cancer screening resource for the public and professionals.\" \/>\n<meta name=\"robots\" content=\"index, follow, max-snippet:-1, max-image-preview:large, max-video-preview:-1\" \/>\n<link rel=\"canonical\" href=\"https:\/\/hub.solacelung.eu\/ro\/politica-de-confidentialitate\/\" \/>\n<meta property=\"og:locale\" content=\"ro_RO\" \/>\n<meta property=\"og:type\" content=\"article\" \/>\n<meta property=\"og:title\" content=\"Politica de confiden\u021bialitate - Solace\" \/>\n<meta property=\"og:description\" content=\"SOLACE Knowledge Hub - The lung cancer screening resource for the public and professionals.\" \/>\n<meta property=\"og:url\" content=\"https:\/\/hub.solacelung.eu\/ro\/politica-de-confidentialitate\/\" \/>\n<meta property=\"og:site_name\" content=\"Solace\" \/>\n<meta property=\"article:modified_time\" content=\"2025-10-14T16:36:25+00:00\" \/>\n<meta property=\"og:image\" content=\"https:\/\/hub.solacelung.eu\/wp-content\/uploads\/2025\/08\/shutterstock_1998552674.jpg\" \/>\n\t<meta property=\"og:image:width\" content=\"1000\" \/>\n\t<meta property=\"og:image:height\" content=\"667\" \/>\n\t<meta property=\"og:image:type\" content=\"image\/jpeg\" \/>\n<meta name=\"twitter:card\" content=\"summary_large_image\" \/>\n<meta name=\"twitter:label1\" content=\"Timp estimat pentru citire\" \/>\n\t<meta name=\"twitter:data1\" content=\"1 minut\" \/>\n<script type=\"application\/ld+json\" class=\"yoast-schema-graph\">{\"@context\":\"https:\/\/schema.org\",\"@graph\":[{\"@type\":\"WebPage\",\"@id\":\"https:\/\/hub.solacelung.eu\/ro\/politica-de-confidentialitate\/\",\"url\":\"https:\/\/hub.solacelung.eu\/ro\/politica-de-confidentialitate\/\",\"name\":\"Politica de confiden\u021bialitate - Solace\",\"isPartOf\":{\"@id\":\"https:\/\/hub.solacelung.eu\/ro\/#website\"},\"datePublished\":\"2025-09-14T16:21:02+00:00\",\"dateModified\":\"2025-10-14T16:36:25+00:00\",\"description\":\"SOLACE Knowledge Hub - The lung cancer screening resource for the public and professionals.\",\"breadcrumb\":{\"@id\":\"https:\/\/hub.solacelung.eu\/ro\/politica-de-confidentialitate\/#breadcrumb\"},\"inLanguage\":\"ro-RO\",\"potentialAction\":[{\"@type\":\"ReadAction\",\"target\":[\"https:\/\/hub.solacelung.eu\/ro\/politica-de-confidentialitate\/\"]}]},{\"@type\":\"BreadcrumbList\",\"@id\":\"https:\/\/hub.solacelung.eu\/ro\/politica-de-confidentialitate\/#breadcrumb\",\"itemListElement\":[{\"@type\":\"ListItem\",\"position\":1,\"name\":\"Home\",\"item\":\"https:\/\/hub.solacelung.eu\/ro\/\"},{\"@type\":\"ListItem\",\"position\":2,\"name\":\"Politica de confiden\u021bialitate\"}]},{\"@type\":\"WebSite\",\"@id\":\"https:\/\/hub.solacelung.eu\/ro\/#website\",\"url\":\"https:\/\/hub.solacelung.eu\/ro\/\",\"name\":\"Solace\",\"description\":\"Solace\",\"publisher\":{\"@id\":\"https:\/\/hub.solacelung.eu\/ro\/#organization\"},\"potentialAction\":[{\"@type\":\"SearchAction\",\"target\":{\"@type\":\"EntryPoint\",\"urlTemplate\":\"https:\/\/hub.solacelung.eu\/ro\/?s={search_term_string}\"},\"query-input\":{\"@type\":\"PropertyValueSpecification\",\"valueRequired\":true,\"valueName\":\"search_term_string\"}}],\"inLanguage\":\"ro-RO\"},{\"@type\":\"Organization\",\"@id\":\"https:\/\/hub.solacelung.eu\/ro\/#organization\",\"name\":\"Solace\",\"url\":\"https:\/\/hub.solacelung.eu\/ro\/\",\"logo\":{\"@type\":\"ImageObject\",\"inLanguage\":\"ro-RO\",\"@id\":\"https:\/\/hub.solacelung.eu\/ro\/#\/schema\/logo\/image\/\",\"url\":\"\",\"contentUrl\":\"\",\"caption\":\"Solace\"},\"image\":{\"@id\":\"https:\/\/hub.solacelung.eu\/ro\/#\/schema\/logo\/image\/\"},\"sameAs\":[\"https:\/\/www.linkedin.com\/company\/105992869\/admin\/dashboard\/\"]}]}<\/script>\n<!-- \/ Yoast SEO plugin. -->","yoast_head_json":{"title":"Politica de confiden\u021bialitate - Solace","description":"SOLACE Knowledge Hub - The lung cancer screening resource for the public and professionals.","robots":{"index":"index","follow":"follow","max-snippet":"max-snippet:-1","max-image-preview":"max-image-preview:large","max-video-preview":"max-video-preview:-1"},"canonical":"https:\/\/hub.solacelung.eu\/ro\/politica-de-confidentialitate\/","og_locale":"ro_RO","og_type":"article","og_title":"Politica de confiden\u021bialitate - Solace","og_description":"SOLACE Knowledge Hub - The lung cancer screening resource for the public and professionals.","og_url":"https:\/\/hub.solacelung.eu\/ro\/politica-de-confidentialitate\/","og_site_name":"Solace","article_modified_time":"2025-10-14T16:36:25+00:00","og_image":[{"width":1000,"height":667,"url":"https:\/\/hub.solacelung.eu\/wp-content\/uploads\/2025\/08\/shutterstock_1998552674.jpg","type":"image\/jpeg"}],"twitter_card":"summary_large_image","twitter_misc":{"Timp estimat pentru citire":"1 minut"},"schema":{"@context":"https:\/\/schema.org","@graph":[{"@type":"WebPage","@id":"https:\/\/hub.solacelung.eu\/ro\/politica-de-confidentialitate\/","url":"https:\/\/hub.solacelung.eu\/ro\/politica-de-confidentialitate\/","name":"Politica de confiden\u021bialitate - Solace","isPartOf":{"@id":"https:\/\/hub.solacelung.eu\/ro\/#website"},"datePublished":"2025-09-14T16:21:02+00:00","dateModified":"2025-10-14T16:36:25+00:00","description":"SOLACE Knowledge Hub - The lung cancer screening resource for the public and professionals.","breadcrumb":{"@id":"https:\/\/hub.solacelung.eu\/ro\/politica-de-confidentialitate\/#breadcrumb"},"inLanguage":"ro-RO","potentialAction":[{"@type":"ReadAction","target":["https:\/\/hub.solacelung.eu\/ro\/politica-de-confidentialitate\/"]}]},{"@type":"BreadcrumbList","@id":"https:\/\/hub.solacelung.eu\/ro\/politica-de-confidentialitate\/#breadcrumb","itemListElement":[{"@type":"ListItem","position":1,"name":"Home","item":"https:\/\/hub.solacelung.eu\/ro\/"},{"@type":"ListItem","position":2,"name":"Politica de confiden\u021bialitate"}]},{"@type":"WebSite","@id":"https:\/\/hub.solacelung.eu\/ro\/#website","url":"https:\/\/hub.solacelung.eu\/ro\/","name":"Solace","description":"Solace","publisher":{"@id":"https:\/\/hub.solacelung.eu\/ro\/#organization"},"potentialAction":[{"@type":"SearchAction","target":{"@type":"EntryPoint","urlTemplate":"https:\/\/hub.solacelung.eu\/ro\/?s={search_term_string}"},"query-input":{"@type":"PropertyValueSpecification","valueRequired":true,"valueName":"search_term_string"}}],"inLanguage":"ro-RO"},{"@type":"Organization","@id":"https:\/\/hub.solacelung.eu\/ro\/#organization","name":"Solace","url":"https:\/\/hub.solacelung.eu\/ro\/","logo":{"@type":"ImageObject","inLanguage":"ro-RO","@id":"https:\/\/hub.solacelung.eu\/ro\/#\/schema\/logo\/image\/","url":"","contentUrl":"","caption":"Solace"},"image":{"@id":"https:\/\/hub.solacelung.eu\/ro\/#\/schema\/logo\/image\/"},"sameAs":["https:\/\/www.linkedin.com\/company\/105992869\/admin\/dashboard\/"]}]}},"_links":{"self":[{"href":"https:\/\/hub.solacelung.eu\/ro\/wp-json\/wp\/v2\/pages\/1681","targetHints":{"allow":["GET"]}}],"collection":[{"href":"https:\/\/hub.solacelung.eu\/ro\/wp-json\/wp\/v2\/pages"}],"about":[{"href":"https:\/\/hub.solacelung.eu\/ro\/wp-json\/wp\/v2\/types\/page"}],"author":[{"embeddable":true,"href":"https:\/\/hub.solacelung.eu\/ro\/wp-json\/wp\/v2\/users\/1"}],"replies":[{"embeddable":true,"href":"https:\/\/hub.solacelung.eu\/ro\/wp-json\/wp\/v2\/comments?post=1681"}],"version-history":[{"count":1,"href":"https:\/\/hub.solacelung.eu\/ro\/wp-json\/wp\/v2\/pages\/1681\/revisions"}],"predecessor-version":[{"id":1682,"href":"https:\/\/hub.solacelung.eu\/ro\/wp-json\/wp\/v2\/pages\/1681\/revisions\/1682"}],"wp:attachment":[{"href":"https:\/\/hub.solacelung.eu\/ro\/wp-json\/wp\/v2\/media?parent=1681"}],"curies":[{"name":"wp","href":"https:\/\/api.w.org\/{rel}","templated":true}]}}