{"id":1649,"date":"2025-08-18T16:32:13","date_gmt":"2025-08-18T15:32:13","guid":{"rendered":"https:\/\/hub.solacelung.eu\/profesionisti\/"},"modified":"2025-10-14T17:35:44","modified_gmt":"2025-10-14T16:35:44","slug":"profesionisti","status":"publish","type":"page","link":"https:\/\/hub.solacelung.eu\/ro\/","title":{"rendered":"Profesioni\u0219ti"},"content":{"rendered":"\n<div class=\"spacer background-alb mediu\"><\/div>    <div class=\"card-listing\">\n        <div class=\"page-width inner\">\n                                <article class=\"card\">\n    <div class=\"image\">\n        <img loading=\"lazy\" decoding=\"async\" width=\"809\" height=\"490\" src=\"https:\/\/hub.solacelung.eu\/wp-content\/uploads\/2025\/08\/Copy-of-DJI_0453-809x490.jpg\" class=\"attachment-card size-card\" alt=\"De ce avem nevoie de screening pentru cancer?\" srcset=\"https:\/\/hub.solacelung.eu\/wp-content\/uploads\/2025\/08\/Copy-of-DJI_0453-809x490.jpg 809w, https:\/\/hub.solacelung.eu\/wp-content\/uploads\/2025\/08\/Copy-of-DJI_0453-1920x1162.jpg 1920w\" sizes=\"auto, (max-width: 809px) 100vw, 809px\" \/>    <\/div>\n    <div class=\"content\">\n        <h2>De ce avem nevoie de screening pentru cancer?<\/h2>\n    <\/div>\n    <a href=\"https:\/\/hub.solacelung.eu\/ro\/professionals\/de-ce-avem-nevoie-de-screening-pentru-cancer\/\">\n        <span class=\"vh\">View this post<\/span>\n    <\/a>\n<\/article>                                                <article class=\"card\">\n    <div class=\"image\">\n        <img loading=\"lazy\" decoding=\"async\" width=\"653\" height=\"490\" src=\"https:\/\/hub.solacelung.eu\/wp-content\/uploads\/2025\/08\/CT-screening-stock-via-Canva-653x490.webp\" class=\"attachment-card size-card\" alt=\"Set de instrumente de implementare\" srcset=\"https:\/\/hub.solacelung.eu\/wp-content\/uploads\/2025\/08\/CT-screening-stock-via-Canva-653x490.webp 653w, https:\/\/hub.solacelung.eu\/wp-content\/uploads\/2025\/08\/CT-screening-stock-via-Canva.webp 1024w\" sizes=\"auto, (max-width: 653px) 100vw, 653px\" \/>    <\/div>\n    <div class=\"content\">\n        <h2>Set de instrumente de implementare<\/h2>\n    <\/div>\n    <a href=\"https:\/\/hub.solacelung.eu\/ro\/professionals\/set-de-instrumente-de-implementare\/\">\n        <span class=\"vh\">View this post<\/span>\n    <\/a>\n<\/article>                                                <article class=\"card\">\n    <div class=\"image\">\n        <img loading=\"lazy\" decoding=\"async\" width=\"793\" height=\"490\" src=\"https:\/\/hub.solacelung.eu\/wp-content\/uploads\/2025\/08\/shutterstock_1710535450-793x490.jpg\" class=\"attachment-card size-card\" alt=\"Resurse\" srcset=\"https:\/\/hub.solacelung.eu\/wp-content\/uploads\/2025\/08\/shutterstock_1710535450-793x490.jpg 793w, https:\/\/hub.solacelung.eu\/wp-content\/uploads\/2025\/08\/shutterstock_1710535450.jpg 1000w\" sizes=\"auto, (max-width: 793px) 100vw, 793px\" \/>    <\/div>\n    <div class=\"content\">\n        <h2>Resurse<\/h2>\n    <\/div>\n    <a href=\"https:\/\/hub.solacelung.eu\/ro\/professionals\/resurse\/\">\n        <span class=\"vh\">View this post<\/span>\n    <\/a>\n<\/article>                            <\/div>\n    <\/div>\n\n<div class=\"spacer background-alb mediu\"><\/div><div class=\"featured-card featured-card--image-left\">\n    <div class=\"inner page-width\">\n        <div class=\"featured-card__left\"\">\n                            <img decoding=\"async\" src=\" https:\/\/hub.solacelung.eu\/wp-content\/uploads\/2025\/07\/Untitled-design-9-e1682436451464-880x449.webp\" alt=\"An older male receiving a lung cancer screening scan.\" class=\"featured-card__image\" loading=\"lazy\" \/>\n        <\/div>\n    <div class=\"featured-card__right\"\">\n                            <h2 class=\" featured-card__title\">Ghiduri clinice<\/h2>\n                <div class=\"featured-card__description\"><p style=\"text-align: left;\" data-mce-style=\"text-align: left;\">Accesa\u021bi ghiduri clinice bazate pe dovezi \u0219i standarde tehnice pentru a v\u0103 asigura c\u0103 programul dumneavoastr\u0103 de screening \u00eendepline\u0219te cele mai \u00eenalte standarde.<\/p>\n<\/div>\n                <a href=\"https:\/\/hub.solacelung.eu\/professionals\/implementation-toolkit\/clinical-guidelines-technical-standards\/\" class=\"featured-card__link button primary\" target=\"\">Accesa\u021bi orient\u0103rile<\/a>\n        <\/div>\n<\/div>\n<\/div>\n<div class=\"spacer background-alb mediu\"><\/div><div class=\"featured-card featured-card--image-right\">\n    <div class=\"inner page-width\">\n        <div class=\"featured-card__left\"\">\n                            <img decoding=\"async\" src=\" https:\/\/hub.solacelung.eu\/wp-content\/uploads\/2025\/08\/1752588771353-880x466.jpg\" alt=\"Politicians and other stakeholders sitting in a conference room at the EU parliament\" class=\"featured-card__image\" loading=\"lazy\" \/>\n        <\/div>\n    <div class=\"featured-card__right\"\">\n                            <h2 class=\" featured-card__title\">Advocacy  <\/h2>\n                <div class=\"featured-card__description\"><p>Explora\u021bi cele mai recente politici care influen\u021beaz\u0103 screeningul cancerului pulmonar \u00een Europa \u0219i afla\u021bi modul \u00een care eforturile de advocacy conduc la schimbare.<\/p>\n<\/div>\n                <a href=\"https:\/\/hub.solacelung.eu\/professionals\/policy-and-advocacy\/advocacy\/\" class=\"featured-card__link button primary\" target=\"\">Explora\u021bi advocacy \u0219i politici<\/a>\n        <\/div>\n<\/div>\n<\/div>","protected":false},"excerpt":{"rendered":"","protected":false},"author":1,"featured_media":0,"parent":0,"menu_order":0,"comment_status":"closed","ping_status":"closed","template":"","meta":{"_acf_changed":false,"footnotes":""},"class_list":["post-1649","page","type-page","status-publish","hentry"],"acf":[],"yoast_head":"<!-- This site is optimized with the Yoast SEO plugin v25.9 - https:\/\/yoast.com\/wordpress\/plugins\/seo\/ -->\n<title>Profesioni\u0219ti - Solace<\/title>\n<meta name=\"description\" content=\"SOLACE Knowledge Hub - The lung cancer screening resource for the public and professionals.\" \/>\n<meta name=\"robots\" content=\"index, follow, max-snippet:-1, max-image-preview:large, max-video-preview:-1\" \/>\n<link rel=\"canonical\" href=\"https:\/\/hub.solacelung.eu\/ro\/\" \/>\n<meta property=\"og:locale\" content=\"ro_RO\" \/>\n<meta property=\"og:type\" content=\"article\" \/>\n<meta property=\"og:title\" content=\"Profesioni\u0219ti - Solace\" \/>\n<meta property=\"og:description\" content=\"SOLACE Knowledge Hub - The lung cancer screening resource for the public and professionals.\" \/>\n<meta property=\"og:url\" content=\"https:\/\/hub.solacelung.eu\/ro\/\" \/>\n<meta property=\"og:site_name\" content=\"Solace\" \/>\n<meta property=\"article:modified_time\" content=\"2025-10-14T16:35:44+00:00\" \/>\n<meta property=\"og:image\" content=\"https:\/\/hub.solacelung.eu\/wp-content\/uploads\/2025\/08\/shutterstock_1998552674.jpg\" \/>\n\t<meta property=\"og:image:width\" content=\"1000\" \/>\n\t<meta property=\"og:image:height\" content=\"667\" \/>\n\t<meta property=\"og:image:type\" content=\"image\/jpeg\" \/>\n<meta name=\"twitter:card\" content=\"summary_large_image\" \/>\n<script type=\"application\/ld+json\" class=\"yoast-schema-graph\">{\"@context\":\"https:\/\/schema.org\",\"@graph\":[{\"@type\":\"WebPage\",\"@id\":\"https:\/\/hub.solacelung.eu\/ro\/\",\"url\":\"https:\/\/hub.solacelung.eu\/ro\/\",\"name\":\"Profesioni\u0219ti - Solace\",\"isPartOf\":{\"@id\":\"https:\/\/hub.solacelung.eu\/ro\/#website\"},\"datePublished\":\"2025-08-18T15:32:13+00:00\",\"dateModified\":\"2025-10-14T16:35:44+00:00\",\"description\":\"SOLACE Knowledge Hub - The lung cancer screening resource for the public and professionals.\",\"breadcrumb\":{\"@id\":\"https:\/\/hub.solacelung.eu\/ro\/#breadcrumb\"},\"inLanguage\":\"ro-RO\",\"potentialAction\":[{\"@type\":\"ReadAction\",\"target\":[\"https:\/\/hub.solacelung.eu\/ro\/\"]}]},{\"@type\":\"BreadcrumbList\",\"@id\":\"https:\/\/hub.solacelung.eu\/ro\/#breadcrumb\",\"itemListElement\":[{\"@type\":\"ListItem\",\"position\":1,\"name\":\"Home\",\"item\":\"https:\/\/hub.solacelung.eu\/ro\/\"},{\"@type\":\"ListItem\",\"position\":2,\"name\":\"Profesioni\u0219ti\"}]},{\"@type\":\"WebSite\",\"@id\":\"https:\/\/hub.solacelung.eu\/ro\/#website\",\"url\":\"https:\/\/hub.solacelung.eu\/ro\/\",\"name\":\"Solace\",\"description\":\"Solace\",\"publisher\":{\"@id\":\"https:\/\/hub.solacelung.eu\/ro\/#organization\"},\"potentialAction\":[{\"@type\":\"SearchAction\",\"target\":{\"@type\":\"EntryPoint\",\"urlTemplate\":\"https:\/\/hub.solacelung.eu\/ro\/?s={search_term_string}\"},\"query-input\":{\"@type\":\"PropertyValueSpecification\",\"valueRequired\":true,\"valueName\":\"search_term_string\"}}],\"inLanguage\":\"ro-RO\"},{\"@type\":\"Organization\",\"@id\":\"https:\/\/hub.solacelung.eu\/ro\/#organization\",\"name\":\"Solace\",\"url\":\"https:\/\/hub.solacelung.eu\/ro\/\",\"logo\":{\"@type\":\"ImageObject\",\"inLanguage\":\"ro-RO\",\"@id\":\"https:\/\/hub.solacelung.eu\/ro\/#\/schema\/logo\/image\/\",\"url\":\"\",\"contentUrl\":\"\",\"caption\":\"Solace\"},\"image\":{\"@id\":\"https:\/\/hub.solacelung.eu\/ro\/#\/schema\/logo\/image\/\"},\"sameAs\":[\"https:\/\/www.linkedin.com\/company\/105992869\/admin\/dashboard\/\"]}]}<\/script>\n<!-- \/ Yoast SEO plugin. -->","yoast_head_json":{"title":"Profesioni\u0219ti - Solace","description":"SOLACE Knowledge Hub - The lung cancer screening resource for the public and professionals.","robots":{"index":"index","follow":"follow","max-snippet":"max-snippet:-1","max-image-preview":"max-image-preview:large","max-video-preview":"max-video-preview:-1"},"canonical":"https:\/\/hub.solacelung.eu\/ro\/","og_locale":"ro_RO","og_type":"article","og_title":"Profesioni\u0219ti - Solace","og_description":"SOLACE Knowledge Hub - The lung cancer screening resource for the public and professionals.","og_url":"https:\/\/hub.solacelung.eu\/ro\/","og_site_name":"Solace","article_modified_time":"2025-10-14T16:35:44+00:00","og_image":[{"width":1000,"height":667,"url":"https:\/\/hub.solacelung.eu\/wp-content\/uploads\/2025\/08\/shutterstock_1998552674.jpg","type":"image\/jpeg"}],"twitter_card":"summary_large_image","schema":{"@context":"https:\/\/schema.org","@graph":[{"@type":"WebPage","@id":"https:\/\/hub.solacelung.eu\/ro\/","url":"https:\/\/hub.solacelung.eu\/ro\/","name":"Profesioni\u0219ti - Solace","isPartOf":{"@id":"https:\/\/hub.solacelung.eu\/ro\/#website"},"datePublished":"2025-08-18T15:32:13+00:00","dateModified":"2025-10-14T16:35:44+00:00","description":"SOLACE Knowledge Hub - The lung cancer screening resource for the public and professionals.","breadcrumb":{"@id":"https:\/\/hub.solacelung.eu\/ro\/#breadcrumb"},"inLanguage":"ro-RO","potentialAction":[{"@type":"ReadAction","target":["https:\/\/hub.solacelung.eu\/ro\/"]}]},{"@type":"BreadcrumbList","@id":"https:\/\/hub.solacelung.eu\/ro\/#breadcrumb","itemListElement":[{"@type":"ListItem","position":1,"name":"Home","item":"https:\/\/hub.solacelung.eu\/ro\/"},{"@type":"ListItem","position":2,"name":"Profesioni\u0219ti"}]},{"@type":"WebSite","@id":"https:\/\/hub.solacelung.eu\/ro\/#website","url":"https:\/\/hub.solacelung.eu\/ro\/","name":"Solace","description":"Solace","publisher":{"@id":"https:\/\/hub.solacelung.eu\/ro\/#organization"},"potentialAction":[{"@type":"SearchAction","target":{"@type":"EntryPoint","urlTemplate":"https:\/\/hub.solacelung.eu\/ro\/?s={search_term_string}"},"query-input":{"@type":"PropertyValueSpecification","valueRequired":true,"valueName":"search_term_string"}}],"inLanguage":"ro-RO"},{"@type":"Organization","@id":"https:\/\/hub.solacelung.eu\/ro\/#organization","name":"Solace","url":"https:\/\/hub.solacelung.eu\/ro\/","logo":{"@type":"ImageObject","inLanguage":"ro-RO","@id":"https:\/\/hub.solacelung.eu\/ro\/#\/schema\/logo\/image\/","url":"","contentUrl":"","caption":"Solace"},"image":{"@id":"https:\/\/hub.solacelung.eu\/ro\/#\/schema\/logo\/image\/"},"sameAs":["https:\/\/www.linkedin.com\/company\/105992869\/admin\/dashboard\/"]}]}},"_links":{"self":[{"href":"https:\/\/hub.solacelung.eu\/ro\/wp-json\/wp\/v2\/pages\/1649","targetHints":{"allow":["GET"]}}],"collection":[{"href":"https:\/\/hub.solacelung.eu\/ro\/wp-json\/wp\/v2\/pages"}],"about":[{"href":"https:\/\/hub.solacelung.eu\/ro\/wp-json\/wp\/v2\/types\/page"}],"author":[{"embeddable":true,"href":"https:\/\/hub.solacelung.eu\/ro\/wp-json\/wp\/v2\/users\/1"}],"replies":[{"embeddable":true,"href":"https:\/\/hub.solacelung.eu\/ro\/wp-json\/wp\/v2\/comments?post=1649"}],"version-history":[{"count":1,"href":"https:\/\/hub.solacelung.eu\/ro\/wp-json\/wp\/v2\/pages\/1649\/revisions"}],"predecessor-version":[{"id":1650,"href":"https:\/\/hub.solacelung.eu\/ro\/wp-json\/wp\/v2\/pages\/1649\/revisions\/1650"}],"wp:attachment":[{"href":"https:\/\/hub.solacelung.eu\/ro\/wp-json\/wp\/v2\/media?parent=1649"}],"curies":[{"name":"wp","href":"https:\/\/api.w.org\/{rel}","templated":true}]}}