{"id":1698,"date":"2025-09-14T17:22:17","date_gmt":"2025-09-14T16:22:17","guid":{"rendered":"https:\/\/hub.solacelung.eu\/zasady-dopuszczalnego-uzytkowania\/"},"modified":"2025-10-14T17:36:43","modified_gmt":"2025-10-14T16:36:43","slug":"zasady-dopuszczalnego-uzytkowania","status":"publish","type":"page","link":"https:\/\/hub.solacelung.eu\/pl\/zasady-dopuszczalnego-uzytkowania\/","title":{"rendered":"Zasady dopuszczalnego u\u017cytkowania"},"content":{"rendered":"<div class=\"site-padding\">\n<p>Niniejsze Zasady dopuszczalnego u\u017cytkowania okre\u015blaj\u0105 zasady korzystania z witryny hub.solacelung.eu (&#8222;Knowledge Hub&#8221;) obs\u0142ugiwanej przez Lungs Europe. Korzystaj\u0105c z witryny, u\u017cytkownik wyra\u017ca zgod\u0119 na niniejsze zasady, kt\u00f3re uzupe\u0142niaj\u0105 nasze Warunki. <\/p>\n<\/div><div class=\"site-padding\">\n<p><strong>1. Zabronione zastosowania<\/strong><\/p>\n<\/div><div class=\"site-padding\">\n<p>Zabrania si\u0119 korzystania z witryny:<br\/>&#8211; w jakikolwiek spos\u00f3b naruszaj\u0105cy obowi\u0105zuj\u0105ce przepisy prawa lub regulacje<br\/>&#8211; w celach niezgodnych z prawem lub oszuka\u0144czych<br\/>&#8211; w celu krzywdzenia lub wykorzystywania nieletnich<br\/>&#8211; w celu przesy\u0142ania lub wgrywania wirus\u00f3w lub innego szkodliwego kodu<br\/>&#8211; w celu wysy\u0142ania niechcianych reklam lub spamu<br\/>&#8211; w celu powielania, duplikowania lub kopiowania jakichkolwiek tre\u015bci z naruszeniem naszych warunk\u00f3w.<\/p>\n<\/div><div class=\"site-padding\">\n<p>U\u017cytkownik nie mo\u017ce zak\u0142\u00f3ca\u0107 dzia\u0142ania witryny, serwer\u00f3w ani sieci po\u0142\u0105czonych z witryn\u0105.<\/p>\n<\/div><div class=\"site-padding\">\n<p><strong>2. Us\u0142ugi interaktywne<\/strong><\/p>\n<\/div><div class=\"site-padding\">\n<p>W przypadku udost\u0119pnienia interaktywnych narz\u0119dzi lub for\u00f3w, wyra\u017anie okre\u015blimy charakter moderacji, je\u015bli taka istnieje. Korzystanie z takich us\u0142ug przez osoby niepe\u0142noletnie musi by\u0107 nadzorowane przez rodzica lub opiekuna. Nie ponosimy odpowiedzialno\u015bci za tre\u015bci generowane przez u\u017cytkownik\u00f3w ani za ich konsekwencje.  <\/p>\n<\/div><div class=\"site-padding\">\n<p><strong>3. Standardy tre\u015bci<\/strong><\/p>\n<\/div><div class=\"site-padding\">\n<p>Tre\u015bci musz\u0105:<br\/>&#8211; by\u0107 dok\u0142adne (w przypadku fakt\u00f3w)<br\/>&#8211; by\u0107 prawdziwe (w przypadku opinii)<br\/>&#8211; by\u0107 zgodne z obowi\u0105zuj\u0105cym prawem<br\/>Tre\u015bci nie mog\u0105:<br\/>&#8211; by\u0107 znies\u0142awiaj\u0105ce, obsceniczne, nienawistne lub pod\u017cegaj\u0105ce<br\/>&#8211; promowa\u0107 przemocy lub dyskryminacji<br\/>&#8211; narusza\u0107 w\u0142asno\u015bci intelektualnej<br\/>&#8211; wprowadza\u0107 innych w b\u0142\u0105d lub narusza\u0107 poufno\u015bci<br\/>&#8211; n\u0119ka\u0107, wykorzystywa\u0107 lub zastrasza\u0107 innych<br\/>&#8211; podszywa\u0107 si\u0119 pod jak\u0105kolwiek osob\u0119 lub fa\u0142szywie przedstawia\u0107 przynale\u017cno\u015bci<\/p>\n<\/div><div class=\"site-padding\">\n<p><strong>4. Egzekwowanie<\/strong><\/p>\n<\/div><div class=\"site-padding\">\n<p>Mo\u017cemy podj\u0105\u0107 wszelkie dzia\u0142ania, kt\u00f3re uznamy za stosowne w przypadku narusze\u0144, w tym:<br\/>&#8211; Usuni\u0119cie tre\u015bci<br\/>&#8211; Ograniczenie dost\u0119pu<br\/>&#8211; Dzia\u0142ania prawne<br\/>&#8211; Zg\u0142oszenie do w\u0142adz<br\/>Wykluczamy odpowiedzialno\u015b\u0107 za dzia\u0142ania podj\u0119te w odpowiedzi na naruszenia zasad.<\/p>\n<\/div><div class=\"site-padding\">\n<p><strong>5. Zmiany w niniejszej Polityce<\/strong><\/p>\n<\/div><div class=\"site-padding\">\n<p>Niniejsza polityka mo\u017ce zosta\u0107 zaktualizowana w dowolnym momencie. Prosimy o jej regularne przegl\u0105danie, aby by\u0107 na bie\u017c\u0105co z wszelkimi zmianami. <\/p>\n<\/div><div class=\"site-padding\">\n<p><strong>6. Kontakt<\/strong><\/p>\n<\/div><div class=\"site-padding\">\n<p>W przypadku pyta\u0144 lub w\u0105tpliwo\u015bci prosimy o kontakt pod adresem info@europeanlung.org.<\/p>\n<\/div>","protected":false},"excerpt":{"rendered":"<p>Niniejsze Zasady dopuszczalnego u\u017cytkowania okre\u015blaj\u0105 zasady korzystania z witryny hub.solacelung.eu (&#8222;Knowledge Hub&#8221;) obs\u0142ugiwanej przez Lungs Europe. Korzystaj\u0105c z witryny, u\u017cytkownik wyra\u017ca zgod\u0119 na niniejsze zasady, kt\u00f3re uzupe\u0142niaj\u0105 nasze Warunki. 1. Zabronione zastosowania Zabrania si\u0119 korzystania z witryny:&#8211; w jakikolwiek spos\u00f3b naruszaj\u0105cy obowi\u0105zuj\u0105ce przepisy prawa lub regulacje&#8211; w celach niezgodnych z prawem lub oszuka\u0144czych&#8211; w celu [&hellip;]<\/p>\n","protected":false},"author":1,"featured_media":0,"parent":0,"menu_order":0,"comment_status":"closed","ping_status":"closed","template":"","meta":{"_acf_changed":false,"footnotes":""},"class_list":["post-1698","page","type-page","status-publish","hentry"],"acf":[],"yoast_head":"<!-- This site is optimized with the Yoast SEO plugin v25.9 - https:\/\/yoast.com\/wordpress\/plugins\/seo\/ -->\n<title>Zasady dopuszczalnego u\u017cytkowania - Solace<\/title>\n<meta name=\"description\" content=\"SOLACE Knowledge Hub - The lung cancer screening resource for the public and professionals.\" \/>\n<meta name=\"robots\" content=\"index, follow, max-snippet:-1, max-image-preview:large, max-video-preview:-1\" \/>\n<link rel=\"canonical\" href=\"https:\/\/hub.solacelung.eu\/pl\/zasady-dopuszczalnego-uzytkowania\/\" \/>\n<meta property=\"og:locale\" content=\"pl_PL\" \/>\n<meta property=\"og:type\" content=\"article\" \/>\n<meta property=\"og:title\" content=\"Zasady dopuszczalnego u\u017cytkowania - Solace\" \/>\n<meta property=\"og:description\" content=\"SOLACE Knowledge Hub - The lung cancer screening resource for the public and professionals.\" \/>\n<meta property=\"og:url\" content=\"https:\/\/hub.solacelung.eu\/pl\/zasady-dopuszczalnego-uzytkowania\/\" \/>\n<meta property=\"og:site_name\" content=\"Solace\" \/>\n<meta property=\"article:modified_time\" content=\"2025-10-14T16:36:43+00:00\" \/>\n<meta property=\"og:image\" content=\"https:\/\/hub.solacelung.eu\/wp-content\/uploads\/2025\/08\/shutterstock_1998552674.jpg\" \/>\n\t<meta property=\"og:image:width\" content=\"1000\" \/>\n\t<meta property=\"og:image:height\" content=\"667\" \/>\n\t<meta property=\"og:image:type\" content=\"image\/jpeg\" \/>\n<meta name=\"twitter:card\" content=\"summary_large_image\" \/>\n<meta name=\"twitter:label1\" content=\"Szacowany czas czytania\" \/>\n\t<meta name=\"twitter:data1\" content=\"2 minuta\" \/>\n<script type=\"application\/ld+json\" class=\"yoast-schema-graph\">{\"@context\":\"https:\/\/schema.org\",\"@graph\":[{\"@type\":\"WebPage\",\"@id\":\"https:\/\/hub.solacelung.eu\/pl\/zasady-dopuszczalnego-uzytkowania\/\",\"url\":\"https:\/\/hub.solacelung.eu\/pl\/zasady-dopuszczalnego-uzytkowania\/\",\"name\":\"Zasady dopuszczalnego u\u017cytkowania - Solace\",\"isPartOf\":{\"@id\":\"https:\/\/hub.solacelung.eu\/pl\/#website\"},\"datePublished\":\"2025-09-14T16:22:17+00:00\",\"dateModified\":\"2025-10-14T16:36:43+00:00\",\"description\":\"SOLACE Knowledge Hub - The lung cancer screening resource for the public and professionals.\",\"breadcrumb\":{\"@id\":\"https:\/\/hub.solacelung.eu\/pl\/zasady-dopuszczalnego-uzytkowania\/#breadcrumb\"},\"inLanguage\":\"pl-PL\",\"potentialAction\":[{\"@type\":\"ReadAction\",\"target\":[\"https:\/\/hub.solacelung.eu\/pl\/zasady-dopuszczalnego-uzytkowania\/\"]}]},{\"@type\":\"BreadcrumbList\",\"@id\":\"https:\/\/hub.solacelung.eu\/pl\/zasady-dopuszczalnego-uzytkowania\/#breadcrumb\",\"itemListElement\":[{\"@type\":\"ListItem\",\"position\":1,\"name\":\"Home\",\"item\":\"https:\/\/hub.solacelung.eu\/pl\/\"},{\"@type\":\"ListItem\",\"position\":2,\"name\":\"Zasady dopuszczalnego u\u017cytkowania\"}]},{\"@type\":\"WebSite\",\"@id\":\"https:\/\/hub.solacelung.eu\/pl\/#website\",\"url\":\"https:\/\/hub.solacelung.eu\/pl\/\",\"name\":\"Solace\",\"description\":\"Solace\",\"publisher\":{\"@id\":\"https:\/\/hub.solacelung.eu\/pl\/#organization\"},\"potentialAction\":[{\"@type\":\"SearchAction\",\"target\":{\"@type\":\"EntryPoint\",\"urlTemplate\":\"https:\/\/hub.solacelung.eu\/pl\/?s={search_term_string}\"},\"query-input\":{\"@type\":\"PropertyValueSpecification\",\"valueRequired\":true,\"valueName\":\"search_term_string\"}}],\"inLanguage\":\"pl-PL\"},{\"@type\":\"Organization\",\"@id\":\"https:\/\/hub.solacelung.eu\/pl\/#organization\",\"name\":\"Solace\",\"url\":\"https:\/\/hub.solacelung.eu\/pl\/\",\"logo\":{\"@type\":\"ImageObject\",\"inLanguage\":\"pl-PL\",\"@id\":\"https:\/\/hub.solacelung.eu\/pl\/#\/schema\/logo\/image\/\",\"url\":\"\",\"contentUrl\":\"\",\"caption\":\"Solace\"},\"image\":{\"@id\":\"https:\/\/hub.solacelung.eu\/pl\/#\/schema\/logo\/image\/\"},\"sameAs\":[\"https:\/\/www.linkedin.com\/company\/105992869\/admin\/dashboard\/\"]}]}<\/script>\n<!-- \/ Yoast SEO plugin. -->","yoast_head_json":{"title":"Zasady dopuszczalnego u\u017cytkowania - Solace","description":"SOLACE Knowledge Hub - The lung cancer screening resource for the public and professionals.","robots":{"index":"index","follow":"follow","max-snippet":"max-snippet:-1","max-image-preview":"max-image-preview:large","max-video-preview":"max-video-preview:-1"},"canonical":"https:\/\/hub.solacelung.eu\/pl\/zasady-dopuszczalnego-uzytkowania\/","og_locale":"pl_PL","og_type":"article","og_title":"Zasady dopuszczalnego u\u017cytkowania - Solace","og_description":"SOLACE Knowledge Hub - The lung cancer screening resource for the public and professionals.","og_url":"https:\/\/hub.solacelung.eu\/pl\/zasady-dopuszczalnego-uzytkowania\/","og_site_name":"Solace","article_modified_time":"2025-10-14T16:36:43+00:00","og_image":[{"width":1000,"height":667,"url":"https:\/\/hub.solacelung.eu\/wp-content\/uploads\/2025\/08\/shutterstock_1998552674.jpg","type":"image\/jpeg"}],"twitter_card":"summary_large_image","twitter_misc":{"Szacowany czas czytania":"2 minuta"},"schema":{"@context":"https:\/\/schema.org","@graph":[{"@type":"WebPage","@id":"https:\/\/hub.solacelung.eu\/pl\/zasady-dopuszczalnego-uzytkowania\/","url":"https:\/\/hub.solacelung.eu\/pl\/zasady-dopuszczalnego-uzytkowania\/","name":"Zasady dopuszczalnego u\u017cytkowania - Solace","isPartOf":{"@id":"https:\/\/hub.solacelung.eu\/pl\/#website"},"datePublished":"2025-09-14T16:22:17+00:00","dateModified":"2025-10-14T16:36:43+00:00","description":"SOLACE Knowledge Hub - The lung cancer screening resource for the public and professionals.","breadcrumb":{"@id":"https:\/\/hub.solacelung.eu\/pl\/zasady-dopuszczalnego-uzytkowania\/#breadcrumb"},"inLanguage":"pl-PL","potentialAction":[{"@type":"ReadAction","target":["https:\/\/hub.solacelung.eu\/pl\/zasady-dopuszczalnego-uzytkowania\/"]}]},{"@type":"BreadcrumbList","@id":"https:\/\/hub.solacelung.eu\/pl\/zasady-dopuszczalnego-uzytkowania\/#breadcrumb","itemListElement":[{"@type":"ListItem","position":1,"name":"Home","item":"https:\/\/hub.solacelung.eu\/pl\/"},{"@type":"ListItem","position":2,"name":"Zasady dopuszczalnego u\u017cytkowania"}]},{"@type":"WebSite","@id":"https:\/\/hub.solacelung.eu\/pl\/#website","url":"https:\/\/hub.solacelung.eu\/pl\/","name":"Solace","description":"Solace","publisher":{"@id":"https:\/\/hub.solacelung.eu\/pl\/#organization"},"potentialAction":[{"@type":"SearchAction","target":{"@type":"EntryPoint","urlTemplate":"https:\/\/hub.solacelung.eu\/pl\/?s={search_term_string}"},"query-input":{"@type":"PropertyValueSpecification","valueRequired":true,"valueName":"search_term_string"}}],"inLanguage":"pl-PL"},{"@type":"Organization","@id":"https:\/\/hub.solacelung.eu\/pl\/#organization","name":"Solace","url":"https:\/\/hub.solacelung.eu\/pl\/","logo":{"@type":"ImageObject","inLanguage":"pl-PL","@id":"https:\/\/hub.solacelung.eu\/pl\/#\/schema\/logo\/image\/","url":"","contentUrl":"","caption":"Solace"},"image":{"@id":"https:\/\/hub.solacelung.eu\/pl\/#\/schema\/logo\/image\/"},"sameAs":["https:\/\/www.linkedin.com\/company\/105992869\/admin\/dashboard\/"]}]}},"_links":{"self":[{"href":"https:\/\/hub.solacelung.eu\/pl\/wp-json\/wp\/v2\/pages\/1698","targetHints":{"allow":["GET"]}}],"collection":[{"href":"https:\/\/hub.solacelung.eu\/pl\/wp-json\/wp\/v2\/pages"}],"about":[{"href":"https:\/\/hub.solacelung.eu\/pl\/wp-json\/wp\/v2\/types\/page"}],"author":[{"embeddable":true,"href":"https:\/\/hub.solacelung.eu\/pl\/wp-json\/wp\/v2\/users\/1"}],"replies":[{"embeddable":true,"href":"https:\/\/hub.solacelung.eu\/pl\/wp-json\/wp\/v2\/comments?post=1698"}],"version-history":[{"count":1,"href":"https:\/\/hub.solacelung.eu\/pl\/wp-json\/wp\/v2\/pages\/1698\/revisions"}],"predecessor-version":[{"id":1700,"href":"https:\/\/hub.solacelung.eu\/pl\/wp-json\/wp\/v2\/pages\/1698\/revisions\/1700"}],"wp:attachment":[{"href":"https:\/\/hub.solacelung.eu\/pl\/wp-json\/wp\/v2\/media?parent=1698"}],"curies":[{"name":"wp","href":"https:\/\/api.w.org\/{rel}","templated":true}]}}