{"id":1639,"date":"2025-08-18T16:32:13","date_gmt":"2025-08-18T15:32:13","guid":{"rendered":"https:\/\/hub.solacelung.eu\/profesjonalisci\/"},"modified":"2025-10-14T17:35:51","modified_gmt":"2025-10-14T16:35:51","slug":"profesjonalisci","status":"publish","type":"page","link":"https:\/\/hub.solacelung.eu\/pl\/","title":{"rendered":"Profesjonali\u015bci"},"content":{"rendered":"\n<div class=\"spacer background-bia\u0142y \u015bredni\"><\/div>    <div class=\"card-listing\">\n        <div class=\"page-width inner\">\n                                <article class=\"card\">\n    <div class=\"image\">\n        <img loading=\"lazy\" decoding=\"async\" width=\"809\" height=\"490\" src=\"https:\/\/hub.solacelung.eu\/wp-content\/uploads\/2025\/08\/Copy-of-DJI_0453-809x490.jpg\" class=\"attachment-card size-card\" alt=\"Dlaczego potrzebujemy bada\u0144 przesiewowych w kierunku raka?\" srcset=\"https:\/\/hub.solacelung.eu\/wp-content\/uploads\/2025\/08\/Copy-of-DJI_0453-809x490.jpg 809w, https:\/\/hub.solacelung.eu\/wp-content\/uploads\/2025\/08\/Copy-of-DJI_0453-1920x1162.jpg 1920w\" sizes=\"auto, (max-width: 809px) 100vw, 809px\" \/>    <\/div>\n    <div class=\"content\">\n        <h2>Dlaczego potrzebujemy bada\u0144 przesiewowych w kierunku raka?<\/h2>\n    <\/div>\n    <a href=\"https:\/\/hub.solacelung.eu\/pl\/professionals\/dlaczego-potrzebujemy-badan-przesiewowych-w-kierunku-raka\/\">\n        <span class=\"vh\">View this post<\/span>\n    <\/a>\n<\/article>                                                <article class=\"card\">\n    <div class=\"image\">\n        <img loading=\"lazy\" decoding=\"async\" width=\"653\" height=\"490\" src=\"https:\/\/hub.solacelung.eu\/wp-content\/uploads\/2025\/08\/CT-screening-stock-via-Canva-653x490.webp\" class=\"attachment-card size-card\" alt=\"Zestaw narz\u0119dzi wdro\u017ceniowych\" srcset=\"https:\/\/hub.solacelung.eu\/wp-content\/uploads\/2025\/08\/CT-screening-stock-via-Canva-653x490.webp 653w, https:\/\/hub.solacelung.eu\/wp-content\/uploads\/2025\/08\/CT-screening-stock-via-Canva.webp 1024w\" sizes=\"auto, (max-width: 653px) 100vw, 653px\" \/>    <\/div>\n    <div class=\"content\">\n        <h2>Zestaw narz\u0119dzi wdro\u017ceniowych<\/h2>\n    <\/div>\n    <a href=\"https:\/\/hub.solacelung.eu\/pl\/professionals\/zestaw-narzedzi-wdrozeniowych\/\">\n        <span class=\"vh\">View this post<\/span>\n    <\/a>\n<\/article>                                                <article class=\"card\">\n    <div class=\"image\">\n        <img loading=\"lazy\" decoding=\"async\" width=\"793\" height=\"490\" src=\"https:\/\/hub.solacelung.eu\/wp-content\/uploads\/2025\/08\/shutterstock_1710535450-793x490.jpg\" class=\"attachment-card size-card\" alt=\"Zasoby\" srcset=\"https:\/\/hub.solacelung.eu\/wp-content\/uploads\/2025\/08\/shutterstock_1710535450-793x490.jpg 793w, https:\/\/hub.solacelung.eu\/wp-content\/uploads\/2025\/08\/shutterstock_1710535450.jpg 1000w\" sizes=\"auto, (max-width: 793px) 100vw, 793px\" \/>    <\/div>\n    <div class=\"content\">\n        <h2>Zasoby<\/h2>\n    <\/div>\n    <a href=\"https:\/\/hub.solacelung.eu\/pl\/professionals\/zasoby\/\">\n        <span class=\"vh\">View this post<\/span>\n    <\/a>\n<\/article>                            <\/div>\n    <\/div>\n\n<div class=\"spacer background-bia\u0142y \u015bredni\"><\/div><div class=\"featured-card featured-card--image-left\">\n    <div class=\"inner page-width\">\n        <div class=\"featured-card__left\"\">\n                            <img decoding=\"async\" src=\" https:\/\/hub.solacelung.eu\/wp-content\/uploads\/2025\/07\/Untitled-design-9-e1682436451464-880x449.webp\" alt=\"An older male receiving a lung cancer screening scan.\" class=\"featured-card__image\" loading=\"lazy\" \/>\n        <\/div>\n    <div class=\"featured-card__right\"\">\n                            <h2 class=\" featured-card__title\">Wytyczne kliniczne<\/h2>\n                <div class=\"featured-card__description\"><p style=\"text-align: left;\" data-mce-style=\"text-align: left;\">Uzyskaj dost\u0119p do opartych na dowodach wytycznych klinicznych i standard\u00f3w technicznych, aby zapewni\u0107, \u017ce Tw\u00f3j program bada\u0144 przesiewowych spe\u0142nia najwy\u017csze standardy.<\/p>\n<\/div>\n                <a href=\"https:\/\/hub.solacelung.eu\/professionals\/implementation-toolkit\/clinical-guidelines-technical-standards\/\" class=\"featured-card__link button primary\" target=\"\">Dost\u0119p do wytycznych<\/a>\n        <\/div>\n<\/div>\n<\/div>\n<div class=\"spacer background-bia\u0142y \u015bredni\"><\/div><div class=\"featured-card featured-card--image-right\">\n    <div class=\"inner page-width\">\n        <div class=\"featured-card__left\"\">\n                            <img decoding=\"async\" src=\" https:\/\/hub.solacelung.eu\/wp-content\/uploads\/2025\/08\/1752588771353-880x466.jpg\" alt=\"Politicians and other stakeholders sitting in a conference room at the EU parliament\" class=\"featured-card__image\" loading=\"lazy\" \/>\n        <\/div>\n    <div class=\"featured-card__right\"\">\n                            <h2 class=\" featured-card__title\">Rzecznictwo  <\/h2>\n                <div class=\"featured-card__description\"><p>Zapoznaj si\u0119 z najnowszymi politykami kszta\u0142tuj\u0105cymi badania przesiewowe w kierunku raka p\u0142uc w ca\u0142ej Europie i dowiedz si\u0119, w jaki spos\u00f3b dzia\u0142ania rzecznicze nap\u0119dzaj\u0105 zmiany.<\/p>\n<\/div>\n                <a href=\"https:\/\/hub.solacelung.eu\/professionals\/policy-and-advocacy\/advocacy\/\" class=\"featured-card__link button primary\" target=\"\">Poznaj rzecznictwo i polityk\u0119<\/a>\n        <\/div>\n<\/div>\n<\/div>","protected":false},"excerpt":{"rendered":"","protected":false},"author":1,"featured_media":0,"parent":0,"menu_order":0,"comment_status":"closed","ping_status":"closed","template":"","meta":{"_acf_changed":false,"footnotes":""},"class_list":["post-1639","page","type-page","status-publish","hentry"],"acf":[],"yoast_head":"<!-- This site is optimized with the Yoast SEO plugin v25.9 - https:\/\/yoast.com\/wordpress\/plugins\/seo\/ -->\n<title>Profesjonali\u015bci - Solace<\/title>\n<meta name=\"description\" content=\"SOLACE Knowledge Hub - The lung cancer screening resource for the public and professionals.\" \/>\n<meta name=\"robots\" content=\"index, follow, max-snippet:-1, max-image-preview:large, max-video-preview:-1\" \/>\n<link rel=\"canonical\" href=\"https:\/\/hub.solacelung.eu\/pl\/\" \/>\n<meta property=\"og:locale\" content=\"pl_PL\" \/>\n<meta property=\"og:type\" content=\"article\" \/>\n<meta property=\"og:title\" content=\"Profesjonali\u015bci - Solace\" \/>\n<meta property=\"og:description\" content=\"SOLACE Knowledge Hub - The lung cancer screening resource for the public and professionals.\" \/>\n<meta property=\"og:url\" content=\"https:\/\/hub.solacelung.eu\/pl\/\" \/>\n<meta property=\"og:site_name\" content=\"Solace\" \/>\n<meta property=\"article:modified_time\" content=\"2025-10-14T16:35:51+00:00\" \/>\n<meta property=\"og:image\" content=\"https:\/\/hub.solacelung.eu\/wp-content\/uploads\/2025\/08\/shutterstock_1998552674.jpg\" \/>\n\t<meta property=\"og:image:width\" content=\"1000\" \/>\n\t<meta property=\"og:image:height\" content=\"667\" \/>\n\t<meta property=\"og:image:type\" content=\"image\/jpeg\" \/>\n<meta name=\"twitter:card\" content=\"summary_large_image\" \/>\n<script type=\"application\/ld+json\" class=\"yoast-schema-graph\">{\"@context\":\"https:\/\/schema.org\",\"@graph\":[{\"@type\":\"WebPage\",\"@id\":\"https:\/\/hub.solacelung.eu\/pl\/\",\"url\":\"https:\/\/hub.solacelung.eu\/pl\/\",\"name\":\"Profesjonali\u015bci - Solace\",\"isPartOf\":{\"@id\":\"https:\/\/hub.solacelung.eu\/pl\/#website\"},\"datePublished\":\"2025-08-18T15:32:13+00:00\",\"dateModified\":\"2025-10-14T16:35:51+00:00\",\"description\":\"SOLACE Knowledge Hub - The lung cancer screening resource for the public and professionals.\",\"breadcrumb\":{\"@id\":\"https:\/\/hub.solacelung.eu\/pl\/#breadcrumb\"},\"inLanguage\":\"pl-PL\",\"potentialAction\":[{\"@type\":\"ReadAction\",\"target\":[\"https:\/\/hub.solacelung.eu\/pl\/\"]}]},{\"@type\":\"BreadcrumbList\",\"@id\":\"https:\/\/hub.solacelung.eu\/pl\/#breadcrumb\",\"itemListElement\":[{\"@type\":\"ListItem\",\"position\":1,\"name\":\"Home\",\"item\":\"https:\/\/hub.solacelung.eu\/pl\/\"},{\"@type\":\"ListItem\",\"position\":2,\"name\":\"Profesjonali\u015bci\"}]},{\"@type\":\"WebSite\",\"@id\":\"https:\/\/hub.solacelung.eu\/pl\/#website\",\"url\":\"https:\/\/hub.solacelung.eu\/pl\/\",\"name\":\"Solace\",\"description\":\"Solace\",\"publisher\":{\"@id\":\"https:\/\/hub.solacelung.eu\/pl\/#organization\"},\"potentialAction\":[{\"@type\":\"SearchAction\",\"target\":{\"@type\":\"EntryPoint\",\"urlTemplate\":\"https:\/\/hub.solacelung.eu\/pl\/?s={search_term_string}\"},\"query-input\":{\"@type\":\"PropertyValueSpecification\",\"valueRequired\":true,\"valueName\":\"search_term_string\"}}],\"inLanguage\":\"pl-PL\"},{\"@type\":\"Organization\",\"@id\":\"https:\/\/hub.solacelung.eu\/pl\/#organization\",\"name\":\"Solace\",\"url\":\"https:\/\/hub.solacelung.eu\/pl\/\",\"logo\":{\"@type\":\"ImageObject\",\"inLanguage\":\"pl-PL\",\"@id\":\"https:\/\/hub.solacelung.eu\/pl\/#\/schema\/logo\/image\/\",\"url\":\"\",\"contentUrl\":\"\",\"caption\":\"Solace\"},\"image\":{\"@id\":\"https:\/\/hub.solacelung.eu\/pl\/#\/schema\/logo\/image\/\"},\"sameAs\":[\"https:\/\/www.linkedin.com\/company\/105992869\/admin\/dashboard\/\"]}]}<\/script>\n<!-- \/ Yoast SEO plugin. -->","yoast_head_json":{"title":"Profesjonali\u015bci - Solace","description":"SOLACE Knowledge Hub - The lung cancer screening resource for the public and professionals.","robots":{"index":"index","follow":"follow","max-snippet":"max-snippet:-1","max-image-preview":"max-image-preview:large","max-video-preview":"max-video-preview:-1"},"canonical":"https:\/\/hub.solacelung.eu\/pl\/","og_locale":"pl_PL","og_type":"article","og_title":"Profesjonali\u015bci - Solace","og_description":"SOLACE Knowledge Hub - The lung cancer screening resource for the public and professionals.","og_url":"https:\/\/hub.solacelung.eu\/pl\/","og_site_name":"Solace","article_modified_time":"2025-10-14T16:35:51+00:00","og_image":[{"width":1000,"height":667,"url":"https:\/\/hub.solacelung.eu\/wp-content\/uploads\/2025\/08\/shutterstock_1998552674.jpg","type":"image\/jpeg"}],"twitter_card":"summary_large_image","schema":{"@context":"https:\/\/schema.org","@graph":[{"@type":"WebPage","@id":"https:\/\/hub.solacelung.eu\/pl\/","url":"https:\/\/hub.solacelung.eu\/pl\/","name":"Profesjonali\u015bci - Solace","isPartOf":{"@id":"https:\/\/hub.solacelung.eu\/pl\/#website"},"datePublished":"2025-08-18T15:32:13+00:00","dateModified":"2025-10-14T16:35:51+00:00","description":"SOLACE Knowledge Hub - The lung cancer screening resource for the public and professionals.","breadcrumb":{"@id":"https:\/\/hub.solacelung.eu\/pl\/#breadcrumb"},"inLanguage":"pl-PL","potentialAction":[{"@type":"ReadAction","target":["https:\/\/hub.solacelung.eu\/pl\/"]}]},{"@type":"BreadcrumbList","@id":"https:\/\/hub.solacelung.eu\/pl\/#breadcrumb","itemListElement":[{"@type":"ListItem","position":1,"name":"Home","item":"https:\/\/hub.solacelung.eu\/pl\/"},{"@type":"ListItem","position":2,"name":"Profesjonali\u015bci"}]},{"@type":"WebSite","@id":"https:\/\/hub.solacelung.eu\/pl\/#website","url":"https:\/\/hub.solacelung.eu\/pl\/","name":"Solace","description":"Solace","publisher":{"@id":"https:\/\/hub.solacelung.eu\/pl\/#organization"},"potentialAction":[{"@type":"SearchAction","target":{"@type":"EntryPoint","urlTemplate":"https:\/\/hub.solacelung.eu\/pl\/?s={search_term_string}"},"query-input":{"@type":"PropertyValueSpecification","valueRequired":true,"valueName":"search_term_string"}}],"inLanguage":"pl-PL"},{"@type":"Organization","@id":"https:\/\/hub.solacelung.eu\/pl\/#organization","name":"Solace","url":"https:\/\/hub.solacelung.eu\/pl\/","logo":{"@type":"ImageObject","inLanguage":"pl-PL","@id":"https:\/\/hub.solacelung.eu\/pl\/#\/schema\/logo\/image\/","url":"","contentUrl":"","caption":"Solace"},"image":{"@id":"https:\/\/hub.solacelung.eu\/pl\/#\/schema\/logo\/image\/"},"sameAs":["https:\/\/www.linkedin.com\/company\/105992869\/admin\/dashboard\/"]}]}},"_links":{"self":[{"href":"https:\/\/hub.solacelung.eu\/pl\/wp-json\/wp\/v2\/pages\/1639","targetHints":{"allow":["GET"]}}],"collection":[{"href":"https:\/\/hub.solacelung.eu\/pl\/wp-json\/wp\/v2\/pages"}],"about":[{"href":"https:\/\/hub.solacelung.eu\/pl\/wp-json\/wp\/v2\/types\/page"}],"author":[{"embeddable":true,"href":"https:\/\/hub.solacelung.eu\/pl\/wp-json\/wp\/v2\/users\/1"}],"replies":[{"embeddable":true,"href":"https:\/\/hub.solacelung.eu\/pl\/wp-json\/wp\/v2\/comments?post=1639"}],"version-history":[{"count":3,"href":"https:\/\/hub.solacelung.eu\/pl\/wp-json\/wp\/v2\/pages\/1639\/revisions"}],"predecessor-version":[{"id":1656,"href":"https:\/\/hub.solacelung.eu\/pl\/wp-json\/wp\/v2\/pages\/1639\/revisions\/1656"}],"wp:attachment":[{"href":"https:\/\/hub.solacelung.eu\/pl\/wp-json\/wp\/v2\/media?parent=1639"}],"curies":[{"name":"wp","href":"https:\/\/api.w.org\/{rel}","templated":true}]}}