{"id":1717,"date":"2025-09-14T17:22:17","date_gmt":"2025-09-14T16:22:17","guid":{"rendered":"https:\/\/hub.solacelung.eu\/elfogadhato-hasznalatra-vonatkozo-iranyelvek\/"},"modified":"2025-10-14T17:37:07","modified_gmt":"2025-10-14T16:37:07","slug":"elfogadhato-hasznalatra-vonatkozo-iranyelvek","status":"publish","type":"page","link":"https:\/\/hub.solacelung.eu\/hu\/elfogadhato-hasznalatra-vonatkozo-iranyelvek\/","title":{"rendered":"Elfogadhat\u00f3 haszn\u00e1latra vonatkoz\u00f3 ir\u00e1nyelvek"},"content":{"rendered":"<div class=\"site-padding\">\n<p>A jelen Elfogadhat\u00f3 felhaszn\u00e1l\u00e1si szab\u00e1lyzat a Lungs Europe \u00e1ltal \u00fczemeltetett hub.solacelung.eu (a &#8222;Tud\u00e1sk\u00f6zpont&#8221;) haszn\u00e1lat\u00e1nak szab\u00e1lyait hat\u00e1rozza meg. A webhely haszn\u00e1lat\u00e1val \u00d6n elfogadja ezt a szab\u00e1lyzatot, amely kieg\u00e9sz\u00edti a Felhaszn\u00e1l\u00e1si Felt\u00e9teleinket. <\/p>\n<\/div><div class=\"site-padding\">\n<p><strong>1. Tiltott felhaszn\u00e1l\u00e1sok<\/strong><\/p>\n<\/div><div class=\"site-padding\">\n<p>Nem haszn\u00e1lhatja az oldalt:<br\/>&#8211; semmilyen m\u00f3don, amely s\u00e9rti az alkalmazand\u00f3 t\u00f6rv\u00e9nyeket vagy rendeleteket<br\/>&#8211; T\u00f6rv\u00e9nytelen vagy csal\u00e1rd c\u00e9lokra<br\/>&#8211; Kiskor\u00faak megk\u00e1ros\u00edt\u00e1s\u00e1ra vagy kizs\u00e1km\u00e1nyol\u00e1s\u00e1ra<br\/>&#8211; V\u00edrusok vagy m\u00e1s k\u00e1ros k\u00f3dok tov\u00e1bb\u00edt\u00e1s\u00e1ra vagy felt\u00f6lt\u00e9s\u00e9re<br\/>&#8211; K\u00e9retlen rekl\u00e1m vagy spam k\u00fcld\u00e9s\u00e9re<br\/>&#8211; B\u00e1rmilyen tartalom reproduk\u00e1l\u00e1s\u00e1ra, m\u00e1sol\u00e1s\u00e1ra vagy m\u00e1sol\u00e1s\u00e1ra, amely s\u00e9rti a felt\u00e9teleinket.<\/p>\n<\/div><div class=\"site-padding\">\n<p>Nem zavarhatja a webhely, a szerverek vagy a webhelyhez kapcsol\u00f3d\u00f3 h\u00e1l\u00f3zatok m\u0171k\u00f6d\u00e9s\u00e9t.<\/p>\n<\/div><div class=\"site-padding\">\n<p><strong>2. Interakt\u00edv szolg\u00e1ltat\u00e1sok<\/strong><\/p>\n<\/div><div class=\"site-padding\">\n<p>Amennyiben interakt\u00edv eszk\u00f6z\u00f6ket vagy f\u00f3rumokat biztos\u00edtunk, egy\u00e9rtelm\u0171en jelezz\u00fck a moder\u00e1l\u00e1s jelleg\u00e9t, ha van ilyen. Az ilyen szolg\u00e1ltat\u00e1sok kiskor\u00faak \u00e1ltali haszn\u00e1lat\u00e1t csak sz\u00fcl\u0151 vagy gondvisel\u0151 fel\u00fcgyelete mellett lehet ig\u00e9nybe venni. Nem vagyunk felel\u0151sek a felhaszn\u00e1l\u00f3k \u00e1ltal gener\u00e1lt tartalmak\u00e9rt vagy azok k\u00f6vetkezm\u00e9nyei\u00e9rt.  <\/p>\n<\/div><div class=\"site-padding\">\n<p><strong>3. Tartalmi szabv\u00e1nyok<\/strong><\/p>\n<\/div><div class=\"site-padding\">\n<p>A hozz\u00e1sz\u00f3l\u00e1soknak:<br\/>&#8211; pontosnak kell lenni\u00fck (amennyiben t\u00e9nyszer\u0171ek)<br\/>&#8211; val\u00f3di v\u00e9lem\u00e9nyt kell k\u00e9pviselni\u00fck (amennyiben v\u00e9lem\u00e9nyen alapulnak)<br\/>&#8211; meg kell felelni\u00fck az alkalmazand\u00f3 t\u00f6rv\u00e9nyeknek<br\/>A hozz\u00e1sz\u00f3l\u00e1sok nem lehetnek:<br\/>&#8211; r\u00e1galmaz\u00f3ak, obszc\u00e9nek, gy\u0171l\u00f6letkelt\u0151ek vagy usz\u00edt\u00f3ak<br\/>&#8211; er\u0151szakot vagy diszkrimin\u00e1ci\u00f3t hirdetnek<br\/>&#8211; szellemi tulajdont s\u00e9rthetnek<br\/>&#8211; m\u00e1sokat f\u00e9lrevezethetnek vagy a titoktart\u00e1st megszeghetik<br\/>&#8211; m\u00e1sokat zaklathatnak, b\u00e1ntalmazhatnak vagy megf\u00e9leml\u00edthetnek<br\/>&#8211; szem\u00e9lyazonoss\u00e1got adhatnak ki, vagy hamisan adhatj\u00e1k meg a hovatartoz\u00e1st.<\/p>\n<\/div><div class=\"site-padding\">\n<p><strong>4. V\u00e9grehajt\u00e1s<\/strong><\/p>\n<\/div><div class=\"site-padding\">\n<p>A jogs\u00e9rt\u00e9sek eset\u00e9n b\u00e1rmilyen \u00e1ltalunk megfelel\u0151nek \u00edt\u00e9lt int\u00e9zked\u00e9st megtehet\u00fcnk, bele\u00e9rtve a k\u00f6vetkez\u0151ket:<br\/>&#8211; Tartalom elt\u00e1vol\u00edt\u00e1sa<br\/>&#8211; A hozz\u00e1f\u00e9r\u00e9s korl\u00e1toz\u00e1sa<br\/>&#8211; Jogi l\u00e9p\u00e9sek<br\/>&#8211; Jelent\u00e9s a hat\u00f3s\u00e1gok fel\u00e9<br\/>Kiz\u00e1rjuk a felel\u0151ss\u00e9get a szab\u00e1lyzat megs\u00e9rt\u00e9se miatt tett int\u00e9zked\u00e9sek\u00e9rt.<\/p>\n<\/div><div class=\"site-padding\">\n<p><strong>5. A jelen szab\u00e1lyzat m\u00f3dos\u00edt\u00e1sai<\/strong><\/p>\n<\/div><div class=\"site-padding\">\n<p>Ezt a szab\u00e1lyzatot b\u00e1rmikor friss\u00edthetj\u00fck. K\u00e9rj\u00fck, rendszeresen tekintse \u00e1t, hogy t\u00e1j\u00e9koz\u00f3djon a v\u00e1ltoz\u00e1sokr\u00f3l. <\/p>\n<\/div><div class=\"site-padding\">\n<p><strong>6. Kapcsolat<\/strong><\/p>\n<\/div><div class=\"site-padding\">\n<p>B\u00e1rmilyen k\u00e9rd\u00e9ssel vagy probl\u00e9m\u00e1val forduljon a info@europeanlung.org c\u00edmre.<\/p>\n<\/div>","protected":false},"excerpt":{"rendered":"<p>A jelen Elfogadhat\u00f3 felhaszn\u00e1l\u00e1si szab\u00e1lyzat a Lungs Europe \u00e1ltal \u00fczemeltetett hub.solacelung.eu (a &#8222;Tud\u00e1sk\u00f6zpont&#8221;) haszn\u00e1lat\u00e1nak szab\u00e1lyait hat\u00e1rozza meg. A webhely haszn\u00e1lat\u00e1val \u00d6n elfogadja ezt a szab\u00e1lyzatot, amely kieg\u00e9sz\u00edti a Felhaszn\u00e1l\u00e1si Felt\u00e9teleinket. 1. Tiltott felhaszn\u00e1l\u00e1sok Nem haszn\u00e1lhatja az oldalt:&#8211; semmilyen m\u00f3don, amely s\u00e9rti az alkalmazand\u00f3 t\u00f6rv\u00e9nyeket vagy rendeleteket&#8211; T\u00f6rv\u00e9nytelen vagy csal\u00e1rd c\u00e9lokra&#8211; Kiskor\u00faak megk\u00e1ros\u00edt\u00e1s\u00e1ra vagy kizs\u00e1km\u00e1nyol\u00e1s\u00e1ra&#8211; V\u00edrusok [&hellip;]<\/p>\n","protected":false},"author":1,"featured_media":0,"parent":0,"menu_order":0,"comment_status":"closed","ping_status":"closed","template":"","meta":{"_acf_changed":false,"footnotes":""},"class_list":["post-1717","page","type-page","status-publish","hentry"],"acf":[],"yoast_head":"<!-- This site is optimized with the Yoast SEO plugin v25.9 - https:\/\/yoast.com\/wordpress\/plugins\/seo\/ -->\n<title>Elfogadhat\u00f3 haszn\u00e1latra vonatkoz\u00f3 ir\u00e1nyelvek - Solace<\/title>\n<meta name=\"description\" content=\"SOLACE Knowledge Hub - The lung cancer screening resource for the public and professionals.\" \/>\n<meta name=\"robots\" content=\"index, follow, max-snippet:-1, max-image-preview:large, max-video-preview:-1\" \/>\n<link rel=\"canonical\" href=\"https:\/\/hub.solacelung.eu\/hu\/elfogadhato-hasznalatra-vonatkozo-iranyelvek\/\" \/>\n<meta property=\"og:locale\" content=\"hu_HU\" \/>\n<meta property=\"og:type\" content=\"article\" \/>\n<meta property=\"og:title\" content=\"Elfogadhat\u00f3 haszn\u00e1latra vonatkoz\u00f3 ir\u00e1nyelvek - Solace\" \/>\n<meta property=\"og:description\" content=\"SOLACE Knowledge Hub - The lung cancer screening resource for the public and professionals.\" \/>\n<meta property=\"og:url\" content=\"https:\/\/hub.solacelung.eu\/hu\/elfogadhato-hasznalatra-vonatkozo-iranyelvek\/\" \/>\n<meta property=\"og:site_name\" content=\"Solace\" \/>\n<meta property=\"article:modified_time\" content=\"2025-10-14T16:37:07+00:00\" \/>\n<meta property=\"og:image\" content=\"https:\/\/hub.solacelung.eu\/wp-content\/uploads\/2025\/08\/shutterstock_1998552674.jpg\" \/>\n\t<meta property=\"og:image:width\" content=\"1000\" \/>\n\t<meta property=\"og:image:height\" content=\"667\" \/>\n\t<meta property=\"og:image:type\" content=\"image\/jpeg\" \/>\n<meta name=\"twitter:card\" content=\"summary_large_image\" \/>\n<meta name=\"twitter:label1\" content=\"Becs\u00fclt olvas\u00e1si id\u0151\" \/>\n\t<meta name=\"twitter:data1\" content=\"2 perc\" \/>\n<script type=\"application\/ld+json\" class=\"yoast-schema-graph\">{\"@context\":\"https:\/\/schema.org\",\"@graph\":[{\"@type\":\"WebPage\",\"@id\":\"https:\/\/hub.solacelung.eu\/hu\/elfogadhato-hasznalatra-vonatkozo-iranyelvek\/\",\"url\":\"https:\/\/hub.solacelung.eu\/hu\/elfogadhato-hasznalatra-vonatkozo-iranyelvek\/\",\"name\":\"Elfogadhat\u00f3 haszn\u00e1latra vonatkoz\u00f3 ir\u00e1nyelvek - Solace\",\"isPartOf\":{\"@id\":\"https:\/\/hub.solacelung.eu\/hu\/#website\"},\"datePublished\":\"2025-09-14T16:22:17+00:00\",\"dateModified\":\"2025-10-14T16:37:07+00:00\",\"description\":\"SOLACE Knowledge Hub - The lung cancer screening resource for the public and professionals.\",\"breadcrumb\":{\"@id\":\"https:\/\/hub.solacelung.eu\/hu\/elfogadhato-hasznalatra-vonatkozo-iranyelvek\/#breadcrumb\"},\"inLanguage\":\"hu\",\"potentialAction\":[{\"@type\":\"ReadAction\",\"target\":[\"https:\/\/hub.solacelung.eu\/hu\/elfogadhato-hasznalatra-vonatkozo-iranyelvek\/\"]}]},{\"@type\":\"BreadcrumbList\",\"@id\":\"https:\/\/hub.solacelung.eu\/hu\/elfogadhato-hasznalatra-vonatkozo-iranyelvek\/#breadcrumb\",\"itemListElement\":[{\"@type\":\"ListItem\",\"position\":1,\"name\":\"Home\",\"item\":\"https:\/\/hub.solacelung.eu\/hu\/\"},{\"@type\":\"ListItem\",\"position\":2,\"name\":\"Elfogadhat\u00f3 haszn\u00e1latra vonatkoz\u00f3 ir\u00e1nyelvek\"}]},{\"@type\":\"WebSite\",\"@id\":\"https:\/\/hub.solacelung.eu\/hu\/#website\",\"url\":\"https:\/\/hub.solacelung.eu\/hu\/\",\"name\":\"Solace\",\"description\":\"Solace\",\"publisher\":{\"@id\":\"https:\/\/hub.solacelung.eu\/hu\/#organization\"},\"potentialAction\":[{\"@type\":\"SearchAction\",\"target\":{\"@type\":\"EntryPoint\",\"urlTemplate\":\"https:\/\/hub.solacelung.eu\/hu\/?s={search_term_string}\"},\"query-input\":{\"@type\":\"PropertyValueSpecification\",\"valueRequired\":true,\"valueName\":\"search_term_string\"}}],\"inLanguage\":\"hu\"},{\"@type\":\"Organization\",\"@id\":\"https:\/\/hub.solacelung.eu\/hu\/#organization\",\"name\":\"Solace\",\"url\":\"https:\/\/hub.solacelung.eu\/hu\/\",\"logo\":{\"@type\":\"ImageObject\",\"inLanguage\":\"hu\",\"@id\":\"https:\/\/hub.solacelung.eu\/hu\/#\/schema\/logo\/image\/\",\"url\":\"\",\"contentUrl\":\"\",\"caption\":\"Solace\"},\"image\":{\"@id\":\"https:\/\/hub.solacelung.eu\/hu\/#\/schema\/logo\/image\/\"},\"sameAs\":[\"https:\/\/www.linkedin.com\/company\/105992869\/admin\/dashboard\/\"]}]}<\/script>\n<!-- \/ Yoast SEO plugin. -->","yoast_head_json":{"title":"Elfogadhat\u00f3 haszn\u00e1latra vonatkoz\u00f3 ir\u00e1nyelvek - Solace","description":"SOLACE Knowledge Hub - The lung cancer screening resource for the public and professionals.","robots":{"index":"index","follow":"follow","max-snippet":"max-snippet:-1","max-image-preview":"max-image-preview:large","max-video-preview":"max-video-preview:-1"},"canonical":"https:\/\/hub.solacelung.eu\/hu\/elfogadhato-hasznalatra-vonatkozo-iranyelvek\/","og_locale":"hu_HU","og_type":"article","og_title":"Elfogadhat\u00f3 haszn\u00e1latra vonatkoz\u00f3 ir\u00e1nyelvek - Solace","og_description":"SOLACE Knowledge Hub - The lung cancer screening resource for the public and professionals.","og_url":"https:\/\/hub.solacelung.eu\/hu\/elfogadhato-hasznalatra-vonatkozo-iranyelvek\/","og_site_name":"Solace","article_modified_time":"2025-10-14T16:37:07+00:00","og_image":[{"width":1000,"height":667,"url":"https:\/\/hub.solacelung.eu\/wp-content\/uploads\/2025\/08\/shutterstock_1998552674.jpg","type":"image\/jpeg"}],"twitter_card":"summary_large_image","twitter_misc":{"Becs\u00fclt olvas\u00e1si id\u0151":"2 perc"},"schema":{"@context":"https:\/\/schema.org","@graph":[{"@type":"WebPage","@id":"https:\/\/hub.solacelung.eu\/hu\/elfogadhato-hasznalatra-vonatkozo-iranyelvek\/","url":"https:\/\/hub.solacelung.eu\/hu\/elfogadhato-hasznalatra-vonatkozo-iranyelvek\/","name":"Elfogadhat\u00f3 haszn\u00e1latra vonatkoz\u00f3 ir\u00e1nyelvek - Solace","isPartOf":{"@id":"https:\/\/hub.solacelung.eu\/hu\/#website"},"datePublished":"2025-09-14T16:22:17+00:00","dateModified":"2025-10-14T16:37:07+00:00","description":"SOLACE Knowledge Hub - The lung cancer screening resource for the public and professionals.","breadcrumb":{"@id":"https:\/\/hub.solacelung.eu\/hu\/elfogadhato-hasznalatra-vonatkozo-iranyelvek\/#breadcrumb"},"inLanguage":"hu","potentialAction":[{"@type":"ReadAction","target":["https:\/\/hub.solacelung.eu\/hu\/elfogadhato-hasznalatra-vonatkozo-iranyelvek\/"]}]},{"@type":"BreadcrumbList","@id":"https:\/\/hub.solacelung.eu\/hu\/elfogadhato-hasznalatra-vonatkozo-iranyelvek\/#breadcrumb","itemListElement":[{"@type":"ListItem","position":1,"name":"Home","item":"https:\/\/hub.solacelung.eu\/hu\/"},{"@type":"ListItem","position":2,"name":"Elfogadhat\u00f3 haszn\u00e1latra vonatkoz\u00f3 ir\u00e1nyelvek"}]},{"@type":"WebSite","@id":"https:\/\/hub.solacelung.eu\/hu\/#website","url":"https:\/\/hub.solacelung.eu\/hu\/","name":"Solace","description":"Solace","publisher":{"@id":"https:\/\/hub.solacelung.eu\/hu\/#organization"},"potentialAction":[{"@type":"SearchAction","target":{"@type":"EntryPoint","urlTemplate":"https:\/\/hub.solacelung.eu\/hu\/?s={search_term_string}"},"query-input":{"@type":"PropertyValueSpecification","valueRequired":true,"valueName":"search_term_string"}}],"inLanguage":"hu"},{"@type":"Organization","@id":"https:\/\/hub.solacelung.eu\/hu\/#organization","name":"Solace","url":"https:\/\/hub.solacelung.eu\/hu\/","logo":{"@type":"ImageObject","inLanguage":"hu","@id":"https:\/\/hub.solacelung.eu\/hu\/#\/schema\/logo\/image\/","url":"","contentUrl":"","caption":"Solace"},"image":{"@id":"https:\/\/hub.solacelung.eu\/hu\/#\/schema\/logo\/image\/"},"sameAs":["https:\/\/www.linkedin.com\/company\/105992869\/admin\/dashboard\/"]}]}},"_links":{"self":[{"href":"https:\/\/hub.solacelung.eu\/hu\/wp-json\/wp\/v2\/pages\/1717","targetHints":{"allow":["GET"]}}],"collection":[{"href":"https:\/\/hub.solacelung.eu\/hu\/wp-json\/wp\/v2\/pages"}],"about":[{"href":"https:\/\/hub.solacelung.eu\/hu\/wp-json\/wp\/v2\/types\/page"}],"author":[{"embeddable":true,"href":"https:\/\/hub.solacelung.eu\/hu\/wp-json\/wp\/v2\/users\/1"}],"replies":[{"embeddable":true,"href":"https:\/\/hub.solacelung.eu\/hu\/wp-json\/wp\/v2\/comments?post=1717"}],"version-history":[{"count":1,"href":"https:\/\/hub.solacelung.eu\/hu\/wp-json\/wp\/v2\/pages\/1717\/revisions"}],"predecessor-version":[{"id":1718,"href":"https:\/\/hub.solacelung.eu\/hu\/wp-json\/wp\/v2\/pages\/1717\/revisions\/1718"}],"wp:attachment":[{"href":"https:\/\/hub.solacelung.eu\/hu\/wp-json\/wp\/v2\/media?parent=1717"}],"curies":[{"name":"wp","href":"https:\/\/api.w.org\/{rel}","templated":true}]}}