{"id":1611,"date":"2025-04-19T19:43:54","date_gmt":"2025-04-19T18:43:54","guid":{"rendered":"https:\/\/hub.solacelung.eu\/feltetelek-es-feltetelek\/"},"modified":"2025-10-14T17:34:52","modified_gmt":"2025-10-14T16:34:52","slug":"feltetelek-es-feltetelek","status":"publish","type":"page","link":"https:\/\/hub.solacelung.eu\/hu\/feltetelek-es-feltetelek\/","title":{"rendered":"Felt\u00e9telek \u00e9s felt\u00e9telek"},"content":{"rendered":"<div class=\"site-padding\">\n<p>\u00dcdv\u00f6z\u00f6lj\u00fck a hub.solacelung.eu (a &#8222;Tud\u00e1sk\u00f6zpont&#8221;), a Lungs Europe \u00e1ltal \u00fczemeltetett platformon. A weboldal haszn\u00e1lat\u00e1val \u00d6n beleegyezik, hogy betartja \u00e9s mag\u00e1ra n\u00e9zve k\u00f6telez\u0151nek tekinti az al\u00e1bbi felt\u00e9teleket. Ha nem \u00e9rt egyet, k\u00e9rj\u00fck, ne haszn\u00e1lja ezt a weboldalt.<\/p>\n<\/div><div class=\"site-padding\">\n<p><strong>1. R\u00f3lunk<\/strong><\/p>\n<\/div><div class=\"site-padding\">\n<p>A SOLACE tud\u00e1sk\u00f6zpontot a Lungs Europe m\u0171k\u00f6dteti.<br\/>Bejegyzett sz\u00e9khely: Rue du Congr\u00e8s 35, 1000 Br\u00fcsszel, Belgium<br\/>Email: info@europeanlung.org<br\/>Tel: +32 2 238 53 60.<\/p>\n<\/div><div class=\"site-padding\">\n<p><strong>2. A weboldal haszn\u00e1lata<\/strong><\/p>\n<\/div><div class=\"site-padding\">\n<p>A Knowledge Hubhoz vend\u00e9gk\u00e9nt f\u00e9rhet hozz\u00e1, \u00e9s a tartalmat kiz\u00e1r\u00f3lag szem\u00e9lyes, nem kereskedelmi c\u00e9lokra haszn\u00e1lhatja. Fenntartjuk a jogot, hogy a webhelyet el\u0151zetes \u00e9rtes\u00edt\u00e9s n\u00e9lk\u00fcl felf\u00fcggessz\u00fck vagy visszavonjuk.<\/p>\n<\/div><div class=\"site-padding\">\n<p><strong>3. Szellemi tulajdon<\/strong><\/p>\n<\/div><div class=\"site-padding\">\n<p>Az ezen az oldalon tal\u00e1lhat\u00f3 minden tartalom a Lungs Europe tulajdon\u00e1ban van, vagy a Lungs Europe sz\u00e1m\u00e1ra enged\u00e9lyezett, \u00e9s szerz\u0151i jogv\u00e9delem alatt \u00e1ll. Kiz\u00e1r\u00f3lag szem\u00e9lyes haszn\u00e1latra kinyomtathatja vagy let\u00f6ltheti a kivonatokat. A kereskedelmi felhaszn\u00e1l\u00e1shoz vagy m\u00f3dos\u00edt\u00e1shoz el\u0151zetes \u00edr\u00e1sbeli enged\u00e9ly sz\u00fcks\u00e9ges.<\/p>\n<\/div><div class=\"site-padding\">\n<p><strong>4. T\u00e1j\u00e9koztat\u00f3 nyilatkozat<\/strong><\/p>\n<\/div><div class=\"site-padding\">\n<p>A tud\u00e1sk\u00f6zpont \u00e1ltal\u00e1nos eg\u00e9szs\u00e9g\u00fcgyi inform\u00e1ci\u00f3kat ny\u00fajt, bele\u00e9rtve interakt\u00edv eszk\u00f6z\u00f6ket (Eligibility Tool \u00e9s Pathway Tool). Ezek nem min\u0151s\u00fclnek orvosi tan\u00e1csad\u00e1snak, \u00e9s nem helyettes\u00edthetik a szakk\u00e9pzett eg\u00e9szs\u00e9g\u00fcgyi szolg\u00e1ltat\u00f3val val\u00f3 konzult\u00e1ci\u00f3t.<\/p>\n<\/div><div class=\"site-padding\">\n<p><strong>5. Felel\u0151ss\u00e9gi nyilatkozat<\/strong><\/p>\n<\/div><div class=\"site-padding\">\n<p>Nem v\u00e1llalunk garanci\u00e1t a tartalom pontoss\u00e1g\u00e1ra vagy teljess\u00e9g\u00e9re vonatkoz\u00f3an, \u00e9s nem v\u00e1llalunk felel\u0151ss\u00e9get az ezen az oldalon k\u00f6zz\u00e9tett anyagokra val\u00f3 hagyatkoz\u00e1sb\u00f3l ered\u0151 vesztes\u00e9gek\u00e9rt vagy k\u00e1rok\u00e9rt.<\/p>\n<\/div><div class=\"site-padding\">\n<p><strong>6. Felhaszn\u00e1l\u00f3 \u00e1ltal gener\u00e1lt tartalom<\/strong><\/p>\n<\/div><div class=\"site-padding\">\n<p>Ha hozz\u00e1sz\u00f3l\u00e1sokat k\u00fcld, vagy kapcsolatba l\u00e9p a platformmal, nem tehet k\u00f6zz\u00e9 jogellenes vagy s\u00e9rt\u0151 tartalmakat. Fenntartjuk a jogot, hogy az ilyen tartalmakat \u00e9rtes\u00edt\u00e9s n\u00e9lk\u00fcl elt\u00e1vol\u00edtsuk.<\/p>\n<\/div><div class=\"site-padding\">\n<p><strong>7. K\u00fcls\u0151 hivatkoz\u00e1sok<\/strong><\/p>\n<\/div><div class=\"site-padding\">\n<p>Ez a weboldal k\u00fcls\u0151 oldalakra mutat\u00f3 linkeket tartalmazhat. A Lungs Europe nem ellen\u0151rzi ezek tartalm\u00e1t vagy gyakorlat\u00e1t, \u00e9s nem v\u00e1llal felel\u0151ss\u00e9get azok\u00e9rt.<\/p>\n<\/div><div class=\"site-padding\">\n<p><strong>8. Biztons\u00e1g \u00e9s vissza\u00e9l\u00e9s<\/strong><\/p>\n<\/div><div class=\"site-padding\">\n<p>A felhaszn\u00e1l\u00f3k nem \u00e9lhetnek vissza a weboldallal v\u00edrusok behurcol\u00e1sa, illet\u00e9ktelen hozz\u00e1f\u00e9r\u00e9s megk\u00eds\u00e9rl\u00e9se vagy a m\u0171k\u00f6d\u00e9s\u00e9nek megzavar\u00e1sa r\u00e9v\u00e9n. A jogs\u00e9rt\u00e9sek jogi l\u00e9p\u00e9seket vonhatnak maguk ut\u00e1n.<\/p>\n<\/div><div class=\"site-padding\">\n<p><strong>9. Ir\u00e1nyad\u00f3 jog<\/strong><\/p>\n<\/div><div class=\"site-padding\">\n<p>Ezekre a felt\u00e9telekre Anglia \u00e9s Wales t\u00f6rv\u00e9nyei vonatkoznak. B\u00e1rmely jogvita az angol b\u00edr\u00f3s\u00e1gok joghat\u00f3s\u00e1ga al\u00e1 tartozik.<\/p>\n<\/div><div class=\"site-padding\">\n<p><strong>10. A felt\u00e9telek m\u00f3dos\u00edt\u00e1sa<\/strong><\/p>\n<\/div><div class=\"site-padding\">\n<p>Ezeket a felt\u00e9teleket b\u00e1rmikor fel\u00fclvizsg\u00e1lhatjuk. K\u00e9rj\u00fck, rendszeresen ellen\u0151rizze ezt az oldalt a friss\u00edt\u00e9sek\u00e9rt.<\/p>\n<\/div><div class=\"site-padding\">\n<p><strong>11. Kapcsolat<\/strong><\/p>\n<\/div><div class=\"site-padding\">\n<p>A felt\u00e9telekkel kapcsolatos k\u00e9rd\u00e9sekkel vagy agg\u00e1lyokkal forduljon a info@europeanlung.org c\u00edmre.<\/p>\n<\/div>","protected":false},"excerpt":{"rendered":"<p>\u00dcdv\u00f6z\u00f6lj\u00fck a hub.solacelung.eu (a &#8222;Tud\u00e1sk\u00f6zpont&#8221;), a Lungs Europe \u00e1ltal \u00fczemeltetett platformon. A weboldal haszn\u00e1lat\u00e1val \u00d6n beleegyezik, hogy betartja \u00e9s mag\u00e1ra n\u00e9zve k\u00f6telez\u0151nek tekinti az al\u00e1bbi felt\u00e9teleket. Ha nem \u00e9rt egyet, k\u00e9rj\u00fck, ne haszn\u00e1lja ezt a weboldalt. 1. R\u00f3lunk A SOLACE tud\u00e1sk\u00f6zpontot a Lungs Europe m\u0171k\u00f6dteti.Bejegyzett sz\u00e9khely: Rue du Congr\u00e8s 35, 1000 Br\u00fcsszel, BelgiumEmail: info@europeanlung.orgTel: +32 [&hellip;]<\/p>\n","protected":false},"author":1,"featured_media":0,"parent":0,"menu_order":0,"comment_status":"closed","ping_status":"closed","template":"","meta":{"_acf_changed":false,"footnotes":""},"class_list":["post-1611","page","type-page","status-publish","hentry"],"acf":[],"yoast_head":"<!-- This site is optimized with the Yoast SEO plugin v25.9 - https:\/\/yoast.com\/wordpress\/plugins\/seo\/ -->\n<title>Felt\u00e9telek \u00e9s felt\u00e9telek - Solace<\/title>\n<meta name=\"description\" content=\"Fedezze fel, hogy a Kolab hogyan \u00f6tv\u00f6zi a kreativit\u00e1st \u00e9s a technol\u00f3gi\u00e1t, hogy \u00e9rtelmes digit\u00e1lis megold\u00e1sokat tervezzen \u00e9s fejlesszen. Sheffieldi sz\u00e9khely\u0171, glob\u00e1lisan sz\u00e1ll\u00edt.\" \/>\n<meta name=\"robots\" content=\"index, follow, max-snippet:-1, max-image-preview:large, max-video-preview:-1\" \/>\n<link rel=\"canonical\" href=\"https:\/\/hub.solacelung.eu\/hu\/feltetelek-es-feltetelek\/\" \/>\n<meta property=\"og:locale\" content=\"hu_HU\" \/>\n<meta property=\"og:type\" content=\"article\" \/>\n<meta property=\"og:title\" content=\"Felt\u00e9telek \u00e9s felt\u00e9telek - Solace\" \/>\n<meta property=\"og:description\" content=\"Fedezze fel, hogy a Kolab hogyan \u00f6tv\u00f6zi a kreativit\u00e1st \u00e9s a technol\u00f3gi\u00e1t, hogy \u00e9rtelmes digit\u00e1lis megold\u00e1sokat tervezzen \u00e9s fejlesszen. Sheffieldi sz\u00e9khely\u0171, glob\u00e1lisan sz\u00e1ll\u00edt.\" \/>\n<meta property=\"og:url\" content=\"https:\/\/hub.solacelung.eu\/hu\/feltetelek-es-feltetelek\/\" \/>\n<meta property=\"og:site_name\" content=\"Solace\" \/>\n<meta property=\"article:modified_time\" content=\"2025-10-14T16:34:52+00:00\" \/>\n<meta property=\"og:image\" content=\"https:\/\/hub.solacelung.eu\/wp-content\/uploads\/2025\/08\/shutterstock_1998552674.jpg\" \/>\n\t<meta property=\"og:image:width\" content=\"1000\" \/>\n\t<meta property=\"og:image:height\" content=\"667\" \/>\n\t<meta property=\"og:image:type\" content=\"image\/jpeg\" \/>\n<meta name=\"twitter:card\" content=\"summary_large_image\" \/>\n<meta name=\"twitter:label1\" content=\"Becs\u00fclt olvas\u00e1si id\u0151\" \/>\n\t<meta name=\"twitter:data1\" content=\"3 perc\" \/>\n<script type=\"application\/ld+json\" class=\"yoast-schema-graph\">{\"@context\":\"https:\/\/schema.org\",\"@graph\":[{\"@type\":\"WebPage\",\"@id\":\"https:\/\/hub.solacelung.eu\/hu\/feltetelek-es-feltetelek\/\",\"url\":\"https:\/\/hub.solacelung.eu\/hu\/feltetelek-es-feltetelek\/\",\"name\":\"Felt\u00e9telek \u00e9s felt\u00e9telek - Solace\",\"isPartOf\":{\"@id\":\"https:\/\/hub.solacelung.eu\/hu\/#website\"},\"datePublished\":\"2025-04-19T18:43:54+00:00\",\"dateModified\":\"2025-10-14T16:34:52+00:00\",\"description\":\"Fedezze fel, hogy a Kolab hogyan \u00f6tv\u00f6zi a kreativit\u00e1st \u00e9s a technol\u00f3gi\u00e1t, hogy \u00e9rtelmes digit\u00e1lis megold\u00e1sokat tervezzen \u00e9s fejlesszen. Sheffieldi sz\u00e9khely\u0171, glob\u00e1lisan sz\u00e1ll\u00edt.\",\"breadcrumb\":{\"@id\":\"https:\/\/hub.solacelung.eu\/hu\/feltetelek-es-feltetelek\/#breadcrumb\"},\"inLanguage\":\"hu\",\"potentialAction\":[{\"@type\":\"ReadAction\",\"target\":[\"https:\/\/hub.solacelung.eu\/hu\/feltetelek-es-feltetelek\/\"]}]},{\"@type\":\"BreadcrumbList\",\"@id\":\"https:\/\/hub.solacelung.eu\/hu\/feltetelek-es-feltetelek\/#breadcrumb\",\"itemListElement\":[{\"@type\":\"ListItem\",\"position\":1,\"name\":\"Home\",\"item\":\"https:\/\/hub.solacelung.eu\/hu\/\"},{\"@type\":\"ListItem\",\"position\":2,\"name\":\"Felt\u00e9telek \u00e9s felt\u00e9telek\"}]},{\"@type\":\"WebSite\",\"@id\":\"https:\/\/hub.solacelung.eu\/hu\/#website\",\"url\":\"https:\/\/hub.solacelung.eu\/hu\/\",\"name\":\"Solace\",\"description\":\"Solace\",\"publisher\":{\"@id\":\"https:\/\/hub.solacelung.eu\/hu\/#organization\"},\"potentialAction\":[{\"@type\":\"SearchAction\",\"target\":{\"@type\":\"EntryPoint\",\"urlTemplate\":\"https:\/\/hub.solacelung.eu\/hu\/?s={search_term_string}\"},\"query-input\":{\"@type\":\"PropertyValueSpecification\",\"valueRequired\":true,\"valueName\":\"search_term_string\"}}],\"inLanguage\":\"hu\"},{\"@type\":\"Organization\",\"@id\":\"https:\/\/hub.solacelung.eu\/hu\/#organization\",\"name\":\"Solace\",\"url\":\"https:\/\/hub.solacelung.eu\/hu\/\",\"logo\":{\"@type\":\"ImageObject\",\"inLanguage\":\"hu\",\"@id\":\"https:\/\/hub.solacelung.eu\/hu\/#\/schema\/logo\/image\/\",\"url\":\"\",\"contentUrl\":\"\",\"caption\":\"Solace\"},\"image\":{\"@id\":\"https:\/\/hub.solacelung.eu\/hu\/#\/schema\/logo\/image\/\"},\"sameAs\":[\"https:\/\/www.linkedin.com\/company\/105992869\/admin\/dashboard\/\"]}]}<\/script>\n<!-- \/ Yoast SEO plugin. -->","yoast_head_json":{"title":"Felt\u00e9telek \u00e9s felt\u00e9telek - Solace","description":"Fedezze fel, hogy a Kolab hogyan \u00f6tv\u00f6zi a kreativit\u00e1st \u00e9s a technol\u00f3gi\u00e1t, hogy \u00e9rtelmes digit\u00e1lis megold\u00e1sokat tervezzen \u00e9s fejlesszen. Sheffieldi sz\u00e9khely\u0171, glob\u00e1lisan sz\u00e1ll\u00edt.","robots":{"index":"index","follow":"follow","max-snippet":"max-snippet:-1","max-image-preview":"max-image-preview:large","max-video-preview":"max-video-preview:-1"},"canonical":"https:\/\/hub.solacelung.eu\/hu\/feltetelek-es-feltetelek\/","og_locale":"hu_HU","og_type":"article","og_title":"Felt\u00e9telek \u00e9s felt\u00e9telek - Solace","og_description":"Fedezze fel, hogy a Kolab hogyan \u00f6tv\u00f6zi a kreativit\u00e1st \u00e9s a technol\u00f3gi\u00e1t, hogy \u00e9rtelmes digit\u00e1lis megold\u00e1sokat tervezzen \u00e9s fejlesszen. Sheffieldi sz\u00e9khely\u0171, glob\u00e1lisan sz\u00e1ll\u00edt.","og_url":"https:\/\/hub.solacelung.eu\/hu\/feltetelek-es-feltetelek\/","og_site_name":"Solace","article_modified_time":"2025-10-14T16:34:52+00:00","og_image":[{"width":1000,"height":667,"url":"https:\/\/hub.solacelung.eu\/wp-content\/uploads\/2025\/08\/shutterstock_1998552674.jpg","type":"image\/jpeg"}],"twitter_card":"summary_large_image","twitter_misc":{"Becs\u00fclt olvas\u00e1si id\u0151":"3 perc"},"schema":{"@context":"https:\/\/schema.org","@graph":[{"@type":"WebPage","@id":"https:\/\/hub.solacelung.eu\/hu\/feltetelek-es-feltetelek\/","url":"https:\/\/hub.solacelung.eu\/hu\/feltetelek-es-feltetelek\/","name":"Felt\u00e9telek \u00e9s felt\u00e9telek - Solace","isPartOf":{"@id":"https:\/\/hub.solacelung.eu\/hu\/#website"},"datePublished":"2025-04-19T18:43:54+00:00","dateModified":"2025-10-14T16:34:52+00:00","description":"Fedezze fel, hogy a Kolab hogyan \u00f6tv\u00f6zi a kreativit\u00e1st \u00e9s a technol\u00f3gi\u00e1t, hogy \u00e9rtelmes digit\u00e1lis megold\u00e1sokat tervezzen \u00e9s fejlesszen. Sheffieldi sz\u00e9khely\u0171, glob\u00e1lisan sz\u00e1ll\u00edt.","breadcrumb":{"@id":"https:\/\/hub.solacelung.eu\/hu\/feltetelek-es-feltetelek\/#breadcrumb"},"inLanguage":"hu","potentialAction":[{"@type":"ReadAction","target":["https:\/\/hub.solacelung.eu\/hu\/feltetelek-es-feltetelek\/"]}]},{"@type":"BreadcrumbList","@id":"https:\/\/hub.solacelung.eu\/hu\/feltetelek-es-feltetelek\/#breadcrumb","itemListElement":[{"@type":"ListItem","position":1,"name":"Home","item":"https:\/\/hub.solacelung.eu\/hu\/"},{"@type":"ListItem","position":2,"name":"Felt\u00e9telek \u00e9s felt\u00e9telek"}]},{"@type":"WebSite","@id":"https:\/\/hub.solacelung.eu\/hu\/#website","url":"https:\/\/hub.solacelung.eu\/hu\/","name":"Solace","description":"Solace","publisher":{"@id":"https:\/\/hub.solacelung.eu\/hu\/#organization"},"potentialAction":[{"@type":"SearchAction","target":{"@type":"EntryPoint","urlTemplate":"https:\/\/hub.solacelung.eu\/hu\/?s={search_term_string}"},"query-input":{"@type":"PropertyValueSpecification","valueRequired":true,"valueName":"search_term_string"}}],"inLanguage":"hu"},{"@type":"Organization","@id":"https:\/\/hub.solacelung.eu\/hu\/#organization","name":"Solace","url":"https:\/\/hub.solacelung.eu\/hu\/","logo":{"@type":"ImageObject","inLanguage":"hu","@id":"https:\/\/hub.solacelung.eu\/hu\/#\/schema\/logo\/image\/","url":"","contentUrl":"","caption":"Solace"},"image":{"@id":"https:\/\/hub.solacelung.eu\/hu\/#\/schema\/logo\/image\/"},"sameAs":["https:\/\/www.linkedin.com\/company\/105992869\/admin\/dashboard\/"]}]}},"_links":{"self":[{"href":"https:\/\/hub.solacelung.eu\/hu\/wp-json\/wp\/v2\/pages\/1611","targetHints":{"allow":["GET"]}}],"collection":[{"href":"https:\/\/hub.solacelung.eu\/hu\/wp-json\/wp\/v2\/pages"}],"about":[{"href":"https:\/\/hub.solacelung.eu\/hu\/wp-json\/wp\/v2\/types\/page"}],"author":[{"embeddable":true,"href":"https:\/\/hub.solacelung.eu\/hu\/wp-json\/wp\/v2\/users\/1"}],"replies":[{"embeddable":true,"href":"https:\/\/hub.solacelung.eu\/hu\/wp-json\/wp\/v2\/comments?post=1611"}],"version-history":[{"count":1,"href":"https:\/\/hub.solacelung.eu\/hu\/wp-json\/wp\/v2\/pages\/1611\/revisions"}],"predecessor-version":[{"id":1612,"href":"https:\/\/hub.solacelung.eu\/hu\/wp-json\/wp\/v2\/pages\/1611\/revisions\/1612"}],"wp:attachment":[{"href":"https:\/\/hub.solacelung.eu\/hu\/wp-json\/wp\/v2\/media?parent=1611"}],"curies":[{"name":"wp","href":"https:\/\/api.w.org\/{rel}","templated":true}]}}