{"id":1719,"date":"2025-09-14T17:22:17","date_gmt":"2025-09-14T16:22:17","guid":{"rendered":"https:\/\/hub.solacelung.eu\/pravila-prihvatljive-upotrebe\/"},"modified":"2025-10-14T17:37:09","modified_gmt":"2025-10-14T16:37:09","slug":"pravila-prihvatljive-upotrebe","status":"publish","type":"page","link":"https:\/\/hub.solacelung.eu\/hr\/pravila-prihvatljive-upotrebe\/","title":{"rendered":"Pravila prihvatljive upotrebe"},"content":{"rendered":"<div class=\"site-padding\">\n<p>Ova Pravila prihvatljive upotrebe utvr\u0111uju pravila za kori\u0161tenje hub.solacelung.eu (\u201eCentar znanja\u201c), kojim upravlja Lungs Europe. Kori\u0161tenjem stranice pristajete na ova pravila koja nadopunjuju na\u0161e Uvjete i odredbe. <\/p>\n<\/div><div class=\"site-padding\">\n<p><strong>1. Zabranjene upotrebe<\/strong><\/p>\n<\/div><div class=\"site-padding\">\n<p>Ne smijete koristiti stranicu:<br\/> &#8211; Na bilo koji na\u010din koji kr\u0161i va\u017ee\u0107e zakone ili propise<br\/> &#8211; U nezakonite ili prijevarne svrhe<br\/> &#8211; Nanositi \u0161tetu ili iskori\u0161tavati maloljetnike<br\/> &#8211; Prenositi ili u\u010ditavati viruse ili drugi \u0161tetni kod<br\/> &#8211; Slanje ne\u017eeljenog ogla\u0161avanja ili ne\u017eeljene po\u0161te<br\/> &#8211; Reproducirati, umno\u017eavati ili kopirati bilo koji sadr\u017eaj koji kr\u0161i na\u0161e uvjete<\/p>\n<\/div><div class=\"site-padding\">\n<p>Ne smijete ometati rad stranice, poslu\u017eitelja ili mre\u017ea povezanih sa stranicom.<\/p>\n<\/div><div class=\"site-padding\">\n<p><strong>2. Interaktivne usluge<\/strong><\/p>\n<\/div><div class=\"site-padding\">\n<p>Tamo gdje su dostupni interaktivni alati ili forumi, jasno \u0107emo navesti prirodu moderiranja, ako postoji. Kori\u0161tenje takvih usluga od strane maloljetnika mora biti pod nadzorom roditelja ili skrbnika. Nismo odgovorni za bilo kakav sadr\u017eaj koji generiraju korisnici ili njegove posljedice.  <\/p>\n<\/div><div class=\"site-padding\">\n<p><strong>3. Standardi sadr\u017eaja<\/strong><\/p>\n<\/div><div class=\"site-padding\">\n<p>Doprinosi moraju:<br\/> &#8211; Budite to\u010dni (gdje god je to \u010dinjeni\u010dno)<br\/> &#8211; Biti iskren (ako se temelji na mi\u0161ljenju)<br\/> &#8211; Pridr\u017eavajte se va\u017ee\u0107ih zakona<br\/> Doprinosi ne smiju:<br\/> &#8211; Biti klevetni\u010dki, opscen, pun mr\u017enje ili zapaljiv<br\/> &#8211; Poticati nasilje ili diskriminaciju<br\/> &#8211; Kr\u0161enje intelektualnog vlasni\u0161tva<br\/> &#8211; Obmanjivanje drugih ili kr\u0161enje povjerljivosti<br\/> &#8211; Uznemiravanje, zlostavljanje ili zastra\u0161ivanje drugih<br\/> &#8211; La\u017eno predstavljanje bilo koje osobe ili la\u017eno predstavljanje pripadnosti<\/p>\n<\/div><div class=\"site-padding\">\n<p><strong>4. Provedba<\/strong><\/p>\n<\/div><div class=\"site-padding\">\n<p>Mo\u017eemo poduzeti bilo koju radnju koju smatramo prikladnom za kr\u0161enja, uklju\u010duju\u0107i:<br\/> &#8211; Uklanjanje sadr\u017eaja<br\/> &#8211; Ograni\u010davanje pristupa<br\/> &#8211; Pravni postupak<br\/> &#8211; Prijavljivanje vlastima<br\/> Isklju\u010dujemo odgovornost za radnje poduzete kao odgovor na kr\u0161enje pravila.<\/p>\n<\/div><div class=\"site-padding\">\n<p><strong>5. Izmjene ove Politike<\/strong><\/p>\n<\/div><div class=\"site-padding\">\n<p>Ovu politiku mo\u017eemo a\u017eurirati u bilo kojem trenutku. Molimo vas da je redovito pregledavate kako biste bili obavije\u0161teni o svim promjenama. <\/p>\n<\/div><div class=\"site-padding\">\n<p><strong>6. Kontakt<\/strong><\/p>\n<\/div><div class=\"site-padding\">\n<p>Za sva pitanja ili nedoumice obratite se na info@europeanlung.org.<\/p>\n<\/div>","protected":false},"excerpt":{"rendered":"<p>Ova Pravila prihvatljive upotrebe utvr\u0111uju pravila za kori\u0161tenje hub.solacelung.eu (\u201eCentar znanja\u201c), kojim upravlja Lungs Europe. Kori\u0161tenjem stranice pristajete na ova pravila koja nadopunjuju na\u0161e Uvjete i odredbe. 1. Zabranjene upotrebe Ne smijete koristiti stranicu: &#8211; Na bilo koji na\u010din koji kr\u0161i va\u017ee\u0107e zakone ili propise &#8211; U nezakonite ili prijevarne svrhe &#8211; Nanositi \u0161tetu ili [&hellip;]<\/p>\n","protected":false},"author":1,"featured_media":0,"parent":0,"menu_order":0,"comment_status":"closed","ping_status":"closed","template":"","meta":{"_acf_changed":false,"footnotes":""},"class_list":["post-1719","page","type-page","status-publish","hentry"],"acf":[],"yoast_head":"<!-- This site is optimized with the Yoast SEO plugin v25.9 - https:\/\/yoast.com\/wordpress\/plugins\/seo\/ -->\n<title>Pravila prihvatljive upotrebe - Solace<\/title>\n<meta name=\"description\" content=\"SOLACE Knowledge Hub - The lung cancer screening resource for the public and professionals.\" \/>\n<meta name=\"robots\" content=\"index, follow, max-snippet:-1, max-image-preview:large, max-video-preview:-1\" \/>\n<link rel=\"canonical\" href=\"https:\/\/hub.solacelung.eu\/hr\/pravila-prihvatljive-upotrebe\/\" \/>\n<meta property=\"og:locale\" content=\"hr_HR\" \/>\n<meta property=\"og:type\" content=\"article\" \/>\n<meta property=\"og:title\" content=\"Pravila prihvatljive upotrebe - Solace\" \/>\n<meta property=\"og:description\" content=\"SOLACE Knowledge Hub - The lung cancer screening resource for the public and professionals.\" \/>\n<meta property=\"og:url\" content=\"https:\/\/hub.solacelung.eu\/hr\/pravila-prihvatljive-upotrebe\/\" \/>\n<meta property=\"og:site_name\" content=\"Solace\" \/>\n<meta property=\"article:modified_time\" content=\"2025-10-14T16:37:09+00:00\" \/>\n<meta property=\"og:image\" content=\"https:\/\/hub.solacelung.eu\/wp-content\/uploads\/2025\/08\/shutterstock_1998552674.jpg\" \/>\n\t<meta property=\"og:image:width\" content=\"1000\" \/>\n\t<meta property=\"og:image:height\" content=\"667\" \/>\n\t<meta property=\"og:image:type\" content=\"image\/jpeg\" \/>\n<meta name=\"twitter:card\" content=\"summary_large_image\" \/>\n<meta name=\"twitter:label1\" content=\"Procijenjeno vrijeme \u010ditanja\" \/>\n\t<meta name=\"twitter:data1\" content=\"2 minuta\" \/>\n<script type=\"application\/ld+json\" class=\"yoast-schema-graph\">{\"@context\":\"https:\/\/schema.org\",\"@graph\":[{\"@type\":\"WebPage\",\"@id\":\"https:\/\/hub.solacelung.eu\/hr\/pravila-prihvatljive-upotrebe\/\",\"url\":\"https:\/\/hub.solacelung.eu\/hr\/pravila-prihvatljive-upotrebe\/\",\"name\":\"Pravila prihvatljive upotrebe - Solace\",\"isPartOf\":{\"@id\":\"https:\/\/hub.solacelung.eu\/hr\/#website\"},\"datePublished\":\"2025-09-14T16:22:17+00:00\",\"dateModified\":\"2025-10-14T16:37:09+00:00\",\"description\":\"SOLACE Knowledge Hub - The lung cancer screening resource for the public and professionals.\",\"breadcrumb\":{\"@id\":\"https:\/\/hub.solacelung.eu\/hr\/pravila-prihvatljive-upotrebe\/#breadcrumb\"},\"inLanguage\":\"hr\",\"potentialAction\":[{\"@type\":\"ReadAction\",\"target\":[\"https:\/\/hub.solacelung.eu\/hr\/pravila-prihvatljive-upotrebe\/\"]}]},{\"@type\":\"BreadcrumbList\",\"@id\":\"https:\/\/hub.solacelung.eu\/hr\/pravila-prihvatljive-upotrebe\/#breadcrumb\",\"itemListElement\":[{\"@type\":\"ListItem\",\"position\":1,\"name\":\"Home\",\"item\":\"https:\/\/hub.solacelung.eu\/hr\/\"},{\"@type\":\"ListItem\",\"position\":2,\"name\":\"Pravila prihvatljive upotrebe\"}]},{\"@type\":\"WebSite\",\"@id\":\"https:\/\/hub.solacelung.eu\/hr\/#website\",\"url\":\"https:\/\/hub.solacelung.eu\/hr\/\",\"name\":\"Solace\",\"description\":\"Solace\",\"publisher\":{\"@id\":\"https:\/\/hub.solacelung.eu\/hr\/#organization\"},\"potentialAction\":[{\"@type\":\"SearchAction\",\"target\":{\"@type\":\"EntryPoint\",\"urlTemplate\":\"https:\/\/hub.solacelung.eu\/hr\/?s={search_term_string}\"},\"query-input\":{\"@type\":\"PropertyValueSpecification\",\"valueRequired\":true,\"valueName\":\"search_term_string\"}}],\"inLanguage\":\"hr\"},{\"@type\":\"Organization\",\"@id\":\"https:\/\/hub.solacelung.eu\/hr\/#organization\",\"name\":\"Solace\",\"url\":\"https:\/\/hub.solacelung.eu\/hr\/\",\"logo\":{\"@type\":\"ImageObject\",\"inLanguage\":\"hr\",\"@id\":\"https:\/\/hub.solacelung.eu\/hr\/#\/schema\/logo\/image\/\",\"url\":\"\",\"contentUrl\":\"\",\"caption\":\"Solace\"},\"image\":{\"@id\":\"https:\/\/hub.solacelung.eu\/hr\/#\/schema\/logo\/image\/\"},\"sameAs\":[\"https:\/\/www.linkedin.com\/company\/105992869\/admin\/dashboard\/\"]}]}<\/script>\n<!-- \/ Yoast SEO plugin. -->","yoast_head_json":{"title":"Pravila prihvatljive upotrebe - Solace","description":"SOLACE Knowledge Hub - The lung cancer screening resource for the public and professionals.","robots":{"index":"index","follow":"follow","max-snippet":"max-snippet:-1","max-image-preview":"max-image-preview:large","max-video-preview":"max-video-preview:-1"},"canonical":"https:\/\/hub.solacelung.eu\/hr\/pravila-prihvatljive-upotrebe\/","og_locale":"hr_HR","og_type":"article","og_title":"Pravila prihvatljive upotrebe - Solace","og_description":"SOLACE Knowledge Hub - The lung cancer screening resource for the public and professionals.","og_url":"https:\/\/hub.solacelung.eu\/hr\/pravila-prihvatljive-upotrebe\/","og_site_name":"Solace","article_modified_time":"2025-10-14T16:37:09+00:00","og_image":[{"width":1000,"height":667,"url":"https:\/\/hub.solacelung.eu\/wp-content\/uploads\/2025\/08\/shutterstock_1998552674.jpg","type":"image\/jpeg"}],"twitter_card":"summary_large_image","twitter_misc":{"Procijenjeno vrijeme \u010ditanja":"2 minuta"},"schema":{"@context":"https:\/\/schema.org","@graph":[{"@type":"WebPage","@id":"https:\/\/hub.solacelung.eu\/hr\/pravila-prihvatljive-upotrebe\/","url":"https:\/\/hub.solacelung.eu\/hr\/pravila-prihvatljive-upotrebe\/","name":"Pravila prihvatljive upotrebe - Solace","isPartOf":{"@id":"https:\/\/hub.solacelung.eu\/hr\/#website"},"datePublished":"2025-09-14T16:22:17+00:00","dateModified":"2025-10-14T16:37:09+00:00","description":"SOLACE Knowledge Hub - The lung cancer screening resource for the public and professionals.","breadcrumb":{"@id":"https:\/\/hub.solacelung.eu\/hr\/pravila-prihvatljive-upotrebe\/#breadcrumb"},"inLanguage":"hr","potentialAction":[{"@type":"ReadAction","target":["https:\/\/hub.solacelung.eu\/hr\/pravila-prihvatljive-upotrebe\/"]}]},{"@type":"BreadcrumbList","@id":"https:\/\/hub.solacelung.eu\/hr\/pravila-prihvatljive-upotrebe\/#breadcrumb","itemListElement":[{"@type":"ListItem","position":1,"name":"Home","item":"https:\/\/hub.solacelung.eu\/hr\/"},{"@type":"ListItem","position":2,"name":"Pravila prihvatljive upotrebe"}]},{"@type":"WebSite","@id":"https:\/\/hub.solacelung.eu\/hr\/#website","url":"https:\/\/hub.solacelung.eu\/hr\/","name":"Solace","description":"Solace","publisher":{"@id":"https:\/\/hub.solacelung.eu\/hr\/#organization"},"potentialAction":[{"@type":"SearchAction","target":{"@type":"EntryPoint","urlTemplate":"https:\/\/hub.solacelung.eu\/hr\/?s={search_term_string}"},"query-input":{"@type":"PropertyValueSpecification","valueRequired":true,"valueName":"search_term_string"}}],"inLanguage":"hr"},{"@type":"Organization","@id":"https:\/\/hub.solacelung.eu\/hr\/#organization","name":"Solace","url":"https:\/\/hub.solacelung.eu\/hr\/","logo":{"@type":"ImageObject","inLanguage":"hr","@id":"https:\/\/hub.solacelung.eu\/hr\/#\/schema\/logo\/image\/","url":"","contentUrl":"","caption":"Solace"},"image":{"@id":"https:\/\/hub.solacelung.eu\/hr\/#\/schema\/logo\/image\/"},"sameAs":["https:\/\/www.linkedin.com\/company\/105992869\/admin\/dashboard\/"]}]}},"_links":{"self":[{"href":"https:\/\/hub.solacelung.eu\/hr\/wp-json\/wp\/v2\/pages\/1719","targetHints":{"allow":["GET"]}}],"collection":[{"href":"https:\/\/hub.solacelung.eu\/hr\/wp-json\/wp\/v2\/pages"}],"about":[{"href":"https:\/\/hub.solacelung.eu\/hr\/wp-json\/wp\/v2\/types\/page"}],"author":[{"embeddable":true,"href":"https:\/\/hub.solacelung.eu\/hr\/wp-json\/wp\/v2\/users\/1"}],"replies":[{"embeddable":true,"href":"https:\/\/hub.solacelung.eu\/hr\/wp-json\/wp\/v2\/comments?post=1719"}],"version-history":[{"count":1,"href":"https:\/\/hub.solacelung.eu\/hr\/wp-json\/wp\/v2\/pages\/1719\/revisions"}],"predecessor-version":[{"id":1720,"href":"https:\/\/hub.solacelung.eu\/hr\/wp-json\/wp\/v2\/pages\/1719\/revisions\/1720"}],"wp:attachment":[{"href":"https:\/\/hub.solacelung.eu\/hr\/wp-json\/wp\/v2\/media?parent=1719"}],"curies":[{"name":"wp","href":"https:\/\/api.w.org\/{rel}","templated":true}]}}