{"id":1671,"date":"2025-09-14T17:21:02","date_gmt":"2025-09-14T16:21:02","guid":{"rendered":"https:\/\/hub.solacelung.eu\/pravila-o-privatnosti\/"},"modified":"2025-10-14T17:36:11","modified_gmt":"2025-10-14T16:36:11","slug":"pravila-o-privatnosti","status":"publish","type":"page","link":"https:\/\/hub.solacelung.eu\/hr\/pravila-o-privatnosti\/","title":{"rendered":"Pravila o privatnosti"},"content":{"rendered":"<div class=\"site-padding\">\n<p>Lungs Europe obvezuje se \u0161tititi va\u0161u privatnost. Ova Pravila o privatnosti obja\u0161njavaju kako prikupljamo, koristimo i \u0161titimo va\u0161e osobne podatke kada posjetite hub.solacelung.eu (\u201eCentar znanja\u201c). <\/p>\n<\/div><div class=\"site-padding\">\n<p>Lungs Europe djeluje kao jedini voditelj obrade podataka za Knowledge Hub.<\/p>\n<\/div><div class=\"site-padding\">\n<p>Kontakt:<br\/> Plu\u0107a Europa<br\/> Tel: +32 2 238 53 60<br\/> E-po\u0161ta: info@europeanlung.org<br\/> Registrirana adresa: Rue du Congr\u00e8s 35, 1000 Bruxelles, Belgija<\/p>\n<\/div><div class=\"site-padding\">\n<p><strong>1. Koje podatke prikupljamo i za\u0161to<\/strong><\/p>\n<\/div><div class=\"site-padding\">\n<p>a. Analitika web-mjesta: Prikupljamo tehni\u010dke podatke (IP, preglednik itd.) kako bismo pobolj\u0161ali web-mjesto. Pravna osnova: Legitimni interes.  <\/p>\n<\/div><div class=\"site-padding\">\n<p>b. Kontaktni obrazac ili e-po\u0161ta: Obra\u0111ujemo va\u0161e ime, e-po\u0161tu i poruku kako bismo odgovorili na va\u0161e upite. Pravna osnova: Legitimni interes.  <\/p>\n<\/div><div class=\"site-padding\">\n<p>Napomena: Kontaktiranjem EIBIR-a oni postaju kontrolori va\u0161ih podataka.<\/p>\n<\/div><div class=\"site-padding\">\n<p>c. Pretplata na newsletter: Prikupljamo ime, e-po\u0161tu, datum\/vrijeme pretplate. Pravna osnova: Privola. Upravlja se putem Mailchimpa (Okvir za za\u0161titu privatnosti podataka EU-SAD).   <\/p>\n<\/div><div class=\"site-padding\">\n<p>d. Interaktivni alati (prihvatljivost i put): Ovi alati pru\u017eaju samo op\u0107e informacije i ne pohranjuju osobne podatke prema zadanim postavkama. <\/p>\n<\/div><div class=\"site-padding\">\n<p><strong>2. Kola\u010di\u0107i i pra\u0107enje<\/strong><\/p>\n<\/div><div class=\"site-padding\">\n<p>Obavezni su osnovni kola\u010di\u0107i. Analiti\u010dki kola\u010di\u0107i (GA4) zahtijevaju privolu. Upravljajte putem bannera za kola\u010di\u0107e ili dodatka preglednika.  <\/p>\n<\/div><div class=\"site-padding\">\n<p><strong>3. Koliko dugo \u010duvamo va\u0161e podatke<\/strong><\/p>\n<\/div><div class=\"site-padding\">\n<p>&#8211; Analitika: 5 godina<br\/> &#8211; Kontaktne e-mail adrese: 5 godina<br\/> &#8211; Bilten: Do odjave ili 18 mjeseci neaktivnosti<br\/> &#8211; Interaktivni alati: Ne zadr\u017eavaju se osim ako se ne dostave<\/p>\n<\/div><div class=\"site-padding\">\n<p><strong>4. Va\u0161a prava<\/strong><\/p>\n<\/div><div class=\"site-padding\">\n<p>Mo\u017eete pristupiti svojim podacima, ispraviti ih, izbrisati ili ograni\u010diti. Za ostvarivanje svojih prava kontaktirajte info@europeanlung.org. <\/p>\n<\/div><div class=\"site-padding\">\n<p><strong>5. Dijeljenje podataka<\/strong><\/p>\n<\/div><div class=\"site-padding\">\n<p>Dijeli se samo s Mailchimpom i Google Analyticsom. Nema prodaje tre\u0107im stranama. <\/p>\n<\/div><div class=\"site-padding\">\n<p><strong>6. Vanjske poveznice<\/strong><\/p>\n<\/div><div class=\"site-padding\">\n<p>Nismo odgovorni za politiku privatnosti ili sadr\u017eaj vanjskih web stranica.<\/p>\n<\/div>","protected":false},"excerpt":{"rendered":"<p>Lungs Europe obvezuje se \u0161tititi va\u0161u privatnost. Ova Pravila o privatnosti obja\u0161njavaju kako prikupljamo, koristimo i \u0161titimo va\u0161e osobne podatke kada posjetite hub.solacelung.eu (\u201eCentar znanja\u201c). Lungs Europe djeluje kao jedini voditelj obrade podataka za Knowledge Hub. Kontakt: Plu\u0107a Europa Tel: +32 2 238 53 60 E-po\u0161ta: info@europeanlung.org Registrirana adresa: Rue du Congr\u00e8s 35, 1000 Bruxelles, [&hellip;]<\/p>\n","protected":false},"author":1,"featured_media":0,"parent":0,"menu_order":0,"comment_status":"closed","ping_status":"closed","template":"","meta":{"_acf_changed":false,"footnotes":""},"class_list":["post-1671","page","type-page","status-publish","hentry"],"acf":[],"yoast_head":"<!-- This site is optimized with the Yoast SEO plugin v25.9 - https:\/\/yoast.com\/wordpress\/plugins\/seo\/ -->\n<title>Pravila o privatnosti - Solace<\/title>\n<meta name=\"description\" content=\"SOLACE Knowledge Hub - The lung cancer screening resource for the public and professionals.\" \/>\n<meta name=\"robots\" content=\"index, follow, max-snippet:-1, max-image-preview:large, max-video-preview:-1\" \/>\n<link rel=\"canonical\" href=\"https:\/\/hub.solacelung.eu\/hr\/pravila-o-privatnosti\/\" \/>\n<meta property=\"og:locale\" content=\"hr_HR\" \/>\n<meta property=\"og:type\" content=\"article\" \/>\n<meta property=\"og:title\" content=\"Pravila o privatnosti - Solace\" \/>\n<meta property=\"og:description\" content=\"SOLACE Knowledge Hub - The lung cancer screening resource for the public and professionals.\" \/>\n<meta property=\"og:url\" content=\"https:\/\/hub.solacelung.eu\/hr\/pravila-o-privatnosti\/\" \/>\n<meta property=\"og:site_name\" content=\"Solace\" \/>\n<meta property=\"article:modified_time\" content=\"2025-10-14T16:36:11+00:00\" \/>\n<meta property=\"og:image\" content=\"https:\/\/hub.solacelung.eu\/wp-content\/uploads\/2025\/08\/shutterstock_1998552674.jpg\" \/>\n\t<meta property=\"og:image:width\" content=\"1000\" \/>\n\t<meta property=\"og:image:height\" content=\"667\" \/>\n\t<meta property=\"og:image:type\" content=\"image\/jpeg\" \/>\n<meta name=\"twitter:card\" content=\"summary_large_image\" \/>\n<meta name=\"twitter:label1\" content=\"Procijenjeno vrijeme \u010ditanja\" \/>\n\t<meta name=\"twitter:data1\" content=\"1 minuta\" \/>\n<script type=\"application\/ld+json\" class=\"yoast-schema-graph\">{\"@context\":\"https:\/\/schema.org\",\"@graph\":[{\"@type\":\"WebPage\",\"@id\":\"https:\/\/hub.solacelung.eu\/hr\/pravila-o-privatnosti\/\",\"url\":\"https:\/\/hub.solacelung.eu\/hr\/pravila-o-privatnosti\/\",\"name\":\"Pravila o privatnosti - Solace\",\"isPartOf\":{\"@id\":\"https:\/\/hub.solacelung.eu\/hr\/#website\"},\"datePublished\":\"2025-09-14T16:21:02+00:00\",\"dateModified\":\"2025-10-14T16:36:11+00:00\",\"description\":\"SOLACE Knowledge Hub - The lung cancer screening resource for the public and professionals.\",\"breadcrumb\":{\"@id\":\"https:\/\/hub.solacelung.eu\/hr\/pravila-o-privatnosti\/#breadcrumb\"},\"inLanguage\":\"hr\",\"potentialAction\":[{\"@type\":\"ReadAction\",\"target\":[\"https:\/\/hub.solacelung.eu\/hr\/pravila-o-privatnosti\/\"]}]},{\"@type\":\"BreadcrumbList\",\"@id\":\"https:\/\/hub.solacelung.eu\/hr\/pravila-o-privatnosti\/#breadcrumb\",\"itemListElement\":[{\"@type\":\"ListItem\",\"position\":1,\"name\":\"Home\",\"item\":\"https:\/\/hub.solacelung.eu\/hr\/\"},{\"@type\":\"ListItem\",\"position\":2,\"name\":\"Pravila o privatnosti\"}]},{\"@type\":\"WebSite\",\"@id\":\"https:\/\/hub.solacelung.eu\/hr\/#website\",\"url\":\"https:\/\/hub.solacelung.eu\/hr\/\",\"name\":\"Solace\",\"description\":\"Solace\",\"publisher\":{\"@id\":\"https:\/\/hub.solacelung.eu\/hr\/#organization\"},\"potentialAction\":[{\"@type\":\"SearchAction\",\"target\":{\"@type\":\"EntryPoint\",\"urlTemplate\":\"https:\/\/hub.solacelung.eu\/hr\/?s={search_term_string}\"},\"query-input\":{\"@type\":\"PropertyValueSpecification\",\"valueRequired\":true,\"valueName\":\"search_term_string\"}}],\"inLanguage\":\"hr\"},{\"@type\":\"Organization\",\"@id\":\"https:\/\/hub.solacelung.eu\/hr\/#organization\",\"name\":\"Solace\",\"url\":\"https:\/\/hub.solacelung.eu\/hr\/\",\"logo\":{\"@type\":\"ImageObject\",\"inLanguage\":\"hr\",\"@id\":\"https:\/\/hub.solacelung.eu\/hr\/#\/schema\/logo\/image\/\",\"url\":\"\",\"contentUrl\":\"\",\"caption\":\"Solace\"},\"image\":{\"@id\":\"https:\/\/hub.solacelung.eu\/hr\/#\/schema\/logo\/image\/\"},\"sameAs\":[\"https:\/\/www.linkedin.com\/company\/105992869\/admin\/dashboard\/\"]}]}<\/script>\n<!-- \/ Yoast SEO plugin. -->","yoast_head_json":{"title":"Pravila o privatnosti - Solace","description":"SOLACE Knowledge Hub - The lung cancer screening resource for the public and professionals.","robots":{"index":"index","follow":"follow","max-snippet":"max-snippet:-1","max-image-preview":"max-image-preview:large","max-video-preview":"max-video-preview:-1"},"canonical":"https:\/\/hub.solacelung.eu\/hr\/pravila-o-privatnosti\/","og_locale":"hr_HR","og_type":"article","og_title":"Pravila o privatnosti - Solace","og_description":"SOLACE Knowledge Hub - The lung cancer screening resource for the public and professionals.","og_url":"https:\/\/hub.solacelung.eu\/hr\/pravila-o-privatnosti\/","og_site_name":"Solace","article_modified_time":"2025-10-14T16:36:11+00:00","og_image":[{"width":1000,"height":667,"url":"https:\/\/hub.solacelung.eu\/wp-content\/uploads\/2025\/08\/shutterstock_1998552674.jpg","type":"image\/jpeg"}],"twitter_card":"summary_large_image","twitter_misc":{"Procijenjeno vrijeme \u010ditanja":"1 minuta"},"schema":{"@context":"https:\/\/schema.org","@graph":[{"@type":"WebPage","@id":"https:\/\/hub.solacelung.eu\/hr\/pravila-o-privatnosti\/","url":"https:\/\/hub.solacelung.eu\/hr\/pravila-o-privatnosti\/","name":"Pravila o privatnosti - Solace","isPartOf":{"@id":"https:\/\/hub.solacelung.eu\/hr\/#website"},"datePublished":"2025-09-14T16:21:02+00:00","dateModified":"2025-10-14T16:36:11+00:00","description":"SOLACE Knowledge Hub - The lung cancer screening resource for the public and professionals.","breadcrumb":{"@id":"https:\/\/hub.solacelung.eu\/hr\/pravila-o-privatnosti\/#breadcrumb"},"inLanguage":"hr","potentialAction":[{"@type":"ReadAction","target":["https:\/\/hub.solacelung.eu\/hr\/pravila-o-privatnosti\/"]}]},{"@type":"BreadcrumbList","@id":"https:\/\/hub.solacelung.eu\/hr\/pravila-o-privatnosti\/#breadcrumb","itemListElement":[{"@type":"ListItem","position":1,"name":"Home","item":"https:\/\/hub.solacelung.eu\/hr\/"},{"@type":"ListItem","position":2,"name":"Pravila o privatnosti"}]},{"@type":"WebSite","@id":"https:\/\/hub.solacelung.eu\/hr\/#website","url":"https:\/\/hub.solacelung.eu\/hr\/","name":"Solace","description":"Solace","publisher":{"@id":"https:\/\/hub.solacelung.eu\/hr\/#organization"},"potentialAction":[{"@type":"SearchAction","target":{"@type":"EntryPoint","urlTemplate":"https:\/\/hub.solacelung.eu\/hr\/?s={search_term_string}"},"query-input":{"@type":"PropertyValueSpecification","valueRequired":true,"valueName":"search_term_string"}}],"inLanguage":"hr"},{"@type":"Organization","@id":"https:\/\/hub.solacelung.eu\/hr\/#organization","name":"Solace","url":"https:\/\/hub.solacelung.eu\/hr\/","logo":{"@type":"ImageObject","inLanguage":"hr","@id":"https:\/\/hub.solacelung.eu\/hr\/#\/schema\/logo\/image\/","url":"","contentUrl":"","caption":"Solace"},"image":{"@id":"https:\/\/hub.solacelung.eu\/hr\/#\/schema\/logo\/image\/"},"sameAs":["https:\/\/www.linkedin.com\/company\/105992869\/admin\/dashboard\/"]}]}},"_links":{"self":[{"href":"https:\/\/hub.solacelung.eu\/hr\/wp-json\/wp\/v2\/pages\/1671","targetHints":{"allow":["GET"]}}],"collection":[{"href":"https:\/\/hub.solacelung.eu\/hr\/wp-json\/wp\/v2\/pages"}],"about":[{"href":"https:\/\/hub.solacelung.eu\/hr\/wp-json\/wp\/v2\/types\/page"}],"author":[{"embeddable":true,"href":"https:\/\/hub.solacelung.eu\/hr\/wp-json\/wp\/v2\/users\/1"}],"replies":[{"embeddable":true,"href":"https:\/\/hub.solacelung.eu\/hr\/wp-json\/wp\/v2\/comments?post=1671"}],"version-history":[{"count":1,"href":"https:\/\/hub.solacelung.eu\/hr\/wp-json\/wp\/v2\/pages\/1671\/revisions"}],"predecessor-version":[{"id":1672,"href":"https:\/\/hub.solacelung.eu\/hr\/wp-json\/wp\/v2\/pages\/1671\/revisions\/1672"}],"wp:attachment":[{"href":"https:\/\/hub.solacelung.eu\/hr\/wp-json\/wp\/v2\/media?parent=1671"}],"curies":[{"name":"wp","href":"https:\/\/api.w.org\/{rel}","templated":true}]}}