{"id":1653,"date":"2025-08-18T16:32:13","date_gmt":"2025-08-18T15:32:13","guid":{"rendered":"https:\/\/hub.solacelung.eu\/profesionalci\/"},"modified":"2025-10-14T17:35:48","modified_gmt":"2025-10-14T16:35:48","slug":"profesionalci","status":"publish","type":"page","link":"https:\/\/hub.solacelung.eu\/hr\/","title":{"rendered":"Profesionalci"},"content":{"rendered":"\n<div class=\"spacer background-bijela medij\"><\/div>    <div class=\"card-listing\">\n        <div class=\"page-width inner\">\n                                <article class=\"card\">\n    <div class=\"image\">\n        <img loading=\"lazy\" decoding=\"async\" width=\"809\" height=\"490\" src=\"https:\/\/hub.solacelung.eu\/wp-content\/uploads\/2025\/08\/Copy-of-DJI_0453-809x490.jpg\" class=\"attachment-card size-card\" alt=\"Za\u0161to nam je potreban pregled za rak?\" srcset=\"https:\/\/hub.solacelung.eu\/wp-content\/uploads\/2025\/08\/Copy-of-DJI_0453-809x490.jpg 809w, https:\/\/hub.solacelung.eu\/wp-content\/uploads\/2025\/08\/Copy-of-DJI_0453-1920x1162.jpg 1920w\" sizes=\"auto, (max-width: 809px) 100vw, 809px\" \/>    <\/div>\n    <div class=\"content\">\n        <h2>Za\u0161to nam je potreban pregled za rak?<\/h2>\n    <\/div>\n    <a href=\"https:\/\/hub.solacelung.eu\/hr\/professionals\/zasto-nam-je-potreban-pregled-za-rak\/\">\n        <span class=\"vh\">View this post<\/span>\n    <\/a>\n<\/article>                                                <article class=\"card\">\n    <div class=\"image\">\n        <img loading=\"lazy\" decoding=\"async\" width=\"653\" height=\"490\" src=\"https:\/\/hub.solacelung.eu\/wp-content\/uploads\/2025\/08\/CT-screening-stock-via-Canva-653x490.webp\" class=\"attachment-card size-card\" alt=\"Alati za implementaciju\" srcset=\"https:\/\/hub.solacelung.eu\/wp-content\/uploads\/2025\/08\/CT-screening-stock-via-Canva-653x490.webp 653w, https:\/\/hub.solacelung.eu\/wp-content\/uploads\/2025\/08\/CT-screening-stock-via-Canva.webp 1024w\" sizes=\"auto, (max-width: 653px) 100vw, 653px\" \/>    <\/div>\n    <div class=\"content\">\n        <h2>Alati za implementaciju<\/h2>\n    <\/div>\n    <a href=\"https:\/\/hub.solacelung.eu\/hr\/professionals\/alati-za-implementaciju\/\">\n        <span class=\"vh\">View this post<\/span>\n    <\/a>\n<\/article>                                                <article class=\"card\">\n    <div class=\"image\">\n        <img loading=\"lazy\" decoding=\"async\" width=\"793\" height=\"490\" src=\"https:\/\/hub.solacelung.eu\/wp-content\/uploads\/2025\/08\/shutterstock_1710535450-793x490.jpg\" class=\"attachment-card size-card\" alt=\"Resursi\" srcset=\"https:\/\/hub.solacelung.eu\/wp-content\/uploads\/2025\/08\/shutterstock_1710535450-793x490.jpg 793w, https:\/\/hub.solacelung.eu\/wp-content\/uploads\/2025\/08\/shutterstock_1710535450.jpg 1000w\" sizes=\"auto, (max-width: 793px) 100vw, 793px\" \/>    <\/div>\n    <div class=\"content\">\n        <h2>Resursi<\/h2>\n    <\/div>\n    <a href=\"https:\/\/hub.solacelung.eu\/hr\/professionals\/resursi\/\">\n        <span class=\"vh\">View this post<\/span>\n    <\/a>\n<\/article>                            <\/div>\n    <\/div>\n\n<div class=\"spacer background-bijela medij\"><\/div><div class=\"featured-card featured-card--image-left\">\n    <div class=\"inner page-width\">\n        <div class=\"featured-card__left\"\">\n                            <img decoding=\"async\" src=\" https:\/\/hub.solacelung.eu\/wp-content\/uploads\/2025\/07\/Untitled-design-9-e1682436451464-880x449.webp\" alt=\"An older male receiving a lung cancer screening scan.\" class=\"featured-card__image\" loading=\"lazy\" \/>\n        <\/div>\n    <div class=\"featured-card__right\"\">\n                            <h2 class=\" featured-card__title\">Klini\u010dke smjernice<\/h2>\n                <div class=\"featured-card__description\"><p style=\"text-align: left;\" data-mce-style=\"text-align: left;\">Pristupite klini\u010dkim smjernicama i tehni\u010dkim standardima utemeljenima na dokazima kako biste osigurali da va\u0161 program probira zadovoljava najvi\u0161e standarde.<\/p>\n<\/div>\n                <a href=\"https:\/\/hub.solacelung.eu\/professionals\/implementation-toolkit\/clinical-guidelines-technical-standards\/\" class=\"featured-card__link button primary\" target=\"\">Pristupite smjernicama<\/a>\n        <\/div>\n<\/div>\n<\/div>\n<div class=\"spacer background-bijela medij\"><\/div><div class=\"featured-card featured-card--image-right\">\n    <div class=\"inner page-width\">\n        <div class=\"featured-card__left\"\">\n                            <img decoding=\"async\" src=\" https:\/\/hub.solacelung.eu\/wp-content\/uploads\/2025\/08\/1752588771353-880x466.jpg\" alt=\"Politicians and other stakeholders sitting in a conference room at the EU parliament\" class=\"featured-card__image\" loading=\"lazy\" \/>\n        <\/div>\n    <div class=\"featured-card__right\"\">\n                            <h2 class=\" featured-card__title\">Zagovaranje  <\/h2>\n                <div class=\"featured-card__description\"><p>Istra\u017eite najnovije politike koje oblikuju probir raka plu\u0107a diljem Europe i saznajte kako zagovara\u010dki napori poti\u010du promjene.<\/p>\n<\/div>\n                <a href=\"https:\/\/hub.solacelung.eu\/professionals\/policy-and-advocacy\/advocacy\/\" class=\"featured-card__link button primary\" target=\"\">Istra\u017eite zagovaranje i politiku<\/a>\n        <\/div>\n<\/div>\n<\/div>","protected":false},"excerpt":{"rendered":"","protected":false},"author":1,"featured_media":0,"parent":0,"menu_order":0,"comment_status":"closed","ping_status":"closed","template":"","meta":{"_acf_changed":false,"footnotes":""},"class_list":["post-1653","page","type-page","status-publish","hentry"],"acf":[],"yoast_head":"<!-- This site is optimized with the Yoast SEO plugin v25.9 - https:\/\/yoast.com\/wordpress\/plugins\/seo\/ -->\n<title>Profesionalci - Solace<\/title>\n<meta name=\"description\" content=\"SOLACE Knowledge Hub - The lung cancer screening resource for the public and professionals.\" \/>\n<meta name=\"robots\" content=\"index, follow, max-snippet:-1, max-image-preview:large, max-video-preview:-1\" \/>\n<link rel=\"canonical\" href=\"https:\/\/hub.solacelung.eu\/hr\/\" \/>\n<meta property=\"og:locale\" content=\"hr_HR\" \/>\n<meta property=\"og:type\" content=\"article\" \/>\n<meta property=\"og:title\" content=\"Profesionalci - Solace\" \/>\n<meta property=\"og:description\" content=\"SOLACE Knowledge Hub - The lung cancer screening resource for the public and professionals.\" \/>\n<meta property=\"og:url\" content=\"https:\/\/hub.solacelung.eu\/hr\/\" \/>\n<meta property=\"og:site_name\" content=\"Solace\" \/>\n<meta property=\"article:modified_time\" content=\"2025-10-14T16:35:48+00:00\" \/>\n<meta property=\"og:image\" content=\"https:\/\/hub.solacelung.eu\/wp-content\/uploads\/2025\/08\/shutterstock_1998552674.jpg\" \/>\n\t<meta property=\"og:image:width\" content=\"1000\" \/>\n\t<meta property=\"og:image:height\" content=\"667\" \/>\n\t<meta property=\"og:image:type\" content=\"image\/jpeg\" \/>\n<meta name=\"twitter:card\" content=\"summary_large_image\" \/>\n<script type=\"application\/ld+json\" class=\"yoast-schema-graph\">{\"@context\":\"https:\/\/schema.org\",\"@graph\":[{\"@type\":\"WebPage\",\"@id\":\"https:\/\/hub.solacelung.eu\/hr\/\",\"url\":\"https:\/\/hub.solacelung.eu\/hr\/\",\"name\":\"Profesionalci - Solace\",\"isPartOf\":{\"@id\":\"https:\/\/hub.solacelung.eu\/hr\/#website\"},\"datePublished\":\"2025-08-18T15:32:13+00:00\",\"dateModified\":\"2025-10-14T16:35:48+00:00\",\"description\":\"SOLACE Knowledge Hub - The lung cancer screening resource for the public and professionals.\",\"breadcrumb\":{\"@id\":\"https:\/\/hub.solacelung.eu\/hr\/#breadcrumb\"},\"inLanguage\":\"hr\",\"potentialAction\":[{\"@type\":\"ReadAction\",\"target\":[\"https:\/\/hub.solacelung.eu\/hr\/\"]}]},{\"@type\":\"BreadcrumbList\",\"@id\":\"https:\/\/hub.solacelung.eu\/hr\/#breadcrumb\",\"itemListElement\":[{\"@type\":\"ListItem\",\"position\":1,\"name\":\"Home\",\"item\":\"https:\/\/hub.solacelung.eu\/hr\/\"},{\"@type\":\"ListItem\",\"position\":2,\"name\":\"Profesionalci\"}]},{\"@type\":\"WebSite\",\"@id\":\"https:\/\/hub.solacelung.eu\/hr\/#website\",\"url\":\"https:\/\/hub.solacelung.eu\/hr\/\",\"name\":\"Solace\",\"description\":\"Solace\",\"publisher\":{\"@id\":\"https:\/\/hub.solacelung.eu\/hr\/#organization\"},\"potentialAction\":[{\"@type\":\"SearchAction\",\"target\":{\"@type\":\"EntryPoint\",\"urlTemplate\":\"https:\/\/hub.solacelung.eu\/hr\/?s={search_term_string}\"},\"query-input\":{\"@type\":\"PropertyValueSpecification\",\"valueRequired\":true,\"valueName\":\"search_term_string\"}}],\"inLanguage\":\"hr\"},{\"@type\":\"Organization\",\"@id\":\"https:\/\/hub.solacelung.eu\/hr\/#organization\",\"name\":\"Solace\",\"url\":\"https:\/\/hub.solacelung.eu\/hr\/\",\"logo\":{\"@type\":\"ImageObject\",\"inLanguage\":\"hr\",\"@id\":\"https:\/\/hub.solacelung.eu\/hr\/#\/schema\/logo\/image\/\",\"url\":\"\",\"contentUrl\":\"\",\"caption\":\"Solace\"},\"image\":{\"@id\":\"https:\/\/hub.solacelung.eu\/hr\/#\/schema\/logo\/image\/\"},\"sameAs\":[\"https:\/\/www.linkedin.com\/company\/105992869\/admin\/dashboard\/\"]}]}<\/script>\n<!-- \/ Yoast SEO plugin. -->","yoast_head_json":{"title":"Profesionalci - Solace","description":"SOLACE Knowledge Hub - The lung cancer screening resource for the public and professionals.","robots":{"index":"index","follow":"follow","max-snippet":"max-snippet:-1","max-image-preview":"max-image-preview:large","max-video-preview":"max-video-preview:-1"},"canonical":"https:\/\/hub.solacelung.eu\/hr\/","og_locale":"hr_HR","og_type":"article","og_title":"Profesionalci - Solace","og_description":"SOLACE Knowledge Hub - The lung cancer screening resource for the public and professionals.","og_url":"https:\/\/hub.solacelung.eu\/hr\/","og_site_name":"Solace","article_modified_time":"2025-10-14T16:35:48+00:00","og_image":[{"width":1000,"height":667,"url":"https:\/\/hub.solacelung.eu\/wp-content\/uploads\/2025\/08\/shutterstock_1998552674.jpg","type":"image\/jpeg"}],"twitter_card":"summary_large_image","schema":{"@context":"https:\/\/schema.org","@graph":[{"@type":"WebPage","@id":"https:\/\/hub.solacelung.eu\/hr\/","url":"https:\/\/hub.solacelung.eu\/hr\/","name":"Profesionalci - Solace","isPartOf":{"@id":"https:\/\/hub.solacelung.eu\/hr\/#website"},"datePublished":"2025-08-18T15:32:13+00:00","dateModified":"2025-10-14T16:35:48+00:00","description":"SOLACE Knowledge Hub - The lung cancer screening resource for the public and professionals.","breadcrumb":{"@id":"https:\/\/hub.solacelung.eu\/hr\/#breadcrumb"},"inLanguage":"hr","potentialAction":[{"@type":"ReadAction","target":["https:\/\/hub.solacelung.eu\/hr\/"]}]},{"@type":"BreadcrumbList","@id":"https:\/\/hub.solacelung.eu\/hr\/#breadcrumb","itemListElement":[{"@type":"ListItem","position":1,"name":"Home","item":"https:\/\/hub.solacelung.eu\/hr\/"},{"@type":"ListItem","position":2,"name":"Profesionalci"}]},{"@type":"WebSite","@id":"https:\/\/hub.solacelung.eu\/hr\/#website","url":"https:\/\/hub.solacelung.eu\/hr\/","name":"Solace","description":"Solace","publisher":{"@id":"https:\/\/hub.solacelung.eu\/hr\/#organization"},"potentialAction":[{"@type":"SearchAction","target":{"@type":"EntryPoint","urlTemplate":"https:\/\/hub.solacelung.eu\/hr\/?s={search_term_string}"},"query-input":{"@type":"PropertyValueSpecification","valueRequired":true,"valueName":"search_term_string"}}],"inLanguage":"hr"},{"@type":"Organization","@id":"https:\/\/hub.solacelung.eu\/hr\/#organization","name":"Solace","url":"https:\/\/hub.solacelung.eu\/hr\/","logo":{"@type":"ImageObject","inLanguage":"hr","@id":"https:\/\/hub.solacelung.eu\/hr\/#\/schema\/logo\/image\/","url":"","contentUrl":"","caption":"Solace"},"image":{"@id":"https:\/\/hub.solacelung.eu\/hr\/#\/schema\/logo\/image\/"},"sameAs":["https:\/\/www.linkedin.com\/company\/105992869\/admin\/dashboard\/"]}]}},"_links":{"self":[{"href":"https:\/\/hub.solacelung.eu\/hr\/wp-json\/wp\/v2\/pages\/1653","targetHints":{"allow":["GET"]}}],"collection":[{"href":"https:\/\/hub.solacelung.eu\/hr\/wp-json\/wp\/v2\/pages"}],"about":[{"href":"https:\/\/hub.solacelung.eu\/hr\/wp-json\/wp\/v2\/types\/page"}],"author":[{"embeddable":true,"href":"https:\/\/hub.solacelung.eu\/hr\/wp-json\/wp\/v2\/users\/1"}],"replies":[{"embeddable":true,"href":"https:\/\/hub.solacelung.eu\/hr\/wp-json\/wp\/v2\/comments?post=1653"}],"version-history":[{"count":1,"href":"https:\/\/hub.solacelung.eu\/hr\/wp-json\/wp\/v2\/pages\/1653\/revisions"}],"predecessor-version":[{"id":1654,"href":"https:\/\/hub.solacelung.eu\/hr\/wp-json\/wp\/v2\/pages\/1653\/revisions\/1654"}],"wp:attachment":[{"href":"https:\/\/hub.solacelung.eu\/hr\/wp-json\/wp\/v2\/media?parent=1653"}],"curies":[{"name":"wp","href":"https:\/\/api.w.org\/{rel}","templated":true}]}}