{"id":1723,"date":"2025-09-14T17:22:17","date_gmt":"2025-09-14T16:22:17","guid":{"rendered":"https:\/\/hub.solacelung.eu\/politique-dutilisation-acceptable\/"},"modified":"2025-10-14T17:37:13","modified_gmt":"2025-10-14T16:37:13","slug":"politique-dutilisation-acceptable","status":"publish","type":"page","link":"https:\/\/hub.solacelung.eu\/fr\/politique-dutilisation-acceptable\/","title":{"rendered":"Politique d&rsquo;utilisation acceptable"},"content":{"rendered":"<div class=\"site-padding\">\n<p>Cette politique d&rsquo;utilisation acceptable d\u00e9finit les r\u00e8gles d&rsquo;utilisation de hub.solacelung.eu (le \u00a0\u00bb Knowledge Hub \u00ab\u00a0), exploit\u00e9 par Lungs Europe. En utilisant le site, vous acceptez cette politique, qui compl\u00e8te nos conditions g\u00e9n\u00e9rales. <\/p>\n<\/div><div class=\"site-padding\">\n<p><strong>1. Utilisations interdites<\/strong><\/p>\n<\/div><div class=\"site-padding\">\n<p>Vous ne pouvez pas utiliser le site :<br\/>&#8211; D&rsquo;une mani\u00e8re qui enfreint les lois ou r\u00e8glements applicables<br\/>&#8211; A des fins ill\u00e9gales ou frauduleuses<br\/>&#8211; Pour nuire \u00e0 des mineurs ou les exploiter<br\/>&#8211; Pour transmettre ou t\u00e9l\u00e9charger des virus ou d&rsquo;autres codes nuisibles<br\/>&#8211; Pour envoyer de la publicit\u00e9 non sollicit\u00e9e ou du spam<br\/>&#8211; Pour reproduire, dupliquer ou copier tout contenu en violation de nos conditions.<\/p>\n<\/div><div class=\"site-padding\">\n<p>Vous ne pouvez pas interf\u00e9rer avec le fonctionnement du site, des serveurs ou des r\u00e9seaux connect\u00e9s au site.<\/p>\n<\/div><div class=\"site-padding\">\n<p><strong>2. Services interactifs<\/strong><\/p>\n<\/div><div class=\"site-padding\">\n<p>Lorsque des outils interactifs ou des forums sont fournis, nous indiquons clairement la nature de la mod\u00e9ration, le cas \u00e9ch\u00e9ant. L&rsquo;utilisation de ces services par des mineurs doit \u00eatre supervis\u00e9e par un parent ou un tuteur. Nous ne sommes pas responsables du contenu g\u00e9n\u00e9r\u00e9 par les utilisateurs ni de ses cons\u00e9quences.  <\/p>\n<\/div><div class=\"site-padding\">\n<p><strong>3. Normes de contenu<\/strong><\/p>\n<\/div><div class=\"site-padding\">\n<p>Les contributions doivent :<br\/>&#8211; \u00eatre exactes (lorsqu&rsquo;il s&rsquo;agit de faits)<br\/>&#8211; \u00eatre sinc\u00e8res (lorsqu&rsquo;il s&rsquo;agit d&rsquo;opinions)<br\/>&#8211; respecter les lois applicables<br\/>Les contributions ne doivent pas :<br\/>&#8211; \u00eatre diffamatoires, obsc\u00e8nes, haineuses ou incendiaires<br\/>&#8211; promouvoir la violence ou la discrimination<br\/>&#8211; porter atteinte \u00e0 la propri\u00e9t\u00e9 intellectuelle<br\/>&#8211; induire les autres en erreur ou violer la confidentialit\u00e9<br\/>&#8211; harceler, abuser ou intimider les autres<br\/>&#8211; usurper l&rsquo;identit\u00e9 d&rsquo;une personne ou repr\u00e9senter faussement une affiliation.<\/p>\n<\/div><div class=\"site-padding\">\n<p><strong>4. Application de la loi<\/strong><\/p>\n<\/div><div class=\"site-padding\">\n<p>Nous pouvons prendre toute mesure que nous jugeons appropri\u00e9e en cas de violation, y compris :<br\/>&#8211; suppression du contenu<br\/>&#8211; restriction de l&rsquo;acc\u00e8s<br\/>&#8211; action en justice<br\/>&#8211; signalement aux autorit\u00e9s<br\/>Nous excluons toute responsabilit\u00e9 pour les mesures prises en r\u00e9ponse \u00e0 des violations de la politique.<\/p>\n<\/div><div class=\"site-padding\">\n<p><strong>5. Modifications de la pr\u00e9sente politique<\/strong><\/p>\n<\/div><div class=\"site-padding\">\n<p>Nous pouvons mettre \u00e0 jour cette politique \u00e0 tout moment. Veuillez la consulter r\u00e9guli\u00e8rement pour vous tenir inform\u00e9 de tout changement. <\/p>\n<\/div><div class=\"site-padding\">\n<p><strong>6. Contact<\/strong><\/p>\n<\/div><div class=\"site-padding\">\n<p>Pour toute question ou pr\u00e9occupation, contactez info@europeanlung.org.<\/p>\n<\/div>","protected":false},"excerpt":{"rendered":"<p>Cette politique d&rsquo;utilisation acceptable d\u00e9finit les r\u00e8gles d&rsquo;utilisation de hub.solacelung.eu (le \u00a0\u00bb Knowledge Hub \u00ab\u00a0), exploit\u00e9 par Lungs Europe. En utilisant le site, vous acceptez cette politique, qui compl\u00e8te nos conditions g\u00e9n\u00e9rales. 1. Utilisations interdites Vous ne pouvez pas utiliser le site :&#8211; D&rsquo;une mani\u00e8re qui enfreint les lois ou r\u00e8glements applicables&#8211; A des fins [&hellip;]<\/p>\n","protected":false},"author":1,"featured_media":0,"parent":0,"menu_order":0,"comment_status":"closed","ping_status":"closed","template":"","meta":{"_acf_changed":false,"footnotes":""},"class_list":["post-1723","page","type-page","status-publish","hentry"],"acf":[],"yoast_head":"<!-- This site is optimized with the Yoast SEO plugin v25.9 - https:\/\/yoast.com\/wordpress\/plugins\/seo\/ -->\n<title>Politique d&#039;utilisation acceptable - Solace<\/title>\n<meta name=\"description\" content=\"SOLACE Knowledge Hub - The lung cancer screening resource for the public and professionals.\" \/>\n<meta name=\"robots\" content=\"index, follow, max-snippet:-1, max-image-preview:large, max-video-preview:-1\" \/>\n<link rel=\"canonical\" href=\"https:\/\/hub.solacelung.eu\/fr\/politique-dutilisation-acceptable\/\" \/>\n<meta property=\"og:locale\" content=\"fr_FR\" \/>\n<meta property=\"og:type\" content=\"article\" \/>\n<meta property=\"og:title\" content=\"Politique d&#039;utilisation acceptable - Solace\" \/>\n<meta property=\"og:description\" content=\"SOLACE Knowledge Hub - The lung cancer screening resource for the public and professionals.\" \/>\n<meta property=\"og:url\" content=\"https:\/\/hub.solacelung.eu\/fr\/politique-dutilisation-acceptable\/\" \/>\n<meta property=\"og:site_name\" content=\"Solace\" \/>\n<meta property=\"article:modified_time\" content=\"2025-10-14T16:37:13+00:00\" \/>\n<meta property=\"og:image\" content=\"https:\/\/hub.solacelung.eu\/wp-content\/uploads\/2025\/08\/shutterstock_1998552674.jpg\" \/>\n\t<meta property=\"og:image:width\" content=\"1000\" \/>\n\t<meta property=\"og:image:height\" content=\"667\" \/>\n\t<meta property=\"og:image:type\" content=\"image\/jpeg\" \/>\n<meta name=\"twitter:card\" content=\"summary_large_image\" \/>\n<meta name=\"twitter:label1\" content=\"Dur\u00e9e de lecture estim\u00e9e\" \/>\n\t<meta name=\"twitter:data1\" content=\"2 minutes\" \/>\n<script type=\"application\/ld+json\" class=\"yoast-schema-graph\">{\"@context\":\"https:\/\/schema.org\",\"@graph\":[{\"@type\":\"WebPage\",\"@id\":\"https:\/\/hub.solacelung.eu\/fr\/politique-dutilisation-acceptable\/\",\"url\":\"https:\/\/hub.solacelung.eu\/fr\/politique-dutilisation-acceptable\/\",\"name\":\"Politique d'utilisation acceptable - Solace\",\"isPartOf\":{\"@id\":\"https:\/\/hub.solacelung.eu\/fr\/#website\"},\"datePublished\":\"2025-09-14T16:22:17+00:00\",\"dateModified\":\"2025-10-14T16:37:13+00:00\",\"description\":\"SOLACE Knowledge Hub - The lung cancer screening resource for the public and professionals.\",\"breadcrumb\":{\"@id\":\"https:\/\/hub.solacelung.eu\/fr\/politique-dutilisation-acceptable\/#breadcrumb\"},\"inLanguage\":\"fr-FR\",\"potentialAction\":[{\"@type\":\"ReadAction\",\"target\":[\"https:\/\/hub.solacelung.eu\/fr\/politique-dutilisation-acceptable\/\"]}]},{\"@type\":\"BreadcrumbList\",\"@id\":\"https:\/\/hub.solacelung.eu\/fr\/politique-dutilisation-acceptable\/#breadcrumb\",\"itemListElement\":[{\"@type\":\"ListItem\",\"position\":1,\"name\":\"Home\",\"item\":\"https:\/\/hub.solacelung.eu\/fr\/\"},{\"@type\":\"ListItem\",\"position\":2,\"name\":\"Politique d&rsquo;utilisation acceptable\"}]},{\"@type\":\"WebSite\",\"@id\":\"https:\/\/hub.solacelung.eu\/fr\/#website\",\"url\":\"https:\/\/hub.solacelung.eu\/fr\/\",\"name\":\"Solace\",\"description\":\"Solace\",\"publisher\":{\"@id\":\"https:\/\/hub.solacelung.eu\/fr\/#organization\"},\"potentialAction\":[{\"@type\":\"SearchAction\",\"target\":{\"@type\":\"EntryPoint\",\"urlTemplate\":\"https:\/\/hub.solacelung.eu\/fr\/?s={search_term_string}\"},\"query-input\":{\"@type\":\"PropertyValueSpecification\",\"valueRequired\":true,\"valueName\":\"search_term_string\"}}],\"inLanguage\":\"fr-FR\"},{\"@type\":\"Organization\",\"@id\":\"https:\/\/hub.solacelung.eu\/fr\/#organization\",\"name\":\"Solace\",\"url\":\"https:\/\/hub.solacelung.eu\/fr\/\",\"logo\":{\"@type\":\"ImageObject\",\"inLanguage\":\"fr-FR\",\"@id\":\"https:\/\/hub.solacelung.eu\/fr\/#\/schema\/logo\/image\/\",\"url\":\"\",\"contentUrl\":\"\",\"caption\":\"Solace\"},\"image\":{\"@id\":\"https:\/\/hub.solacelung.eu\/fr\/#\/schema\/logo\/image\/\"},\"sameAs\":[\"https:\/\/www.linkedin.com\/company\/105992869\/admin\/dashboard\/\"]}]}<\/script>\n<!-- \/ Yoast SEO plugin. -->","yoast_head_json":{"title":"Politique d'utilisation acceptable - Solace","description":"SOLACE Knowledge Hub - The lung cancer screening resource for the public and professionals.","robots":{"index":"index","follow":"follow","max-snippet":"max-snippet:-1","max-image-preview":"max-image-preview:large","max-video-preview":"max-video-preview:-1"},"canonical":"https:\/\/hub.solacelung.eu\/fr\/politique-dutilisation-acceptable\/","og_locale":"fr_FR","og_type":"article","og_title":"Politique d'utilisation acceptable - Solace","og_description":"SOLACE Knowledge Hub - The lung cancer screening resource for the public and professionals.","og_url":"https:\/\/hub.solacelung.eu\/fr\/politique-dutilisation-acceptable\/","og_site_name":"Solace","article_modified_time":"2025-10-14T16:37:13+00:00","og_image":[{"width":1000,"height":667,"url":"https:\/\/hub.solacelung.eu\/wp-content\/uploads\/2025\/08\/shutterstock_1998552674.jpg","type":"image\/jpeg"}],"twitter_card":"summary_large_image","twitter_misc":{"Dur\u00e9e de lecture estim\u00e9e":"2 minutes"},"schema":{"@context":"https:\/\/schema.org","@graph":[{"@type":"WebPage","@id":"https:\/\/hub.solacelung.eu\/fr\/politique-dutilisation-acceptable\/","url":"https:\/\/hub.solacelung.eu\/fr\/politique-dutilisation-acceptable\/","name":"Politique d'utilisation acceptable - Solace","isPartOf":{"@id":"https:\/\/hub.solacelung.eu\/fr\/#website"},"datePublished":"2025-09-14T16:22:17+00:00","dateModified":"2025-10-14T16:37:13+00:00","description":"SOLACE Knowledge Hub - The lung cancer screening resource for the public and professionals.","breadcrumb":{"@id":"https:\/\/hub.solacelung.eu\/fr\/politique-dutilisation-acceptable\/#breadcrumb"},"inLanguage":"fr-FR","potentialAction":[{"@type":"ReadAction","target":["https:\/\/hub.solacelung.eu\/fr\/politique-dutilisation-acceptable\/"]}]},{"@type":"BreadcrumbList","@id":"https:\/\/hub.solacelung.eu\/fr\/politique-dutilisation-acceptable\/#breadcrumb","itemListElement":[{"@type":"ListItem","position":1,"name":"Home","item":"https:\/\/hub.solacelung.eu\/fr\/"},{"@type":"ListItem","position":2,"name":"Politique d&rsquo;utilisation acceptable"}]},{"@type":"WebSite","@id":"https:\/\/hub.solacelung.eu\/fr\/#website","url":"https:\/\/hub.solacelung.eu\/fr\/","name":"Solace","description":"Solace","publisher":{"@id":"https:\/\/hub.solacelung.eu\/fr\/#organization"},"potentialAction":[{"@type":"SearchAction","target":{"@type":"EntryPoint","urlTemplate":"https:\/\/hub.solacelung.eu\/fr\/?s={search_term_string}"},"query-input":{"@type":"PropertyValueSpecification","valueRequired":true,"valueName":"search_term_string"}}],"inLanguage":"fr-FR"},{"@type":"Organization","@id":"https:\/\/hub.solacelung.eu\/fr\/#organization","name":"Solace","url":"https:\/\/hub.solacelung.eu\/fr\/","logo":{"@type":"ImageObject","inLanguage":"fr-FR","@id":"https:\/\/hub.solacelung.eu\/fr\/#\/schema\/logo\/image\/","url":"","contentUrl":"","caption":"Solace"},"image":{"@id":"https:\/\/hub.solacelung.eu\/fr\/#\/schema\/logo\/image\/"},"sameAs":["https:\/\/www.linkedin.com\/company\/105992869\/admin\/dashboard\/"]}]}},"_links":{"self":[{"href":"https:\/\/hub.solacelung.eu\/fr\/wp-json\/wp\/v2\/pages\/1723","targetHints":{"allow":["GET"]}}],"collection":[{"href":"https:\/\/hub.solacelung.eu\/fr\/wp-json\/wp\/v2\/pages"}],"about":[{"href":"https:\/\/hub.solacelung.eu\/fr\/wp-json\/wp\/v2\/types\/page"}],"author":[{"embeddable":true,"href":"https:\/\/hub.solacelung.eu\/fr\/wp-json\/wp\/v2\/users\/1"}],"replies":[{"embeddable":true,"href":"https:\/\/hub.solacelung.eu\/fr\/wp-json\/wp\/v2\/comments?post=1723"}],"version-history":[{"count":1,"href":"https:\/\/hub.solacelung.eu\/fr\/wp-json\/wp\/v2\/pages\/1723\/revisions"}],"predecessor-version":[{"id":1724,"href":"https:\/\/hub.solacelung.eu\/fr\/wp-json\/wp\/v2\/pages\/1723\/revisions\/1724"}],"wp:attachment":[{"href":"https:\/\/hub.solacelung.eu\/fr\/wp-json\/wp\/v2\/media?parent=1723"}],"curies":[{"name":"wp","href":"https:\/\/api.w.org\/{rel}","templated":true}]}}