{"id":1538,"date":"2024-12-10T16:58:59","date_gmt":"2024-12-10T16:58:59","guid":{"rendered":"https:\/\/hub.solacelung.eu\/accessibilite\/"},"modified":"2025-10-14T17:33:01","modified_gmt":"2025-10-14T16:33:01","slug":"accessibilite","status":"publish","type":"page","link":"https:\/\/hub.solacelung.eu\/fr\/accessibilite\/","title":{"rendered":"Accessibilit\u00e9"},"content":{"rendered":"<div class=\"site-padding\">\n<p>Le centre de connaissances SOLACE (hub.solacelung.eu), g\u00e9r\u00e9 par Lungs Europe, s&rsquo;engage \u00e0 garantir l&rsquo;accessibilit\u00e9 num\u00e9rique \u00e0 tous les utilisateurs, ind\u00e9pendamment de leurs capacit\u00e9s ou de leur technologie.<\/p>\n<\/div><div class=\"site-padding\">\n<p><strong>1. Normes d&rsquo;accessibilit\u00e9<\/strong><\/p>\n<\/div><div class=\"site-padding\">\n<p>Ce site web est con\u00e7u pour r\u00e9pondre aux lignes directrices pour l&rsquo;accessibilit\u00e9 des contenus web (WCAG) 2.1 niveau AA et fait l&rsquo;objet d&rsquo;un examen r\u00e9gulier pour en maintenir la conformit\u00e9.<\/p>\n<\/div><div class=\"site-padding\">\n<p><strong>2. Caract\u00e9ristiques prises en charge<\/strong><\/p>\n<\/div><div class=\"site-padding\">\n<p>Nous avons mis en place les fonctionnalit\u00e9s suivantes pour favoriser l&rsquo;accessibilit\u00e9 :<br\/>&#8211; Structure du site et navigation claires et coh\u00e9rentes<br\/>&#8211; Alternatives textuelles pour tous les contenus non textuels (par exemple, les images)<br\/>&#8211; Navigation au clavier et ordre logique des onglets<br\/>&#8211; Prise en charge des lecteurs d&rsquo;\u00e9cran<br\/>&#8211; Conception adapt\u00e9e aux mobiles<br\/>&#8211; Contraste \u00e9lev\u00e9 et taille des polices lisibles<br\/>&#8211; Prise en charge multilingue \u00e0 l&rsquo;aide d&rsquo;options de langue accessibles<\/p>\n<\/div><div class=\"site-padding\">\n<p><strong>3. Documents t\u00e9l\u00e9chargeables<\/strong><\/p>\n<\/div><div class=\"site-padding\">\n<p>La plupart des documents t\u00e9l\u00e9chargeables sont fournis dans des formats accessibles (par exemple, HTML ou TXT). Si un document n&rsquo;est pas accessible, nous vous fournirons une alternative sur demande. <\/p>\n<\/div><div class=\"site-padding\">\n<p><strong>4. Limites et probl\u00e8mes connus<\/strong><\/p>\n<\/div><div class=\"site-padding\">\n<p>Bien que nous visions une accessibilit\u00e9 totale, il se peut que certains contenus anciens ou outils de tiers ne soient pas encore totalement conformes. Nous travaillons activement \u00e0 la r\u00e9solution de ces probl\u00e8mes. <\/p>\n<\/div><div class=\"site-padding\">\n<p><strong>5. Demande de formats accessibles<\/strong><\/p>\n<\/div><div class=\"site-padding\">\n<p>Si vous avez besoin d&rsquo;informations sur ce site web dans un autre format, par exemple en gros caract\u00e8res, en lecture facile, en enregistrement audio ou en braille, veuillez nous contacter \u00e0 l&rsquo;adresse suivante :<br\/>Email : info@europeanlung.org<br\/>Tel : +32 2 238 53 60<\/p>\n<\/div><div class=\"site-padding\">\n<p><strong>6. Retour d&rsquo;information et contact<\/strong><\/p>\n<\/div><div class=\"site-padding\">\n<p>Nous vous invitons \u00e0 nous faire part de vos commentaires sur l&rsquo;accessibilit\u00e9 du Knowledge Hub. N&rsquo;h\u00e9sitez pas \u00e0 nous contacter si vous rencontrez des probl\u00e8mes ou si vous avez des suggestions d&rsquo;am\u00e9lioration. <\/p>\n<\/div><div class=\"site-padding\">\n<p><strong>7. D\u00e9claration de conformit\u00e9<\/strong><\/p>\n<\/div><div class=\"site-padding\">\n<p>Ce site web est partiellement conforme aux WCAG 2.1 AA en raison des non-conformit\u00e9s et des exemptions \u00e9num\u00e9r\u00e9es ci-dessus. Nous nous engageons \u00e0 nous am\u00e9liorer continuellement. <\/p>\n<\/div><div class=\"site-padding\">\n<p><br\/><\/p>\n<\/div>","protected":false},"excerpt":{"rendered":"<p>Le centre de connaissances SOLACE (hub.solacelung.eu), g\u00e9r\u00e9 par Lungs Europe, s&rsquo;engage \u00e0 garantir l&rsquo;accessibilit\u00e9 num\u00e9rique \u00e0 tous les utilisateurs, ind\u00e9pendamment de leurs capacit\u00e9s ou de leur technologie. 1. Normes d&rsquo;accessibilit\u00e9 Ce site web est con\u00e7u pour r\u00e9pondre aux lignes directrices pour l&rsquo;accessibilit\u00e9 des contenus web (WCAG) 2.1 niveau AA et fait l&rsquo;objet d&rsquo;un examen r\u00e9gulier [&hellip;]<\/p>\n","protected":false},"author":1,"featured_media":0,"parent":0,"menu_order":0,"comment_status":"closed","ping_status":"closed","template":"","meta":{"_acf_changed":false,"footnotes":""},"class_list":["post-1538","page","type-page","status-publish","hentry"],"acf":[],"yoast_head":"<!-- This site is optimized with the Yoast SEO plugin v25.9 - https:\/\/yoast.com\/wordpress\/plugins\/seo\/ -->\n<title>Accessibilit\u00e9 - Solace<\/title>\n<meta name=\"description\" content=\"D\u00e9couvrez comment Kolab allie cr\u00e9ativit\u00e9 et technologie pour concevoir et d\u00e9velopper des solutions num\u00e9riques pertinentes. Bas\u00e9 \u00e0 Sheffield, Kolab est pr\u00e9sent dans le monde entier.\" \/>\n<meta name=\"robots\" content=\"index, follow, max-snippet:-1, max-image-preview:large, max-video-preview:-1\" \/>\n<link rel=\"canonical\" href=\"https:\/\/hub.solacelung.eu\/fr\/accessibilite\/\" \/>\n<meta property=\"og:locale\" content=\"fr_FR\" \/>\n<meta property=\"og:type\" content=\"article\" \/>\n<meta property=\"og:title\" content=\"Accessibilit\u00e9 - Solace\" \/>\n<meta property=\"og:description\" content=\"D\u00e9couvrez comment Kolab allie cr\u00e9ativit\u00e9 et technologie pour concevoir et d\u00e9velopper des solutions num\u00e9riques pertinentes. Bas\u00e9 \u00e0 Sheffield, Kolab est pr\u00e9sent dans le monde entier.\" \/>\n<meta property=\"og:url\" content=\"https:\/\/hub.solacelung.eu\/fr\/accessibilite\/\" \/>\n<meta property=\"og:site_name\" content=\"Solace\" \/>\n<meta property=\"article:modified_time\" content=\"2025-10-14T16:33:01+00:00\" \/>\n<meta property=\"og:image\" content=\"https:\/\/hub.solacelung.eu\/wp-content\/uploads\/2025\/08\/shutterstock_1998552674.jpg\" \/>\n\t<meta property=\"og:image:width\" content=\"1000\" \/>\n\t<meta property=\"og:image:height\" content=\"667\" \/>\n\t<meta property=\"og:image:type\" content=\"image\/jpeg\" \/>\n<meta name=\"twitter:card\" content=\"summary_large_image\" \/>\n<meta name=\"twitter:label1\" content=\"Dur\u00e9e de lecture estim\u00e9e\" \/>\n\t<meta name=\"twitter:data1\" content=\"2 minutes\" \/>\n<script type=\"application\/ld+json\" class=\"yoast-schema-graph\">{\"@context\":\"https:\/\/schema.org\",\"@graph\":[{\"@type\":\"WebPage\",\"@id\":\"https:\/\/hub.solacelung.eu\/fr\/accessibilite\/\",\"url\":\"https:\/\/hub.solacelung.eu\/fr\/accessibilite\/\",\"name\":\"Accessibilit\u00e9 - Solace\",\"isPartOf\":{\"@id\":\"https:\/\/hub.solacelung.eu\/fr\/#website\"},\"datePublished\":\"2024-12-10T16:58:59+00:00\",\"dateModified\":\"2025-10-14T16:33:01+00:00\",\"description\":\"D\u00e9couvrez comment Kolab allie cr\u00e9ativit\u00e9 et technologie pour concevoir et d\u00e9velopper des solutions num\u00e9riques pertinentes. Bas\u00e9 \u00e0 Sheffield, Kolab est pr\u00e9sent dans le monde entier.\",\"breadcrumb\":{\"@id\":\"https:\/\/hub.solacelung.eu\/fr\/accessibilite\/#breadcrumb\"},\"inLanguage\":\"fr-FR\",\"potentialAction\":[{\"@type\":\"ReadAction\",\"target\":[\"https:\/\/hub.solacelung.eu\/fr\/accessibilite\/\"]}]},{\"@type\":\"BreadcrumbList\",\"@id\":\"https:\/\/hub.solacelung.eu\/fr\/accessibilite\/#breadcrumb\",\"itemListElement\":[{\"@type\":\"ListItem\",\"position\":1,\"name\":\"Home\",\"item\":\"https:\/\/hub.solacelung.eu\/fr\/\"},{\"@type\":\"ListItem\",\"position\":2,\"name\":\"Accessibilit\u00e9\"}]},{\"@type\":\"WebSite\",\"@id\":\"https:\/\/hub.solacelung.eu\/fr\/#website\",\"url\":\"https:\/\/hub.solacelung.eu\/fr\/\",\"name\":\"Solace\",\"description\":\"Solace\",\"publisher\":{\"@id\":\"https:\/\/hub.solacelung.eu\/fr\/#organization\"},\"potentialAction\":[{\"@type\":\"SearchAction\",\"target\":{\"@type\":\"EntryPoint\",\"urlTemplate\":\"https:\/\/hub.solacelung.eu\/fr\/?s={search_term_string}\"},\"query-input\":{\"@type\":\"PropertyValueSpecification\",\"valueRequired\":true,\"valueName\":\"search_term_string\"}}],\"inLanguage\":\"fr-FR\"},{\"@type\":\"Organization\",\"@id\":\"https:\/\/hub.solacelung.eu\/fr\/#organization\",\"name\":\"Solace\",\"url\":\"https:\/\/hub.solacelung.eu\/fr\/\",\"logo\":{\"@type\":\"ImageObject\",\"inLanguage\":\"fr-FR\",\"@id\":\"https:\/\/hub.solacelung.eu\/fr\/#\/schema\/logo\/image\/\",\"url\":\"\",\"contentUrl\":\"\",\"caption\":\"Solace\"},\"image\":{\"@id\":\"https:\/\/hub.solacelung.eu\/fr\/#\/schema\/logo\/image\/\"},\"sameAs\":[\"https:\/\/www.linkedin.com\/company\/105992869\/admin\/dashboard\/\"]}]}<\/script>\n<!-- \/ Yoast SEO plugin. -->","yoast_head_json":{"title":"Accessibilit\u00e9 - Solace","description":"D\u00e9couvrez comment Kolab allie cr\u00e9ativit\u00e9 et technologie pour concevoir et d\u00e9velopper des solutions num\u00e9riques pertinentes. Bas\u00e9 \u00e0 Sheffield, Kolab est pr\u00e9sent dans le monde entier.","robots":{"index":"index","follow":"follow","max-snippet":"max-snippet:-1","max-image-preview":"max-image-preview:large","max-video-preview":"max-video-preview:-1"},"canonical":"https:\/\/hub.solacelung.eu\/fr\/accessibilite\/","og_locale":"fr_FR","og_type":"article","og_title":"Accessibilit\u00e9 - Solace","og_description":"D\u00e9couvrez comment Kolab allie cr\u00e9ativit\u00e9 et technologie pour concevoir et d\u00e9velopper des solutions num\u00e9riques pertinentes. Bas\u00e9 \u00e0 Sheffield, Kolab est pr\u00e9sent dans le monde entier.","og_url":"https:\/\/hub.solacelung.eu\/fr\/accessibilite\/","og_site_name":"Solace","article_modified_time":"2025-10-14T16:33:01+00:00","og_image":[{"width":1000,"height":667,"url":"https:\/\/hub.solacelung.eu\/wp-content\/uploads\/2025\/08\/shutterstock_1998552674.jpg","type":"image\/jpeg"}],"twitter_card":"summary_large_image","twitter_misc":{"Dur\u00e9e de lecture estim\u00e9e":"2 minutes"},"schema":{"@context":"https:\/\/schema.org","@graph":[{"@type":"WebPage","@id":"https:\/\/hub.solacelung.eu\/fr\/accessibilite\/","url":"https:\/\/hub.solacelung.eu\/fr\/accessibilite\/","name":"Accessibilit\u00e9 - Solace","isPartOf":{"@id":"https:\/\/hub.solacelung.eu\/fr\/#website"},"datePublished":"2024-12-10T16:58:59+00:00","dateModified":"2025-10-14T16:33:01+00:00","description":"D\u00e9couvrez comment Kolab allie cr\u00e9ativit\u00e9 et technologie pour concevoir et d\u00e9velopper des solutions num\u00e9riques pertinentes. Bas\u00e9 \u00e0 Sheffield, Kolab est pr\u00e9sent dans le monde entier.","breadcrumb":{"@id":"https:\/\/hub.solacelung.eu\/fr\/accessibilite\/#breadcrumb"},"inLanguage":"fr-FR","potentialAction":[{"@type":"ReadAction","target":["https:\/\/hub.solacelung.eu\/fr\/accessibilite\/"]}]},{"@type":"BreadcrumbList","@id":"https:\/\/hub.solacelung.eu\/fr\/accessibilite\/#breadcrumb","itemListElement":[{"@type":"ListItem","position":1,"name":"Home","item":"https:\/\/hub.solacelung.eu\/fr\/"},{"@type":"ListItem","position":2,"name":"Accessibilit\u00e9"}]},{"@type":"WebSite","@id":"https:\/\/hub.solacelung.eu\/fr\/#website","url":"https:\/\/hub.solacelung.eu\/fr\/","name":"Solace","description":"Solace","publisher":{"@id":"https:\/\/hub.solacelung.eu\/fr\/#organization"},"potentialAction":[{"@type":"SearchAction","target":{"@type":"EntryPoint","urlTemplate":"https:\/\/hub.solacelung.eu\/fr\/?s={search_term_string}"},"query-input":{"@type":"PropertyValueSpecification","valueRequired":true,"valueName":"search_term_string"}}],"inLanguage":"fr-FR"},{"@type":"Organization","@id":"https:\/\/hub.solacelung.eu\/fr\/#organization","name":"Solace","url":"https:\/\/hub.solacelung.eu\/fr\/","logo":{"@type":"ImageObject","inLanguage":"fr-FR","@id":"https:\/\/hub.solacelung.eu\/fr\/#\/schema\/logo\/image\/","url":"","contentUrl":"","caption":"Solace"},"image":{"@id":"https:\/\/hub.solacelung.eu\/fr\/#\/schema\/logo\/image\/"},"sameAs":["https:\/\/www.linkedin.com\/company\/105992869\/admin\/dashboard\/"]}]}},"_links":{"self":[{"href":"https:\/\/hub.solacelung.eu\/fr\/wp-json\/wp\/v2\/pages\/1538","targetHints":{"allow":["GET"]}}],"collection":[{"href":"https:\/\/hub.solacelung.eu\/fr\/wp-json\/wp\/v2\/pages"}],"about":[{"href":"https:\/\/hub.solacelung.eu\/fr\/wp-json\/wp\/v2\/types\/page"}],"author":[{"embeddable":true,"href":"https:\/\/hub.solacelung.eu\/fr\/wp-json\/wp\/v2\/users\/1"}],"replies":[{"embeddable":true,"href":"https:\/\/hub.solacelung.eu\/fr\/wp-json\/wp\/v2\/comments?post=1538"}],"version-history":[{"count":1,"href":"https:\/\/hub.solacelung.eu\/fr\/wp-json\/wp\/v2\/pages\/1538\/revisions"}],"predecessor-version":[{"id":1539,"href":"https:\/\/hub.solacelung.eu\/fr\/wp-json\/wp\/v2\/pages\/1538\/revisions\/1539"}],"wp:attachment":[{"href":"https:\/\/hub.solacelung.eu\/fr\/wp-json\/wp\/v2\/media?parent=1538"}],"curies":[{"name":"wp","href":"https:\/\/api.w.org\/{rel}","templated":true}]}}