{"id":1665,"date":"2025-09-14T17:21:02","date_gmt":"2025-09-14T16:21:02","guid":{"rendered":"https:\/\/hub.solacelung.eu\/zasady-ochrany-osobnich-udaju\/"},"modified":"2025-10-14T17:36:05","modified_gmt":"2025-10-14T16:36:05","slug":"zasady-ochrany-osobnich-udaju","status":"publish","type":"page","link":"https:\/\/hub.solacelung.eu\/cs\/zasady-ochrany-osobnich-udaju\/","title":{"rendered":"Z\u00e1sady ochrany osobn\u00edch \u00fadaj\u016f"},"content":{"rendered":"<div class=\"site-padding\">\n<p>Spole\u010dnost Lungs Europe se zavazuje chr\u00e1nit va\u0161e soukrom\u00ed. Tyto z\u00e1sady ochrany osobn\u00edch \u00fadaj\u016f vysv\u011btluj\u00ed, jak shroma\u017e\u010fujeme, pou\u017e\u00edv\u00e1me a chr\u00e1n\u00edme va\u0161e osobn\u00ed \u00fadaje p\u0159i n\u00e1v\u0161t\u011bv\u011b webu hub.solacelung.eu (&#8222;znalostn\u00ed centrum&#8220;). <\/p>\n<\/div><div class=\"site-padding\">\n<p>Spole\u010dnost Lungs Europe vystupuje jako jedin\u00fd spr\u00e1vce \u00fadaj\u016f znalostn\u00edho centra.<\/p>\n<\/div><div class=\"site-padding\">\n<p>Kontakt:<br\/>Lungs Europe<br\/>Tel: +32 2 238 53 60<br\/>E-mail: info@europeanlung.org<br\/>S\u00eddlo spole\u010dnosti: Rue du Congr\u00e8s 35, 1000 Brusel, Belgie<\/p>\n<\/div><div class=\"site-padding\">\n<p><strong>1. Jak\u00e9 \u00fadaje shroma\u017e\u010fujeme a pro\u010d<\/strong><\/p>\n<\/div><div class=\"site-padding\">\n<p>a. Anal\u00fdza webov\u00fdch str\u00e1nek: Sb\u00edr\u00e1me technick\u00e9 \u00fadaje (IP, prohl\u00ed\u017ee\u010d atd.), abychom mohli str\u00e1nky vylep\u0161ovat. Pr\u00e1vn\u00ed z\u00e1klad: Opr\u00e1vn\u011bn\u00fd z\u00e1jem.  <\/p>\n<\/div><div class=\"site-padding\">\n<p>b. Kontaktn\u00ed formul\u00e1\u0159 nebo e-mail: Zpracov\u00e1v\u00e1me va\u0161e jm\u00e9no, e-mail a zpr\u00e1vu, abychom mohli odpov\u011bd\u011bt na va\u0161e dotazy. Pr\u00e1vn\u00ed z\u00e1klad: Opr\u00e1vn\u011bn\u00fd z\u00e1jem.  <\/p>\n<\/div><div class=\"site-padding\">\n<p>Pozn\u00e1mka: Kontaktov\u00e1n\u00edm spole\u010dnosti EIBIR se tato spole\u010dnost st\u00e1v\u00e1 spr\u00e1vcem va\u0161ich \u00fadaj\u016f.<\/p>\n<\/div><div class=\"site-padding\">\n<p>c. P\u0159edplatn\u00e9 zpravodaje: Shroma\u017e\u010fujeme jm\u00e9no, e-mail, datum\/\u010das p\u0159ihl\u00e1\u0161en\u00ed k odb\u011bru. Pr\u00e1vn\u00ed z\u00e1klad: Pr\u00e1vn\u00ed z\u00e1klad: Souhlas. Spravov\u00e1no prost\u0159ednictv\u00edm slu\u017eby Mailchimp (r\u00e1mec EU a USA pro ochranu osobn\u00edch \u00fadaj\u016f).   <\/p>\n<\/div><div class=\"site-padding\">\n<p>d. Interaktivn\u00ed n\u00e1stroje (zp\u016fsobilost a cesta): Tyto n\u00e1stroje poskytuj\u00ed pouze obecn\u00e9 informace a standardn\u011b neukl\u00e1daj\u00ed osobn\u00ed \u00fadaje. <\/p>\n<\/div><div class=\"site-padding\">\n<p><strong>2. Soubory cookie a sledov\u00e1n\u00ed<\/strong><\/p>\n<\/div><div class=\"site-padding\">\n<p>Vy\u017eaduj\u00ed se z\u00e1kladn\u00ed soubory cookie. Analytick\u00e9 soubory cookie (GA4) vy\u017eaduj\u00ed souhlas. Spr\u00e1va prost\u0159ednictv\u00edm banneru se soubory cookie nebo dopl\u0148ku prohl\u00ed\u017ee\u010de.  <\/p>\n<\/div><div class=\"site-padding\">\n<p><strong>3. Jak dlouho va\u0161e \u00fadaje uchov\u00e1v\u00e1me<\/strong><\/p>\n<\/div><div class=\"site-padding\">\n<p>&#8211; Analytika:<br\/> Kontaktn\u00ed e-maily: 5 let<br\/>&#8211; Newsletter: Interaktivn\u00ed n\u00e1stroje: do odhl\u00e1\u0161en\u00ed nebo 18 m\u011bs\u00edc\u016f ne\u010dinnosti<br\/>&#8211; Interaktivn\u00ed n\u00e1stroje: Neuchov\u00e1vaj\u00ed se, pokud nejsou odesl\u00e1ny<\/p>\n<\/div><div class=\"site-padding\">\n<p><strong>4. Va\u0161e pr\u00e1va<\/strong><\/p>\n<\/div><div class=\"site-padding\">\n<p>Ke sv\u00fdm \u00fadaj\u016fm m\u016f\u017eete p\u0159istupovat, opravovat je, mazat nebo je omezovat. Chcete-li uplatnit sv\u00e1 pr\u00e1va, kontaktujte info@europeanlung.org. <\/p>\n<\/div><div class=\"site-padding\">\n<p><strong>5. Sd\u00edlen\u00ed dat<\/strong><\/p>\n<\/div><div class=\"site-padding\">\n<p>Sd\u00edleno pouze se slu\u017ebou Mailchimp a Google Analytics. \u017d\u00e1dn\u00e9 prodeje t\u0159et\u00edch stran. <\/p>\n<\/div><div class=\"site-padding\">\n<p><strong>6. Extern\u00ed odkazy<\/strong><\/p>\n<\/div><div class=\"site-padding\">\n<p>Nejsme zodpov\u011bdn\u00ed za postupy ochrany osobn\u00edch \u00fadaj\u016f nebo obsah extern\u00edch webov\u00fdch str\u00e1nek.<\/p>\n<\/div>","protected":false},"excerpt":{"rendered":"<p>Spole\u010dnost Lungs Europe se zavazuje chr\u00e1nit va\u0161e soukrom\u00ed. Tyto z\u00e1sady ochrany osobn\u00edch \u00fadaj\u016f vysv\u011btluj\u00ed, jak shroma\u017e\u010fujeme, pou\u017e\u00edv\u00e1me a chr\u00e1n\u00edme va\u0161e osobn\u00ed \u00fadaje p\u0159i n\u00e1v\u0161t\u011bv\u011b webu hub.solacelung.eu (&#8222;znalostn\u00ed centrum&#8220;). Spole\u010dnost Lungs Europe vystupuje jako jedin\u00fd spr\u00e1vce \u00fadaj\u016f znalostn\u00edho centra. Kontakt:Lungs EuropeTel: +32 2 238 53 60E-mail: info@europeanlung.orgS\u00eddlo spole\u010dnosti: Rue du Congr\u00e8s 35, 1000 Brusel, Belgie 1. [&hellip;]<\/p>\n","protected":false},"author":1,"featured_media":0,"parent":0,"menu_order":0,"comment_status":"closed","ping_status":"closed","template":"","meta":{"_acf_changed":false,"footnotes":""},"class_list":["post-1665","page","type-page","status-publish","hentry"],"acf":[],"yoast_head":"<!-- This site is optimized with the Yoast SEO plugin v25.9 - https:\/\/yoast.com\/wordpress\/plugins\/seo\/ -->\n<title>Z\u00e1sady ochrany osobn\u00edch \u00fadaj\u016f - Solace<\/title>\n<meta name=\"description\" content=\"SOLACE Knowledge Hub - The lung cancer screening resource for the public and professionals.\" \/>\n<meta name=\"robots\" content=\"index, follow, max-snippet:-1, max-image-preview:large, max-video-preview:-1\" \/>\n<link rel=\"canonical\" href=\"https:\/\/hub.solacelung.eu\/cs\/zasady-ochrany-osobnich-udaju\/\" \/>\n<meta property=\"og:locale\" content=\"cs_CZ\" \/>\n<meta property=\"og:type\" content=\"article\" \/>\n<meta property=\"og:title\" content=\"Z\u00e1sady ochrany osobn\u00edch \u00fadaj\u016f - Solace\" \/>\n<meta property=\"og:description\" content=\"SOLACE Knowledge Hub - The lung cancer screening resource for the public and professionals.\" \/>\n<meta property=\"og:url\" content=\"https:\/\/hub.solacelung.eu\/cs\/zasady-ochrany-osobnich-udaju\/\" \/>\n<meta property=\"og:site_name\" content=\"Solace\" \/>\n<meta property=\"article:modified_time\" content=\"2025-10-14T16:36:05+00:00\" \/>\n<meta property=\"og:image\" content=\"https:\/\/hub.solacelung.eu\/wp-content\/uploads\/2025\/08\/shutterstock_1998552674.jpg\" \/>\n\t<meta property=\"og:image:width\" content=\"1000\" \/>\n\t<meta property=\"og:image:height\" content=\"667\" \/>\n\t<meta property=\"og:image:type\" content=\"image\/jpeg\" \/>\n<meta name=\"twitter:card\" content=\"summary_large_image\" \/>\n<meta name=\"twitter:label1\" content=\"Odhadovan\u00e1 doba \u010dten\u00ed\" \/>\n\t<meta name=\"twitter:data1\" content=\"2 minuta\" \/>\n<script type=\"application\/ld+json\" class=\"yoast-schema-graph\">{\"@context\":\"https:\/\/schema.org\",\"@graph\":[{\"@type\":\"WebPage\",\"@id\":\"https:\/\/hub.solacelung.eu\/cs\/zasady-ochrany-osobnich-udaju\/\",\"url\":\"https:\/\/hub.solacelung.eu\/cs\/zasady-ochrany-osobnich-udaju\/\",\"name\":\"Z\u00e1sady ochrany osobn\u00edch \u00fadaj\u016f - Solace\",\"isPartOf\":{\"@id\":\"https:\/\/hub.solacelung.eu\/cs\/#website\"},\"datePublished\":\"2025-09-14T16:21:02+00:00\",\"dateModified\":\"2025-10-14T16:36:05+00:00\",\"description\":\"SOLACE Knowledge Hub - The lung cancer screening resource for the public and professionals.\",\"breadcrumb\":{\"@id\":\"https:\/\/hub.solacelung.eu\/cs\/zasady-ochrany-osobnich-udaju\/#breadcrumb\"},\"inLanguage\":\"cs\",\"potentialAction\":[{\"@type\":\"ReadAction\",\"target\":[\"https:\/\/hub.solacelung.eu\/cs\/zasady-ochrany-osobnich-udaju\/\"]}]},{\"@type\":\"BreadcrumbList\",\"@id\":\"https:\/\/hub.solacelung.eu\/cs\/zasady-ochrany-osobnich-udaju\/#breadcrumb\",\"itemListElement\":[{\"@type\":\"ListItem\",\"position\":1,\"name\":\"Home\",\"item\":\"https:\/\/hub.solacelung.eu\/cs\/\"},{\"@type\":\"ListItem\",\"position\":2,\"name\":\"Z\u00e1sady ochrany osobn\u00edch \u00fadaj\u016f\"}]},{\"@type\":\"WebSite\",\"@id\":\"https:\/\/hub.solacelung.eu\/cs\/#website\",\"url\":\"https:\/\/hub.solacelung.eu\/cs\/\",\"name\":\"Solace\",\"description\":\"Solace\",\"publisher\":{\"@id\":\"https:\/\/hub.solacelung.eu\/cs\/#organization\"},\"potentialAction\":[{\"@type\":\"SearchAction\",\"target\":{\"@type\":\"EntryPoint\",\"urlTemplate\":\"https:\/\/hub.solacelung.eu\/cs\/?s={search_term_string}\"},\"query-input\":{\"@type\":\"PropertyValueSpecification\",\"valueRequired\":true,\"valueName\":\"search_term_string\"}}],\"inLanguage\":\"cs\"},{\"@type\":\"Organization\",\"@id\":\"https:\/\/hub.solacelung.eu\/cs\/#organization\",\"name\":\"Solace\",\"url\":\"https:\/\/hub.solacelung.eu\/cs\/\",\"logo\":{\"@type\":\"ImageObject\",\"inLanguage\":\"cs\",\"@id\":\"https:\/\/hub.solacelung.eu\/cs\/#\/schema\/logo\/image\/\",\"url\":\"\",\"contentUrl\":\"\",\"caption\":\"Solace\"},\"image\":{\"@id\":\"https:\/\/hub.solacelung.eu\/cs\/#\/schema\/logo\/image\/\"},\"sameAs\":[\"https:\/\/www.linkedin.com\/company\/105992869\/admin\/dashboard\/\"]}]}<\/script>\n<!-- \/ Yoast SEO plugin. -->","yoast_head_json":{"title":"Z\u00e1sady ochrany osobn\u00edch \u00fadaj\u016f - Solace","description":"SOLACE Knowledge Hub - The lung cancer screening resource for the public and professionals.","robots":{"index":"index","follow":"follow","max-snippet":"max-snippet:-1","max-image-preview":"max-image-preview:large","max-video-preview":"max-video-preview:-1"},"canonical":"https:\/\/hub.solacelung.eu\/cs\/zasady-ochrany-osobnich-udaju\/","og_locale":"cs_CZ","og_type":"article","og_title":"Z\u00e1sady ochrany osobn\u00edch \u00fadaj\u016f - Solace","og_description":"SOLACE Knowledge Hub - The lung cancer screening resource for the public and professionals.","og_url":"https:\/\/hub.solacelung.eu\/cs\/zasady-ochrany-osobnich-udaju\/","og_site_name":"Solace","article_modified_time":"2025-10-14T16:36:05+00:00","og_image":[{"width":1000,"height":667,"url":"https:\/\/hub.solacelung.eu\/wp-content\/uploads\/2025\/08\/shutterstock_1998552674.jpg","type":"image\/jpeg"}],"twitter_card":"summary_large_image","twitter_misc":{"Odhadovan\u00e1 doba \u010dten\u00ed":"2 minuta"},"schema":{"@context":"https:\/\/schema.org","@graph":[{"@type":"WebPage","@id":"https:\/\/hub.solacelung.eu\/cs\/zasady-ochrany-osobnich-udaju\/","url":"https:\/\/hub.solacelung.eu\/cs\/zasady-ochrany-osobnich-udaju\/","name":"Z\u00e1sady ochrany osobn\u00edch \u00fadaj\u016f - Solace","isPartOf":{"@id":"https:\/\/hub.solacelung.eu\/cs\/#website"},"datePublished":"2025-09-14T16:21:02+00:00","dateModified":"2025-10-14T16:36:05+00:00","description":"SOLACE Knowledge Hub - The lung cancer screening resource for the public and professionals.","breadcrumb":{"@id":"https:\/\/hub.solacelung.eu\/cs\/zasady-ochrany-osobnich-udaju\/#breadcrumb"},"inLanguage":"cs","potentialAction":[{"@type":"ReadAction","target":["https:\/\/hub.solacelung.eu\/cs\/zasady-ochrany-osobnich-udaju\/"]}]},{"@type":"BreadcrumbList","@id":"https:\/\/hub.solacelung.eu\/cs\/zasady-ochrany-osobnich-udaju\/#breadcrumb","itemListElement":[{"@type":"ListItem","position":1,"name":"Home","item":"https:\/\/hub.solacelung.eu\/cs\/"},{"@type":"ListItem","position":2,"name":"Z\u00e1sady ochrany osobn\u00edch \u00fadaj\u016f"}]},{"@type":"WebSite","@id":"https:\/\/hub.solacelung.eu\/cs\/#website","url":"https:\/\/hub.solacelung.eu\/cs\/","name":"Solace","description":"Solace","publisher":{"@id":"https:\/\/hub.solacelung.eu\/cs\/#organization"},"potentialAction":[{"@type":"SearchAction","target":{"@type":"EntryPoint","urlTemplate":"https:\/\/hub.solacelung.eu\/cs\/?s={search_term_string}"},"query-input":{"@type":"PropertyValueSpecification","valueRequired":true,"valueName":"search_term_string"}}],"inLanguage":"cs"},{"@type":"Organization","@id":"https:\/\/hub.solacelung.eu\/cs\/#organization","name":"Solace","url":"https:\/\/hub.solacelung.eu\/cs\/","logo":{"@type":"ImageObject","inLanguage":"cs","@id":"https:\/\/hub.solacelung.eu\/cs\/#\/schema\/logo\/image\/","url":"","contentUrl":"","caption":"Solace"},"image":{"@id":"https:\/\/hub.solacelung.eu\/cs\/#\/schema\/logo\/image\/"},"sameAs":["https:\/\/www.linkedin.com\/company\/105992869\/admin\/dashboard\/"]}]}},"_links":{"self":[{"href":"https:\/\/hub.solacelung.eu\/cs\/wp-json\/wp\/v2\/pages\/1665","targetHints":{"allow":["GET"]}}],"collection":[{"href":"https:\/\/hub.solacelung.eu\/cs\/wp-json\/wp\/v2\/pages"}],"about":[{"href":"https:\/\/hub.solacelung.eu\/cs\/wp-json\/wp\/v2\/types\/page"}],"author":[{"embeddable":true,"href":"https:\/\/hub.solacelung.eu\/cs\/wp-json\/wp\/v2\/users\/1"}],"replies":[{"embeddable":true,"href":"https:\/\/hub.solacelung.eu\/cs\/wp-json\/wp\/v2\/comments?post=1665"}],"version-history":[{"count":1,"href":"https:\/\/hub.solacelung.eu\/cs\/wp-json\/wp\/v2\/pages\/1665\/revisions"}],"predecessor-version":[{"id":1666,"href":"https:\/\/hub.solacelung.eu\/cs\/wp-json\/wp\/v2\/pages\/1665\/revisions\/1666"}],"wp:attachment":[{"href":"https:\/\/hub.solacelung.eu\/cs\/wp-json\/wp\/v2\/media?parent=1665"}],"curies":[{"name":"wp","href":"https:\/\/api.w.org\/{rel}","templated":true}]}}